{"id":14751,"date":"2021-07-19T10:55:59","date_gmt":"2021-07-19T08:55:59","guid":{"rendered":"https:\/\/baselle.com\/?post_type=product&#038;p=14751"},"modified":"2021-09-30T08:35:03","modified_gmt":"2021-09-30T06:35:03","slug":"chanel-chevron-flap-bag-leder-handtasche-schwarz-14751","status":"publish","type":"product","link":"https:\/\/baselle.com\/en\/product\/chanel-chevron-flap-bag-leder-handtasche-schwarz-14751\/","title":{"rendered":"CHANEL Chevron Flap Bag"},"content":{"rendered":"<p>\n<strong>CHANEL Chevron Flap Bag Leder Handtasche Beschreibung<\/strong><\/p>\n<p>Diese originale CHANEL Chevron Flap Bag Leder Handtasche ist eine aufwendig verarbeitete Handtasche im zeitlosen Stil von Chanel. Der Rahmen hebt das Chevron-Stitching bei diesem Modell besonders hervor. Diese Flap Bag ist aus geschmeidigem Lammleder in Schwarz gefertigt und verf\u00fcgt \u00fcber einen gewebten Kettenriemen, ein CC-Magnet-Verschluss sowie goldfarbene Hardware Akzente. <\/p>\n<p>Der CC-Magnet-Verschluss \u00f6ffnet sich zu einem schwarzen Innenfutter mit einem Steckfach und ein Rei\u00dfverschlussfach. Die CHANEL Chevron Flap Bag Handtasche kann als Schultertasche sowie diagonal am K\u00f6rper getragen werden, so dass maximaler Tragekomfort garantiert ist.\n<\/p>\n<p>\n<strong>Mint condition<\/strong><br \/>\nDiese CHANEL Chevron Flap Bag Leder Handtasche aus zweiter Hand ist in einem neuwertigen Zustand. Dementsprechend sind das Leder sowie die goldfarbene Hardware in einem einwandfreien Zustand. Die Hardware ist noch mit ihrer Schutzfolie versehen. Auch das Tascheninnere ist sauber, ohne Ger\u00fcche und weist keine L\u00f6cher\/Risse auf.\n<\/p>\n<p>\n<strong>Style:<\/strong> Shoulder bag, clutch, crossbody<br \/>\n<strong>Size:<\/strong> Medium<br \/>\n<strong>Dimensions (approx.):<\/strong> Breite 22 cm * H\u00f6he 14 cm * Tiefe 8,5 cm<br \/>\n<strong>Shoulder strap (approx.):<\/strong> einfach = 117 cm, doppelt = 70 cm\n<\/p>\n<p>\n<strong>Exterior material:<\/strong> Lambskin leather<br \/>\n<strong>Interior Material<\/strong> fabric lining\n<\/p>\n<p>The pictures represent the offered bag. The picture rights are held by MyLovelyBoutique.com. <\/p>\n<p>Follow us on <a href=\"https:\/\/www.instagram.com\/mylovelyboutique.de\/\" rel=\"noopener noreferrer\" target=\"_blank\"><span style=\"color: #96588a;\">Instagram<\/span><\/a> and get inspired. <\/p>","protected":false},"excerpt":{"rendered":"<table class=\"mlb-product-details\">\n<tbody>\n<tr>\n<td class=\"mlb-details-caption\">Model<\/td>\n<td class=\"mlb-details-value\">Chevron Flap Bag<\/td>\n<\/tr>\n<tr>\n<td class=\"mlb-details-caption\">Colour<\/td>\n<td class=\"mlb-details-value\">Black<\/td>\n<\/tr>\n<tr>\n<td class=\"mlb-details-caption\">Hardware<\/td>\n<td class=\"mlb-details-value\">Light gold<\/td>\n<\/tr>\n<tr>\n<td class=\"mlb-details-caption\">Year<\/td>\n<td class=\"mlb-details-value\">2019<\/td>\n<\/tr>\n<tr>\n<td class=\"mlb-details-caption\">Accessoires<\/td>\n<td class=\"mlb-details-value\">Invoice, box, dustbag, authenticity card, serialnumber with hologram<\/td>\n<\/tr>\n<tr>\n<td class=\"mlb-details-caption\">Condition<\/td>\n<td class=\"mlb-details-value\">Mint condition<\/td>\n<\/tr>\n<\/tbody>\n<\/table>","protected":false},"featured_media":14754,"template":"","meta":[],"product_brand":[],"product_cat":[1430,87,154,85,99],"product_tag":[],"class_list":{"0":"post-14751","1":"product","2":"type-product","3":"status-publish","4":"has-post-thumbnail","6":"product_cat-chanel","7":"product_cat-crossbodytaschen","8":"product_cat-designer","9":"product_cat-schultertaschen","10":"product_cat-taschen","11":"product_shipping_class-bis5000","13":"first","14":"outofstock","15":"sold-individually","16":"shipping-taxable","17":"purchasable","18":"product-type-simple"},"_links":{"self":[{"href":"https:\/\/baselle.com\/en\/wp-json\/wp\/v2\/product\/14751","targetHints":{"allow":["GET"]}}],"collection":[{"href":"https:\/\/baselle.com\/en\/wp-json\/wp\/v2\/product"}],"about":[{"href":"https:\/\/baselle.com\/en\/wp-json\/wp\/v2\/types\/product"}],"wp:featuredmedia":[{"embeddable":true,"href":"https:\/\/baselle.com\/en\/wp-json\/wp\/v2\/media\/14754"}],"wp:attachment":[{"href":"https:\/\/baselle.com\/en\/wp-json\/wp\/v2\/media?parent=14751"}],"wp:term":[{"taxonomy":"product_brand","embeddable":true,"href":"https:\/\/baselle.com\/en\/wp-json\/wp\/v2\/product_brand?post=14751"},{"taxonomy":"product_cat","embeddable":true,"href":"https:\/\/baselle.com\/en\/wp-json\/wp\/v2\/product_cat?post=14751"},{"taxonomy":"product_tag","embeddable":true,"href":"https:\/\/baselle.com\/en\/wp-json\/wp\/v2\/product_tag?post=14751"}],"curies":[{"name":"wp","href":"https:\/\/api.w.org\/{rel}","templated":true}]}}