{"id":14733,"date":"2021-05-13T20:10:53","date_gmt":"2021-05-13T18:10:53","guid":{"rendered":"https:\/\/baselle.com\/?post_type=product&#038;p=14733"},"modified":"2021-08-03T23:12:09","modified_gmt":"2021-08-03T21:12:09","slug":"chanel-raffia-jumbo-flap-bag-14733","status":"publish","type":"product","link":"https:\/\/baselle.com\/en\/product\/chanel-raffia-jumbo-flap-bag-14733\/","title":{"rendered":"CHANEL Raffia Jumbo Flap Bag"},"content":{"rendered":"<p>\n<strong>CHANEL Raffia Jumbo Flap Bag Handtasche Beschreibung<\/strong><\/p>\n<p>Diese originale CHANEL Raffia Jumbo Flap Bag Handtasche ist eine aufwendig verarbeitete Handtasche im typisch zeitlosen Stil von Chanel. In ihrer Gr\u00f6\u00dfe bietet sie genug Platz f\u00fcr alles, was &#8220;Frau&#8221; braucht und eignet sich daher perfekt f\u00fcr ausgewogene Shopping-Tage oder f\u00fcr die Arbeit. Die Timeless ist aus robustem Canvas gefertigt und verf\u00fcgt \u00fcber Stickereidetails, gewebte Kettenriemen, einem CC-Turnlock und hellgoldene Hardware-Akzente.<\/p>\n<p>Der CC-Turnlock-Verschluss \u00f6ffnet sich zu einem hellbeigen Seidenfutter, aufgeteilt in ein Hauptfach, ein Steckfach und ein Rei\u00dfverschlussfach. Am Taschenr\u00fccken befindet sich ein weiteres aufgesetztes Steckfach. Die Jumbo Single Flap Bag kann \u00fcber der Schulter sowie diagonal am K\u00f6rper getragen werden, so dass maximaler Tragekomfort garantiert ist. Eine komfortable und elegante Handtasche, die zu Chanels beliebten Klassikern z\u00e4hlt.\n<\/p>\n<p>\n<strong>Very good condition:<\/strong><br \/>\nDiese CHANEL Raffia Jumbo Flap Bag Handtasche aus zweiter Hand ist insgesamt in einem sehr guten Zustand. Die Tasche wurde selten und mit Sorgfalt getragen, weshalb das Canvas in einem sehr gepflegten Zustand ist. Das Tascheninnere ist sauber und ohne Ger\u00fcche. Die hellgoldenen Hardware-Akzente sind in einem einwandfreien Zustand.\n<\/p>\n<p>\n<strong>Style:<\/strong> Shoulder bag, crossbody<br \/>\n<strong>Size:<\/strong> Jumbo<br \/>\n<strong>Dimensions (approx.):<\/strong> Breite 30 cm * H\u00f6he 19,5 cm * Tiefe 10 cm<br \/>\n<strong>Shoulder chain:<\/strong> einfach = 125 cm, doppelt = 70 cm\n<\/p>\n<p>\n<strong>Exterior material:<\/strong> Canvas<br \/>\n<strong>Interior Material<\/strong> silk\n<\/p>\n<p>The pictures represent the offered bag. The picture rights are held by MyLovelyBoutique.com. <\/p>\n<p>Follow us on <a href=\"https:\/\/www.instagram.com\/mylovelyboutique.de\/\" rel=\"noopener noreferrer\" target=\"_blank\"><span style=\"color: #96588a;\">Instagram<\/span><\/a> and get inspired. <\/p>","protected":false},"excerpt":{"rendered":"<table class=\"mlb-product-details\">\n<tbody>\n<tr>\n<td class=\"mlb-details-caption\">Model<\/td>\n<td class=\"mlb-details-value\">Raffia Jumbo Single Flap Bag<\/td>\n<\/tr>\n<tr>\n<td class=\"mlb-details-caption\">Colour<\/td>\n<td class=\"mlb-details-value\">Beige, white<\/td>\n<\/tr>\n<tr>\n<td class=\"mlb-details-caption\">Hardware<\/td>\n<td class=\"mlb-details-value\">Light gold<\/td>\n<\/tr>\n<tr>\n<td class=\"mlb-details-caption\">Year<\/td>\n<td class=\"mlb-details-value\">2010<\/td>\n<\/tr>\n<tr>\n<td class=\"mlb-details-caption\">Accessoires<\/td>\n<td class=\"mlb-details-value\">Dustbag, authenticity card, serialnumber with hologram<\/td>\n<\/tr>\n<tr>\n<td class=\"mlb-details-caption\">Condition<\/td>\n<td class=\"mlb-details-value\">Very good condition<\/td>\n<\/tr>\n<\/tbody>\n<\/table>","protected":false},"featured_media":14736,"template":"","meta":[],"product_brand":[],"product_cat":[1430,87,154,85,99],"product_tag":[],"class_list":{"0":"post-14733","1":"product","2":"type-product","3":"status-publish","4":"has-post-thumbnail","6":"product_cat-chanel","7":"product_cat-crossbodytaschen","8":"product_cat-designer","9":"product_cat-schultertaschen","10":"product_cat-taschen","11":"product_shipping_class-bis5000","13":"first","14":"outofstock","15":"sold-individually","16":"shipping-taxable","17":"purchasable","18":"product-type-simple"},"_links":{"self":[{"href":"https:\/\/baselle.com\/en\/wp-json\/wp\/v2\/product\/14733","targetHints":{"allow":["GET"]}}],"collection":[{"href":"https:\/\/baselle.com\/en\/wp-json\/wp\/v2\/product"}],"about":[{"href":"https:\/\/baselle.com\/en\/wp-json\/wp\/v2\/types\/product"}],"wp:featuredmedia":[{"embeddable":true,"href":"https:\/\/baselle.com\/en\/wp-json\/wp\/v2\/media\/14736"}],"wp:attachment":[{"href":"https:\/\/baselle.com\/en\/wp-json\/wp\/v2\/media?parent=14733"}],"wp:term":[{"taxonomy":"product_brand","embeddable":true,"href":"https:\/\/baselle.com\/en\/wp-json\/wp\/v2\/product_brand?post=14733"},{"taxonomy":"product_cat","embeddable":true,"href":"https:\/\/baselle.com\/en\/wp-json\/wp\/v2\/product_cat?post=14733"},{"taxonomy":"product_tag","embeddable":true,"href":"https:\/\/baselle.com\/en\/wp-json\/wp\/v2\/product_tag?post=14733"}],"curies":[{"name":"wp","href":"https:\/\/api.w.org\/{rel}","templated":true}]}}