{"id":14719,"date":"2021-05-10T10:08:45","date_gmt":"2021-05-10T08:08:45","guid":{"rendered":"https:\/\/baselle.com\/?post_type=product&#038;p=14719"},"modified":"2021-06-22T21:59:10","modified_gmt":"2021-06-22T19:59:10","slug":"louis-vuitton-neonoe-love-lock-epi-schwarz-14719","status":"publish","type":"product","link":"https:\/\/baselle.com\/en\/product\/louis-vuitton-neonoe-love-lock-epi-schwarz-14719\/","title":{"rendered":"Louis Vuitton N\u00e9oNo\u00e9 Love Lock"},"content":{"rendered":"<p>\n<strong>Louis Vuitton N\u00e9oNo\u00e9 Love Lock Epi Leder Handtasche Beschreibung<\/strong><\/p>\n<p>Diese originale Louis Vuitton N\u00e9oNo\u00e9 Love Lock Epi Leder Handtasche war ein streng limitiertes Modell aus dem Jahr 2019, das sofort ausverkauft war. Sie besticht durch das Zusammenspiel aus schlichtem Schwarz und goldenen Nieten, die sofort ins Auge fallen. Die N\u00e9oNo\u00e9 ist aus genarbten Epi Rindsleder gefertigt und verf\u00fcgt \u00fcber goldfarbene Beschl\u00e4ge. <\/p>\n<p>Durch ein Zugband \u00f6ffnet sich die N\u00e9oNo\u00e9 zu einem Mikrofaserinnenfutter mit zwei Innenf\u00e4chern und einem mittleren Rei\u00dfverschlussfach. Der verstellbare Schulterriemen und der Ledergriff bieten bei diesem Modell eine vielf\u00e4ltige Tragweise, so dass maximaler Tragekomfort garantiert ist.\n<\/p>\n<p>\n<strong>Mint condition<\/strong><br \/>\nDiese Louis Vuitton N\u00e9oNo\u00e9 Love Lock Epi Leder Handtasche ist ungetragen und daher in einem neuwertigen Zustand. Das genarbte Rindsleder, die goldfarbenen Beschl\u00e4ge sowie das Innenfutter sind in einem einwandfreien Zustand.\n<\/p>\n<p>\n<strong>Style:<\/strong> Schultertasche, Crossbody, Handtasche<br \/>\n<strong>Size:<\/strong> MM<br \/>\n<strong>Dimensions (approx.):<\/strong> width 26 cm * height 26 cm * depth 17,5 cm\n<\/p>\n<p>\n<strong>Exterior material:<\/strong> Genarbtes Epi Rindsleder<br \/>\n<strong>Interior Material<\/strong> microfibre lining\n<\/p>\n<p>The pictures represent the offered bag. The picture rights are held by MyLovelyBoutique.com.<\/p>\n<p>Follow us on <a href=\"https:\/\/www.instagram.com\/mylovelyboutique.de\/\" rel=\"noopener noreferrer\" target=\"_blank\"><span style=\"color: #96588a;\">Instagram<\/span><\/a> and get inspired. <\/p>","protected":false},"excerpt":{"rendered":"<table class=\"mlb-product-details\">\n<tbody>\n<tr>\n<td class=\"mlb-details-caption\">Model<\/td>\n<td class=\"mlb-details-value\">N\u00e9oNo\u00e9 MM Love Lock Epi Leder (M53237)<\/td>\n<\/tr>\n<tr>\n<td class=\"mlb-details-caption\">Colour<\/td>\n<td class=\"mlb-details-value\">Black<\/td>\n<\/tr>\n<tr>\n<td class=\"mlb-details-caption\">Hardware<\/td>\n<td class=\"mlb-details-value\">Gold<\/td>\n<\/tr>\n<tr>\n<td class=\"mlb-details-caption\">Year<\/td>\n<td class=\"mlb-details-value\">2019<\/td>\n<\/tr>\n<tr>\n<td class=\"mlb-details-caption\">Accessoires<\/td>\n<td class=\"mlb-details-value\">LV-Rechnung, Box, Staubbeutel, LV-Booklet, LV-Materialinfo, abnehmbarer Schulterriemen und Taschenhenkel<\/td>\n<\/tr>\n<tr>\n<td class=\"mlb-details-caption\">Condition<\/td>\n<td class=\"mlb-details-value\">Mint condition<\/td>\n<\/tr>\n<\/tbody>\n<\/table>","protected":false},"featured_media":13823,"template":"","meta":[],"product_brand":[],"product_cat":[87,154,68,1431,85,99],"product_tag":[],"class_list":{"0":"post-14719","1":"product","2":"type-product","3":"status-publish","4":"has-post-thumbnail","6":"product_cat-crossbodytaschen","7":"product_cat-designer","8":"product_cat-handtaschen","9":"product_cat-louisvuitton","10":"product_cat-schultertaschen","11":"product_cat-taschen","12":"product_shipping_class-bis2500","14":"first","15":"outofstock","16":"sold-individually","17":"shipping-taxable","18":"purchasable","19":"product-type-simple"},"_links":{"self":[{"href":"https:\/\/baselle.com\/en\/wp-json\/wp\/v2\/product\/14719","targetHints":{"allow":["GET"]}}],"collection":[{"href":"https:\/\/baselle.com\/en\/wp-json\/wp\/v2\/product"}],"about":[{"href":"https:\/\/baselle.com\/en\/wp-json\/wp\/v2\/types\/product"}],"wp:featuredmedia":[{"embeddable":true,"href":"https:\/\/baselle.com\/en\/wp-json\/wp\/v2\/media\/13823"}],"wp:attachment":[{"href":"https:\/\/baselle.com\/en\/wp-json\/wp\/v2\/media?parent=14719"}],"wp:term":[{"taxonomy":"product_brand","embeddable":true,"href":"https:\/\/baselle.com\/en\/wp-json\/wp\/v2\/product_brand?post=14719"},{"taxonomy":"product_cat","embeddable":true,"href":"https:\/\/baselle.com\/en\/wp-json\/wp\/v2\/product_cat?post=14719"},{"taxonomy":"product_tag","embeddable":true,"href":"https:\/\/baselle.com\/en\/wp-json\/wp\/v2\/product_tag?post=14719"}],"curies":[{"name":"wp","href":"https:\/\/api.w.org\/{rel}","templated":true}]}}