{"id":14563,"date":"2021-03-03T18:44:10","date_gmt":"2021-03-03T17:44:10","guid":{"rendered":"https:\/\/baselle.com\/?post_type=product&#038;p=14563"},"modified":"2021-05-07T12:04:02","modified_gmt":"2021-05-07T10:04:02","slug":"chanel-boy-bag-medium-14563","status":"publish","type":"product","link":"https:\/\/baselle.com\/en\/product\/chanel-boy-bag-medium-14563\/","title":{"rendered":"CHANEL Boy Bag"},"content":{"rendered":"<p>\n<strong>CHANEL Boy Bag Medium Handtasche Beschreibung<\/strong><\/p>\n<p>Diese originale CHANEL Boy Bag Medium Handtasche besticht durch ihre robuste Form und rebellische Attit\u00fcde. Dieses Modell ist aus genarbtem Kalbsleder gefertigt und verf\u00fcgt \u00fcber eine Gliederkette mit verstellbaren Lederriemen, ein CC-Pushlock und ruthenium-silberne Hardware.<\/p>\n<p>Die graphische Schlie\u00dfe \u00f6ffnet sich zu einem dunklen Textilinnenfutter mit einem Steckfach. Die Boy Flap Bag kann \u00fcber der Schulter sowie crossbody getragen werden, so dass maximaler Tragekomfort garantiert ist. Eine komfortable und elegante Handtasche, die inzwischen zu Chanels zeitlosen Klassikern z\u00e4hlt.\n<\/p>\n<p>\n<strong>Very good condition:<\/strong><br \/>\nDiese CHANEL Boy Bag Medium Handtasche aus zweiter Hand ist insgesamt in einem sehr guten Zustand. Die Tasche wurde mit Sorgfalt getragen, weshalb das Kalbsleder in einem gepflegten Zustand ist. Auch die silbernen Hardware-Akzente sind in einem sehr guten Zustand. Das Tascheninnere ist sauber, ohne Ger\u00fcche und weist keine L\u00f6cher\/Risse auf.\n<\/p>\n<p>\n<strong>Style:<\/strong> Shoulder bag, clutch, crossbody<br \/>\n<strong>Size:<\/strong> Medium<br \/>\n<strong>Dimensions (approx.):<\/strong> Breite 25 cm * H\u00f6he 15 cm * Tiefe 7 cm<br \/>\n<strong>Strap length:<\/strong> einfach = 107 cm, doppelt = 67 cm\n<\/p>\n<p>\n<strong>Exterior material:<\/strong> Grained calfskin leather<br \/>\n<strong>Interior Material<\/strong> fabric lining\n<\/p>\n<p>The pictures represent the offered bag. The picture rights are held by MyLovelyBoutique.com. <\/p>\n<p>Follow us on <a href=\"https:\/\/www.instagram.com\/mylovelyboutique.de\/\" rel=\"noopener noreferrer\" target=\"_blank\"><span style=\"color: #96588a;\">Instagram<\/span><\/a> and get inspired. <\/p>","protected":false},"excerpt":{"rendered":"<br \/>\n<table class=\"mlb-product-details\">\n<tbody>\n<tr>\n<td class=\"mlb-details-caption\">Model<\/td>\n<td class=\"mlb-details-value\">Boy Bag Medium<\/td>\n<\/tr>\n<tr>\n<td class=\"mlb-details-caption\">Colour<\/td>\n<td class=\"mlb-details-value\">Dunkelgrau<\/td>\n<\/tr>\n<tr>\n<td class=\"mlb-details-caption\">Hardware<\/td>\n<td class=\"mlb-details-value\">Silver with ruthenium finish<\/td>\n<\/tr>\n<tr>\n<td class=\"mlb-details-caption\">Year<\/td>\n<td class=\"mlb-details-value\">2014<\/td>\n<\/tr>\n<tr>\n<td class=\"mlb-details-caption\">Accessoires<\/td>\n<td class=\"mlb-details-value\">Staubbeutel, Staubtuch, CC-Booklet, Seriennummer mit Hologramm<\/td>\n<\/tr>\n<tr>\n<td class=\"mlb-details-caption\">Condition<\/td>\n<td class=\"mlb-details-value\">Very good condition<\/td>\n<\/tr>\n<\/tbody>\n<\/table>","protected":false},"featured_media":14566,"template":"","meta":[],"product_brand":[],"product_cat":[1430,87,154,85,99],"product_tag":[],"class_list":{"0":"post-14563","1":"product","2":"type-product","3":"status-publish","4":"has-post-thumbnail","6":"product_cat-chanel","7":"product_cat-crossbodytaschen","8":"product_cat-designer","9":"product_cat-schultertaschen","10":"product_cat-taschen","11":"product_shipping_class-bis5000","13":"first","14":"outofstock","15":"sold-individually","16":"shipping-taxable","17":"purchasable","18":"product-type-simple"},"_links":{"self":[{"href":"https:\/\/baselle.com\/en\/wp-json\/wp\/v2\/product\/14563","targetHints":{"allow":["GET"]}}],"collection":[{"href":"https:\/\/baselle.com\/en\/wp-json\/wp\/v2\/product"}],"about":[{"href":"https:\/\/baselle.com\/en\/wp-json\/wp\/v2\/types\/product"}],"wp:featuredmedia":[{"embeddable":true,"href":"https:\/\/baselle.com\/en\/wp-json\/wp\/v2\/media\/14566"}],"wp:attachment":[{"href":"https:\/\/baselle.com\/en\/wp-json\/wp\/v2\/media?parent=14563"}],"wp:term":[{"taxonomy":"product_brand","embeddable":true,"href":"https:\/\/baselle.com\/en\/wp-json\/wp\/v2\/product_brand?post=14563"},{"taxonomy":"product_cat","embeddable":true,"href":"https:\/\/baselle.com\/en\/wp-json\/wp\/v2\/product_cat?post=14563"},{"taxonomy":"product_tag","embeddable":true,"href":"https:\/\/baselle.com\/en\/wp-json\/wp\/v2\/product_tag?post=14563"}],"curies":[{"name":"wp","href":"https:\/\/api.w.org\/{rel}","templated":true}]}}