{"id":14412,"date":"2021-02-26T10:36:22","date_gmt":"2021-02-26T09:36:22","guid":{"rendered":"https:\/\/baselle.com\/?post_type=product&#038;p=14412"},"modified":"2023-05-20T20:51:54","modified_gmt":"2023-05-20T18:51:54","slug":"louis-vuitton-twist-pm-malletage-epi-leder-14412","status":"publish","type":"product","link":"https:\/\/baselle.com\/en\/product\/louis-vuitton-twist-pm-malletage-epi-leder-14412\/","title":{"rendered":"Louis Vuitton Twist PM"},"content":{"rendered":"<p>\n<strong>Louis Vuitton Twist PM Malletage Epi Leder Handtasche Beschreibung<\/strong> <\/p>\n<p>Diese originale Louis Vuitton Twist PM Malletage Epi Leder Handtasche besticht durch ihr ansprechendes Design mit Malletage Muster. Die Twist ist ein elegantes und kompaktes Modell, das sowohl tags\u00fcber wie auch als Abendtasche getragen werden kann. Diese strukturierte Handtasche ist aus robustem Epi-Leder gefertigt und verf\u00fcgt \u00fcber eine eckige Silhouette und goldfarbene Hardware-Akzente.<\/p>\n<p>Durch den ikonischen Drehverschluss mit LV-Signatur l\u00e4sst sich die Twist PM zu einem roten Innenfutter aus Mikrofaser \u00f6ffnen. Im Tascheninneren befindet sich ein Steckfach, das perfekt f\u00fcr das Aufbewahren Deiner wichtigsten Dinge ist. Die Twist PM kann \u00fcber der Schulter sowie diagonal am K\u00f6rper getragen werden, so dass maximaler Tragekomfort garantiert ist. Diese wundersch\u00f6ne Schultertasche ist ein elegantes Lieblingsst\u00fcck f\u00fcr den t\u00e4glichen Gebrauch.\n<\/p>\n<p>\n<strong>Very good condition:<\/strong><br \/>\nDiese Louis Vuitton Twist PM Malletage Epi Leder Handtasche aus zweiter Hand ist insgesamt in einem sehr guten Zustand. Die Tasche wurde gerne und mit Sorgfalt getragen, weshalb das Epi Rindsleder in einem gepflegten Zustand ist. Auch die goldfarbenen Hardware-Akzente sind in einem sehr guten Zustand. Das Tascheninnere ist sauber, ohne Ger\u00fcche und weist keine L\u00f6cher\/Risse auf.\n<\/p>\n<p>\n<strong>Style:<\/strong> Shoulder bag, clutch, crossbody<br \/>\n<strong>Size:<\/strong> PM<br \/>\n<strong>Dimensions (approx.):<\/strong> Breite 19 cm * H\u00f6he 15 cm * Tiefe 9 cm\n<\/p>\n<p>\n<strong>Exterior material:<\/strong> Genarbtes Epi Rindsleder<br \/>\n<strong>Interior Material<\/strong> microfibre lining\n<\/p>\n<p>Die Bilder stellen die angebotene Tasche dar und sind Eigentum von MyLovelyBoutique. <\/p>\n<p>Follow us on <a href=\"https:\/\/www.instagram.com\/mylovelyboutique.de\/\" rel=\"noopener noreferrer\" target=\"_blank\"><span style=\"color: #96588a;\">Instagram<\/span><\/a> and get inspired. <\/p>","protected":false},"excerpt":{"rendered":"<table class=\"mlb-product-details\">\n<tbody>\n<tr>\n<td class=\"mlb-details-caption\">Model<\/td>\n<td class=\"mlb-details-value\">Twist PM Malletage Epi Leder<\/td>\n<\/tr>\n<tr>\n<td class=\"mlb-details-caption\">Colour<\/td>\n<td class=\"mlb-details-value\">Rot, Wei\u00df, Schwarz<\/td>\n<\/tr>\n<tr>\n<td class=\"mlb-details-caption\">Hardware<\/td>\n<td class=\"mlb-details-value\">Gold<\/td>\n<\/tr>\n<tr>\n<td class=\"mlb-details-caption\">Year<\/td>\n<td class=\"mlb-details-value\">2014<\/td>\n<\/tr>\n<tr>\n<td class=\"mlb-details-caption\">Accessoires<\/td>\n<td class=\"mlb-details-value\">Box, dustbag<\/td>\n<\/tr>\n<tr>\n<td class=\"mlb-details-caption\">Condition<\/td>\n<td class=\"mlb-details-value\">Very good condition<\/td>\n<\/tr>\n<\/tbody>\n<\/table>","protected":false},"featured_media":14519,"template":"","meta":[],"product_brand":[],"product_cat":[87,154,86,1431,85,99],"product_tag":[],"class_list":{"0":"post-14412","1":"product","2":"type-product","3":"status-publish","4":"has-post-thumbnail","6":"product_cat-crossbodytaschen","7":"product_cat-designer","8":"product_cat-kleinetaschen","9":"product_cat-louisvuitton","10":"product_cat-schultertaschen","11":"product_cat-taschen","12":"product_shipping_class-bis2500","14":"first","15":"outofstock","16":"sold-individually","17":"shipping-taxable","18":"purchasable","19":"product-type-simple"},"_links":{"self":[{"href":"https:\/\/baselle.com\/en\/wp-json\/wp\/v2\/product\/14412","targetHints":{"allow":["GET"]}}],"collection":[{"href":"https:\/\/baselle.com\/en\/wp-json\/wp\/v2\/product"}],"about":[{"href":"https:\/\/baselle.com\/en\/wp-json\/wp\/v2\/types\/product"}],"wp:featuredmedia":[{"embeddable":true,"href":"https:\/\/baselle.com\/en\/wp-json\/wp\/v2\/media\/14519"}],"wp:attachment":[{"href":"https:\/\/baselle.com\/en\/wp-json\/wp\/v2\/media?parent=14412"}],"wp:term":[{"taxonomy":"product_brand","embeddable":true,"href":"https:\/\/baselle.com\/en\/wp-json\/wp\/v2\/product_brand?post=14412"},{"taxonomy":"product_cat","embeddable":true,"href":"https:\/\/baselle.com\/en\/wp-json\/wp\/v2\/product_cat?post=14412"},{"taxonomy":"product_tag","embeddable":true,"href":"https:\/\/baselle.com\/en\/wp-json\/wp\/v2\/product_tag?post=14412"}],"curies":[{"name":"wp","href":"https:\/\/api.w.org\/{rel}","templated":true}]}}