{"id":14310,"date":"2021-02-10T15:51:05","date_gmt":"2021-02-10T14:51:05","guid":{"rendered":"https:\/\/baselle.com\/?post_type=product&#038;p=14310"},"modified":"2021-08-10T19:18:12","modified_gmt":"2021-08-10T17:18:12","slug":"chanel-2-55-kartenetui-metallic-silber","status":"publish","type":"product","link":"https:\/\/baselle.com\/en\/product\/chanel-2-55-kartenetui-metallic-silber\/","title":{"rendered":"CHANEL 2.55 Kartenetui"},"content":{"rendered":"<p>\n<strong>CHANEL 2.55 Kartenetui Beschreibung<\/strong> <\/p>\n<p>Dieses originale CHANEL 2.55 Kartenetui bietet mit seinen 4 F\u00e4chern Platz f\u00fcr Kreditkarten, Visitenkarten oder Fahrkarten und l\u00e4sst sich problemlos in jeder Handtasche verstauen.\n<\/p>\n<p>\n<strong>Good condition:<\/strong><br \/>\nDieses CHANEL 2.55 Kartenetui aus zweiter Hand ist insgesamt einem guten Zustand. Das Leder ist in einem sch\u00f6nen Zustand und weist dezenten Kantenabrieb auf. Das Innenfutter sowie die silberne Hardware sind in einem einwandfreien Zustand.\n<\/p>\n<p>\n<strong>Card holder size:<\/strong>  small<br \/>\n<strong>Dimensions (approx.):<\/strong> width 11 cm * height 7,5 cm * depth 1 cm\n<\/p>\n<p>\n<strong>Exterior material:<\/strong> Aged Kalbsleder<br \/>\n<strong>Interior Material<\/strong> fabric lining\n<\/p>\n<p>The pictures represent the offered cardholder. The picture rights are held by MyLovelyBoutique.com. <\/p>\n<p>Follow us on <a href=\"https:\/\/www.instagram.com\/mylovelyboutique.de\/\" rel=\"noopener noreferrer\" target=\"_blank\"><span style=\"color: #96588a;\">Instagram<\/span><\/a> and get inspired. <\/p>","protected":false},"excerpt":{"rendered":"<table class=\"mlb-product-details\">\n<tbody>\n<tr>\n<td class=\"mlb-details-caption\">Model<\/td>\n<td class=\"mlb-details-value\">2.55 Kartenetui<\/td>\n<\/tr>\n<tr>\n<td class=\"mlb-details-caption\">Colour<\/td>\n<td class=\"mlb-details-value\">Silber Metallic<\/td>\n<\/tr>\n<tr>\n<td class=\"mlb-details-caption\">Hardware<\/td>\n<td class=\"mlb-details-value\">Silver<\/td>\n<\/tr>\n<tr>\n<td class=\"mlb-details-caption\">Year<\/td>\n<td class=\"mlb-details-value\">2008<\/td>\n<\/tr>\n<tr>\n<td class=\"mlb-details-caption\">Accessoires<\/td>\n<td class=\"mlb-details-value\">CC-T\u00fcte mit Kamelie, Authentizit\u00e4tskarte, Seriennummer mit Hologramm<\/td>\n<\/tr>\n<tr>\n<td class=\"mlb-details-caption\">Condition<\/td>\n<td class=\"mlb-details-value\">Good condition<\/td>\n<\/tr>\n<\/tbody>\n<\/table>","protected":false},"featured_media":14313,"template":"","meta":[],"product_brand":[],"product_cat":[57,1430,154,90],"product_tag":[],"class_list":{"0":"post-14310","1":"product","2":"type-product","3":"status-publish","4":"has-post-thumbnail","6":"product_cat-accessories","7":"product_cat-chanel","8":"product_cat-designer","9":"product_cat-kleinlederwaren","10":"product_shipping_class-0-500","12":"first","13":"outofstock","14":"sold-individually","15":"shipping-taxable","16":"purchasable","17":"product-type-simple"},"_links":{"self":[{"href":"https:\/\/baselle.com\/en\/wp-json\/wp\/v2\/product\/14310","targetHints":{"allow":["GET"]}}],"collection":[{"href":"https:\/\/baselle.com\/en\/wp-json\/wp\/v2\/product"}],"about":[{"href":"https:\/\/baselle.com\/en\/wp-json\/wp\/v2\/types\/product"}],"wp:featuredmedia":[{"embeddable":true,"href":"https:\/\/baselle.com\/en\/wp-json\/wp\/v2\/media\/14313"}],"wp:attachment":[{"href":"https:\/\/baselle.com\/en\/wp-json\/wp\/v2\/media?parent=14310"}],"wp:term":[{"taxonomy":"product_brand","embeddable":true,"href":"https:\/\/baselle.com\/en\/wp-json\/wp\/v2\/product_brand?post=14310"},{"taxonomy":"product_cat","embeddable":true,"href":"https:\/\/baselle.com\/en\/wp-json\/wp\/v2\/product_cat?post=14310"},{"taxonomy":"product_tag","embeddable":true,"href":"https:\/\/baselle.com\/en\/wp-json\/wp\/v2\/product_tag?post=14310"}],"curies":[{"name":"wp","href":"https:\/\/api.w.org\/{rel}","templated":true}]}}