{"id":14257,"date":"2021-02-03T17:52:48","date_gmt":"2021-02-03T16:52:48","guid":{"rendered":"https:\/\/baselle.com\/?post_type=product&#038;p=14257"},"modified":"2022-11-25T14:37:57","modified_gmt":"2022-11-25T13:37:57","slug":"louis-vuitton-petite-boite-chapeau-monogram-canvas-14257","status":"publish","type":"product","link":"https:\/\/baselle.com\/en\/product\/louis-vuitton-petite-boite-chapeau-monogram-canvas-14257\/","title":{"rendered":"Louis Vuitton Petite Boite Chapeau"},"content":{"rendered":"<p>\n<strong>Louis Vuitton Petite Boite Chapeau Monogram Canvas Handtasche Beschreibung<\/strong><\/p>\n<p>Diese originale Louis Vuitton Petite Boite Chapeau Monogram Canvas Handtasche ist ein unverkennbares Modell im Design der ikonischen Hutschachtel. Inspiriert von dem Erbe des Hauses als Kofferhersteller besticht die Boite Chapeau durch moderne Eleganz. Sie verf\u00fcgt \u00fcber eine runde Silhouette, goldfarbene Beschl\u00e4ge, einen praktischen Griff und einen dekorativen Adressanh\u00e4nger. <\/p>\n<p>Das S-Schloss \u00f6ffnet sich zu einem hellbeigen Lederfutter mit Malletage-Motiv. Dieses ist unterteilt in ein Innenfach und ein Steckfach. Die Louis Vuitton Trunk Clutch kann an der Hand oder durch den abnehmbaren, f\u00fcnffach verstellbaren Schulterriemen bequem \u00fcber der Schulter sowie diagonal am K\u00f6rper getragen werden. Ob f\u00fcr untertags oder als elegantes Abend-Accessoire, dieses klassische Modell eignet sich f\u00fcr zahlreiche Anl\u00e4sse.\n<\/p>\n<p>\n<strong>Excellent condition<\/strong><br \/>\nDiese Louis Vuitton Petite Boite Chapeau Monogram Canvas Handtasche aus zweiter Hand ist insgesamt in einem hervorragenden Zustand.  Das beschichtete Monogram Canvas, die naturbelassenen Rindslederbes\u00e4tze sowie die goldfarbene Hardware sind in einem einwandfreien Zustand. Das Tascheninnere ist sauber, ohne Ger\u00fcche und weist keine L\u00f6cher\/Risse auf.\n<\/p>\n<p>\n<strong>Style:<\/strong> Shoulder bag, handbag, crossbody<br \/>\n<strong>Size:<\/strong> PM<br \/>\n<strong>Dimensions (approx.):<\/strong> Breite 17,5 cm * H\u00f6he 16,5 cm * Tiefe 7,5 cm<br \/>\n<strong>Strap length (approx.):<\/strong> min. 110 cm, max. 122 cm\n<\/p>\n<p>\n<strong>Exterior material:<\/strong> Canvas, Bes\u00e4tze aus naturbelassenem Rindsleder<br \/>\n<strong>Interior Material<\/strong> Lambskin leather\n<\/p>\n<p>The pictures represent the offered bag. The picture rights are held by MyLovelyBoutique.com. <\/p>\n<p>Follow us on <a href=\"https:\/\/www.instagram.com\/mylovelyboutique.de\/\" rel=\"noopener noreferrer\" target=\"_blank\"><span style=\"color: #96588a;\">Instagram<\/span><\/a> and get inspired. <\/p>","protected":false},"excerpt":{"rendered":"<table class=\"mlb-product-details\">\n<tbody>\n<tr>\n<td class=\"mlb-details-caption\">Model<\/td>\n<td class=\"mlb-details-value\">Petite Boite Chapeau<\/td>\n<\/tr>\n<tr>\n<td class=\"mlb-details-caption\">Colour<\/td>\n<td class=\"mlb-details-value\">Brown<\/td>\n<\/tr>\n<tr>\n<td class=\"mlb-details-caption\">Hardware<\/td>\n<td class=\"mlb-details-value\">Gold<\/td>\n<\/tr>\n<tr>\n<td class=\"mlb-details-caption\">Year<\/td>\n<td class=\"mlb-details-value\">2018<\/td>\n<\/tr>\n<tr>\n<td class=\"mlb-details-caption\">Accessoires<\/td>\n<td class=\"mlb-details-value\">Invoice, box, dustbag, removalbe shoulder strap<\/td>\n<\/tr>\n<tr>\n<td class=\"mlb-details-caption\">Condition<\/td>\n<td class=\"mlb-details-value\">Excellent condition<\/td>\n<\/tr>\n<\/tbody>\n<\/table>","protected":false},"featured_media":14260,"template":"","meta":[],"product_brand":[],"product_cat":[87,154,68,1431,85,99],"product_tag":[],"class_list":{"0":"post-14257","1":"product","2":"type-product","3":"status-publish","4":"has-post-thumbnail","6":"product_cat-crossbodytaschen","7":"product_cat-designer","8":"product_cat-handtaschen","9":"product_cat-louisvuitton","10":"product_cat-schultertaschen","11":"product_cat-taschen","13":"first","14":"outofstock","15":"sold-individually","16":"shipping-taxable","17":"purchasable","18":"product-type-simple"},"_links":{"self":[{"href":"https:\/\/baselle.com\/en\/wp-json\/wp\/v2\/product\/14257","targetHints":{"allow":["GET"]}}],"collection":[{"href":"https:\/\/baselle.com\/en\/wp-json\/wp\/v2\/product"}],"about":[{"href":"https:\/\/baselle.com\/en\/wp-json\/wp\/v2\/types\/product"}],"wp:featuredmedia":[{"embeddable":true,"href":"https:\/\/baselle.com\/en\/wp-json\/wp\/v2\/media\/14260"}],"wp:attachment":[{"href":"https:\/\/baselle.com\/en\/wp-json\/wp\/v2\/media?parent=14257"}],"wp:term":[{"taxonomy":"product_brand","embeddable":true,"href":"https:\/\/baselle.com\/en\/wp-json\/wp\/v2\/product_brand?post=14257"},{"taxonomy":"product_cat","embeddable":true,"href":"https:\/\/baselle.com\/en\/wp-json\/wp\/v2\/product_cat?post=14257"},{"taxonomy":"product_tag","embeddable":true,"href":"https:\/\/baselle.com\/en\/wp-json\/wp\/v2\/product_tag?post=14257"}],"curies":[{"name":"wp","href":"https:\/\/api.w.org\/{rel}","templated":true}]}}