{"id":14189,"date":"2021-01-22T22:53:06","date_gmt":"2021-01-22T21:53:06","guid":{"rendered":"https:\/\/baselle.com\/?post_type=product&#038;p=14189"},"modified":"2021-04-16T15:19:44","modified_gmt":"2021-04-16T13:19:44","slug":"louis-vuitton-sorbonne-monogram-empreinte-leder-rucksack-schwarz-14189","status":"publish","type":"product","link":"https:\/\/baselle.com\/en\/product\/louis-vuitton-sorbonne-monogram-empreinte-leder-rucksack-schwarz-14189\/","title":{"rendered":"Louis Vuitton Sorbonne Rucksack"},"content":{"rendered":"<p>\n<strong>Louis Vuitton Sorbonne Monogram Empreinte Leder Rucksack Beschreibung<\/strong><\/p>\n<p>Dieser originale  Louis Vuitton Sorbonne Monogram Empreinte Leder Rucksack ist ein schlichtes Accessoire f\u00fcr jeden Tag. Die Kombination aus sportlichem Design mit moderner Funktionalit\u00e4t machen aus diesem Rucksack den perfekten City-Begleiter. Er ist aus charakteristischem Monogram Empreinte Rindsleder gefertigt und verf\u00fcgt \u00fcber einen gepolstertem Ledergriff und goldfarbene Hardware. Die Schulterriemen sind verstellbar und garantieren Dir maximalen Tragekomfort im Alltag.<\/p>\n<p>Der Doppel-Rei\u00dfverschluss \u00f6ffnet sich zu einem schwarzen Innenraum mit einem Steckfach und einem Rei\u00dfverschlussfach. Zus\u00e4tzlichen Stauraum bietet das aufgesetzte Rei\u00dfverschlussfach auf der Vorderseite des Sorbonne Rucksacks.\n<\/p>\n<p>\n<strong>Excellent condition<\/strong><br \/>\nDieser  Louis Vuitton Sorbonne Monogram Empreinte Leder Rucksack aus zweiter Hand ist insgesamt in einem hervorragenden Zustand. Er wurde nur sehr wenig getragen, weshalb das Monogram Empreinte Leder und die goldfarbene Hardware in einem einwandfreien Zustand sind. Auch das Tascheninnere ist sauber, ohne Ger\u00fcche und weist keine L\u00f6cher\/Risse auf.\n<\/p>\n<p>\n<strong>Style:<\/strong> Backpack<br \/>\n<strong>Size:<\/strong> PM<br \/>\n<strong>Dimensions (approx.):<\/strong> Breite 24 cm * H\u00f6he 27 cm * Tiefe 13 cm\n<\/p>\n<p>\n<strong>Exterior material:<\/strong> cowhide leather<br \/>\n<strong>Interior Material<\/strong> fabric lining\n<\/p>\n<p>Die Bilder stellen den angebotenen Rucksack dar und sind Eigentum von MyLovelyBoutique.com.<\/p>\n<p>Follow us on <a href=\"https:\/\/www.instagram.com\/mylovelyboutique.de\/\" rel=\"noopener noreferrer\" target=\"_blank\"><span style=\"color: #96588a;\">Instagram<\/span><\/a> and get inspired. <\/p>","protected":false},"excerpt":{"rendered":"<table class=\"mlb-product-details\">\n<tbody>\n<tr>\n<td class=\"mlb-details-caption\">Model<\/td>\n<td class=\"mlb-details-value\">Sorbonne Monogram Empreinte Rucksack (M44016)<\/td>\n<\/tr>\n<tr>\n<td class=\"mlb-details-caption\">Colour<\/td>\n<td class=\"mlb-details-value\">Black<\/td>\n<\/tr>\n<tr>\n<td class=\"mlb-details-caption\">Hardware<\/td>\n<td class=\"mlb-details-value\">Gold<\/td>\n<\/tr>\n<tr>\n<td class=\"mlb-details-caption\">Year<\/td>\n<td class=\"mlb-details-value\">2017<\/td>\n<\/tr>\n<tr>\n<td class=\"mlb-details-caption\">Accessoires<\/td>\n<td class=\"mlb-details-value\">LV-Rechnungskopie, Staubbeutel<\/td>\n<\/tr>\n<tr>\n<td class=\"mlb-details-caption\">Condition<\/td>\n<td class=\"mlb-details-value\">Excellent condition<\/td>\n<\/tr>\n<\/tbody>\n<\/table>","protected":false},"featured_media":14192,"template":"","meta":[],"product_brand":[],"product_cat":[154,1431,88,99],"product_tag":[],"class_list":{"0":"post-14189","1":"product","2":"type-product","3":"status-publish","4":"has-post-thumbnail","6":"product_cat-designer","7":"product_cat-louisvuitton","8":"product_cat-rucksaecke","9":"product_cat-taschen","10":"product_shipping_class-bis1000","12":"first","13":"outofstock","14":"sold-individually","15":"shipping-taxable","16":"purchasable","17":"product-type-simple"},"_links":{"self":[{"href":"https:\/\/baselle.com\/en\/wp-json\/wp\/v2\/product\/14189","targetHints":{"allow":["GET"]}}],"collection":[{"href":"https:\/\/baselle.com\/en\/wp-json\/wp\/v2\/product"}],"about":[{"href":"https:\/\/baselle.com\/en\/wp-json\/wp\/v2\/types\/product"}],"wp:featuredmedia":[{"embeddable":true,"href":"https:\/\/baselle.com\/en\/wp-json\/wp\/v2\/media\/14192"}],"wp:attachment":[{"href":"https:\/\/baselle.com\/en\/wp-json\/wp\/v2\/media?parent=14189"}],"wp:term":[{"taxonomy":"product_brand","embeddable":true,"href":"https:\/\/baselle.com\/en\/wp-json\/wp\/v2\/product_brand?post=14189"},{"taxonomy":"product_cat","embeddable":true,"href":"https:\/\/baselle.com\/en\/wp-json\/wp\/v2\/product_cat?post=14189"},{"taxonomy":"product_tag","embeddable":true,"href":"https:\/\/baselle.com\/en\/wp-json\/wp\/v2\/product_tag?post=14189"}],"curies":[{"name":"wp","href":"https:\/\/api.w.org\/{rel}","templated":true}]}}