{"id":14172,"date":"2021-01-21T21:09:31","date_gmt":"2021-01-21T20:09:31","guid":{"rendered":"https:\/\/baselle.com\/?post_type=product&#038;p=14172"},"modified":"2021-06-10T11:24:04","modified_gmt":"2021-06-10T09:24:04","slug":"chanel-two-tone-bag","status":"publish","type":"product","link":"https:\/\/baselle.com\/en\/product\/chanel-two-tone-bag\/","title":{"rendered":"CHANEL Two Tone Bag"},"content":{"rendered":"<p>\n<strong>CHANEL Two Tone Tote Bag Leder Handtasche Beschreibung<\/strong><\/p>\n<p>Diese originale CHANEL Two Tone Tote Bag Leder Handtasche ist die perfekte Tasche f\u00fcr die Business-Frau: Sie ist elegant, schlicht und dennoch ein Highlight zu jedem Outfit. Diese moderne Tasche ist aus feinstem Lammleder gefertigt und verf\u00fcgt \u00fcber sch\u00fctzende Taschenf\u00fc\u00dfe, doppelte Griffe mit gewebten Kettenriemen sowie eine Au\u00dfentasche. <\/p>\n<p>Durch einen Magnet-Verschluss \u00f6ffnet sich diese CHANEL Tote Bag zu einem schwarzen Lederinnenfutter. Im Tascheninneren befinden sich zwei Steckf\u00e4cher, ein Rei\u00dfverschlussfach sowie ein Lederband mit Karabiner zum Anbringen von Schl\u00fcssel etc.\n<\/p>\n<p>\n<strong>Good condition:<\/strong><br \/>\nDiese CHANEL Two Tone Tote Bag Leder Handtasche aus zweiter Hand ist insgesamt in einem guten Zustand. Das Lammleder ist in einem gepflegten, sehr sch\u00f6nen Zustand und l\u00e4sst lediglich an den Taschenecken einen leichten Kantenabrieb erkennen. Die goldfarbenen Hardware-Akzente sind in einem sehr sch\u00f6nen Zustand. Das Tascheninnere ist sauber, ohne Ger\u00fcche und weist keine L\u00f6cher\/Risse auf.\n<\/p>\n<p>\n<strong>Style:<\/strong> Schultertasche, Tote, Shopper<br \/>\n<strong>Size:<\/strong> Large<br \/>\n<strong>Dimensions (approx.):<\/strong> Breite 33 cm * H\u00f6he 23 cm * Tiefe 13,5 cm<br \/>\n<strong>Shoulder chain:<\/strong> 65 cm\n<\/p>\n<p>\n<strong>Exterior material:<\/strong> Lambskin leather<br \/>\n<strong>Interior Material<\/strong> leather\n<\/p>\n<p>The pictures represent the offered bag. The picture rights are held by MyLovelyBoutique.com. <\/p>\n<p>Follow us on <a href=\"https:\/\/www.instagram.com\/mylovelyboutique.de\/\" rel=\"noopener noreferrer\" target=\"_blank\"><span style=\"color: #96588a;\">Instagram<\/span><\/a> and get inspired. <\/p>","protected":false},"excerpt":{"rendered":"<table class=\"mlb-product-details\">\n<tbody>\n<tr>\n<td class=\"mlb-details-caption\">Model<\/td>\n<td class=\"mlb-details-value\">Two Tone Tote Bag<\/td>\n<\/tr>\n<tr>\n<td class=\"mlb-details-caption\">Colour<\/td>\n<td class=\"mlb-details-value\">Bordeaux, Schwarz<\/td>\n<\/tr>\n<tr>\n<td class=\"mlb-details-caption\">Hardware<\/td>\n<td class=\"mlb-details-value\">Gold<\/td>\n<\/tr>\n<tr>\n<td class=\"mlb-details-caption\">Year<\/td>\n<td class=\"mlb-details-value\">2016<\/td>\n<\/tr>\n<tr>\n<td class=\"mlb-details-caption\">Accessoires<\/td>\n<td class=\"mlb-details-value\">Dustbag, authenticity card, serialnumber with hologram<\/td>\n<\/tr>\n<tr>\n<td class=\"mlb-details-caption\">Condition<\/td>\n<td class=\"mlb-details-value\">Good condition<\/td>\n<\/tr>\n<\/tbody>\n<\/table>","protected":false},"featured_media":14175,"template":"","meta":[],"product_brand":[],"product_cat":[1430,154,85,99],"product_tag":[],"class_list":{"0":"post-14172","1":"product","2":"type-product","3":"status-publish","4":"has-post-thumbnail","6":"product_cat-chanel","7":"product_cat-designer","8":"product_cat-schultertaschen","9":"product_cat-taschen","10":"product_shipping_class-bis1000","12":"first","13":"outofstock","14":"sold-individually","15":"shipping-taxable","16":"purchasable","17":"product-type-simple"},"_links":{"self":[{"href":"https:\/\/baselle.com\/en\/wp-json\/wp\/v2\/product\/14172","targetHints":{"allow":["GET"]}}],"collection":[{"href":"https:\/\/baselle.com\/en\/wp-json\/wp\/v2\/product"}],"about":[{"href":"https:\/\/baselle.com\/en\/wp-json\/wp\/v2\/types\/product"}],"wp:featuredmedia":[{"embeddable":true,"href":"https:\/\/baselle.com\/en\/wp-json\/wp\/v2\/media\/14175"}],"wp:attachment":[{"href":"https:\/\/baselle.com\/en\/wp-json\/wp\/v2\/media?parent=14172"}],"wp:term":[{"taxonomy":"product_brand","embeddable":true,"href":"https:\/\/baselle.com\/en\/wp-json\/wp\/v2\/product_brand?post=14172"},{"taxonomy":"product_cat","embeddable":true,"href":"https:\/\/baselle.com\/en\/wp-json\/wp\/v2\/product_cat?post=14172"},{"taxonomy":"product_tag","embeddable":true,"href":"https:\/\/baselle.com\/en\/wp-json\/wp\/v2\/product_tag?post=14172"}],"curies":[{"name":"wp","href":"https:\/\/api.w.org\/{rel}","templated":true}]}}