{"id":14124,"date":"2021-01-11T16:19:08","date_gmt":"2021-01-11T15:19:08","guid":{"rendered":"https:\/\/baselle.com\/?post_type=product&#038;p=14124"},"modified":"2021-01-27T10:19:06","modified_gmt":"2021-01-27T09:19:06","slug":"chanel-on-my-shoulder-drawstring-bag-14124","status":"publish","type":"product","link":"https:\/\/baselle.com\/en\/product\/chanel-on-my-shoulder-drawstring-bag-14124\/","title":{"rendered":"CHANEL On My Shoulder Bag"},"content":{"rendered":"<p>\n<strong>CHANEL On My Shoulder Drawstring Bag Beschreibung<\/strong><\/p>\n<p>Diese originale CHANEL On My Shoulder Drawstring Bag vereint elegantes Design mit l\u00e4ssigem Tragekomfort. Sie ist aus Velours-Kalbsleder gefertigt und verf\u00fcgt \u00fcber einen verstellbaren Schultergurt, einen dekorativen Anh\u00e4nger mit CC-Signatur und goldfarbene Hardware mit Ruthenium-Finish. <\/p>\n<p>Der Magnetverschluss \u00f6ffnet sich zu einem bordeaux-farbenen Innenfutter mit einem Rei\u00dfverschlussfach sowie einem Lederband mit Karabiner. Die Drawstring Bag kann bequem \u00fcber der Schulter, an der Hand sowie diagonal am K\u00f6rper getragen werden, so dass maximaler Tragekomfort garantiert ist.\n<\/p>\n<p>\n<strong>Excellent condition<\/strong><br \/>\nDiese CHANEL On My Shoulder Drawstring Bag aus zweiter Hand ist insgesamt in einem hervorragenden Zustand. Die Tasche wurde kaum getragen. Dementsprechend sind das Kalbsleder sowie die goldfarbene Hardware in einem sehr gepflegten Zustand. Auch das Tascheninnere ist sauber, ohne Ger\u00fcche und weist keine L\u00f6cher\/Risse auf.<\/p>\n<p>\n<strong>Style:<\/strong> Shoulder bag, handbag, crossbody<br \/>\n<strong>Rucksackgr\u00f6\u00dfe:<\/strong> Small<br \/>\n<strong>Dimensions (approx.):<\/strong> Breite 22 cm * H\u00f6he 28 cm * Tiefe 13 cm<br \/>\n<strong>Shoulder chain:<\/strong> verstellbar von min. 98 cm bis max. 142 cm\n<\/p>\n<p>\n<strong>Exterior material:<\/strong> Kalbsleder\/Veloursleder<br \/>\n<strong>Interior Material<\/strong> fabric lining\n<\/p>\n<p>The pictures represent the offered bag. The picture rights are held by MyLovelyBoutique.com. <\/p>\n<p>Follow us on <a href=\"https:\/\/www.instagram.com\/mylovelyboutique.de\/\" rel=\"noopener noreferrer\" target=\"_blank\"><span style=\"color: #96588a;\">Instagram<\/span><\/a> and get inspired.<\/p>","protected":false},"excerpt":{"rendered":"<table class=\"mlb-product-details\">\n<tbody>\n<tr>\n<td class=\"mlb-details-caption\">Model<\/td>\n<td class=\"mlb-details-value\">On My Shoulder Drawstring Bag<\/td>\n<\/tr>\n<tr>\n<td class=\"mlb-details-caption\">Colour<\/td>\n<td class=\"mlb-details-value\">Blau\/Dunkelt\u00fcrkis<\/td>\n<\/tr>\n<tr>\n<td class=\"mlb-details-caption\">Hardware<\/td>\n<td class=\"mlb-details-value\">Gold with ruthenium finish<\/td>\n<\/tr>\n<tr>\n<td class=\"mlb-details-caption\">Year<\/td>\n<td class=\"mlb-details-value\">2017<\/td>\n<\/tr>\n<tr>\n<td class=\"mlb-details-caption\">Accessoires<\/td>\n<td class=\"mlb-details-value\">Dustbag, authenticity card, serialnumber with hologram<\/td>\n<\/tr>\n<tr>\n<td class=\"mlb-details-caption\">Condition<\/td>\n<td class=\"mlb-details-value\">Excellent condition<\/td>\n<\/tr>\n<\/tbody>\n<\/table>","protected":false},"featured_media":14154,"template":"","meta":[],"product_brand":[],"product_cat":[1430,87,154,68,85,99],"product_tag":[],"class_list":{"0":"post-14124","1":"product","2":"type-product","3":"status-publish","4":"has-post-thumbnail","6":"product_cat-chanel","7":"product_cat-crossbodytaschen","8":"product_cat-designer","9":"product_cat-handtaschen","10":"product_cat-schultertaschen","11":"product_cat-taschen","13":"first","14":"outofstock","15":"sold-individually","16":"shipping-taxable","17":"purchasable","18":"product-type-simple"},"_links":{"self":[{"href":"https:\/\/baselle.com\/en\/wp-json\/wp\/v2\/product\/14124","targetHints":{"allow":["GET"]}}],"collection":[{"href":"https:\/\/baselle.com\/en\/wp-json\/wp\/v2\/product"}],"about":[{"href":"https:\/\/baselle.com\/en\/wp-json\/wp\/v2\/types\/product"}],"wp:featuredmedia":[{"embeddable":true,"href":"https:\/\/baselle.com\/en\/wp-json\/wp\/v2\/media\/14154"}],"wp:attachment":[{"href":"https:\/\/baselle.com\/en\/wp-json\/wp\/v2\/media?parent=14124"}],"wp:term":[{"taxonomy":"product_brand","embeddable":true,"href":"https:\/\/baselle.com\/en\/wp-json\/wp\/v2\/product_brand?post=14124"},{"taxonomy":"product_cat","embeddable":true,"href":"https:\/\/baselle.com\/en\/wp-json\/wp\/v2\/product_cat?post=14124"},{"taxonomy":"product_tag","embeddable":true,"href":"https:\/\/baselle.com\/en\/wp-json\/wp\/v2\/product_tag?post=14124"}],"curies":[{"name":"wp","href":"https:\/\/api.w.org\/{rel}","templated":true}]}}