{"id":14071,"date":"2020-12-28T15:25:09","date_gmt":"2020-12-28T14:25:09","guid":{"rendered":"https:\/\/baselle.com\/?post_type=product&#038;p=14071"},"modified":"2021-07-06T18:23:53","modified_gmt":"2021-07-06T16:23:53","slug":"louis-vuitton-tournon-galet-14071","status":"publish","type":"product","link":"https:\/\/baselle.com\/en\/product\/louis-vuitton-tournon-galet-14071\/","title":{"rendered":"Louis Vuitton Tournon"},"content":{"rendered":"<p>\n<strong>Louis Vuitton Tournon Hobo Bag Description<\/strong> <\/p>\n<p>Diese originale Louis Vuitton Tournon Hobo Bag Leder Handtasche ist ein elegantes Lieblingsst\u00fcck f\u00fcr die moderne Frau. Die strukturierte Business-Bag ist aus feinstem Kalbsleder gefertigt und verf\u00fcgt \u00fcber eine eckige Silhouette. Weitere raffinierte Details sind die verspielten Lederknoten, ein lederbezogenes LV-Logo, sch\u00fctzende Taschenf\u00fc\u00dfe sowie goldfarbene Hardware-Akzente. Zudem garantiert der gerollte Ledergriff f\u00fcr maximalen Tragekomfort im Alltag.<\/p>\n<p>The lining of the Louis Vuitton Tournon is also crafted from soft calfskin in a delicate shade of pink, featuring a zipped compartment that is perfect for storing your essentials.\n<\/p>\n<p>\n<strong>Excellent condition<\/strong><br \/>\nThis pre-loved Louis Vuitton Tournon Hobo leather handbag is in excellent overall condition. The Taurillon leather, including the corners, and the gold-tone hardware are in very good condition. The linig of the bag is clean, odour-free and shows no holes or tears.\n<\/p>\n<p>\n<strong>Style:<\/strong> Handbag, shoulder bag<br \/>\n<strong>Size:<\/strong> GM<br \/>\n<strong>Dimensions (approx.):<\/strong> width 33 cm * height 30 cm * depth 17 cm\n<\/p>\n<p>\n<strong>Exterior material:<\/strong> calfskin leather<br \/>\n<strong>Interior Material<\/strong> calfskin leather\n<\/p>\n<p>The pictures represent the offered bag. The picture rights are held by MyLovelyBoutique.com. <\/p>\n<p>Follow us on <a href=\"https:\/\/www.instagram.com\/mylovelyboutique.de\/\" rel=\"noopener noreferrer\" target=\"_blank\"><span style=\"color: #96588a;\">Instagram<\/span><\/a> and get inspired.<\/p>","protected":false},"excerpt":{"rendered":"<table class=\"mlb-product-details\">\n<tbody>\n<tr>\n<td class=\"mlb-details-caption\">Model<\/td>\n<td class=\"mlb-details-value\">Tournon Hobo Bag Galet (M50329)<\/td>\n<\/tr>\n<tr>\n<td class=\"mlb-details-caption\">Colour<\/td>\n<td class=\"mlb-details-value\">Galet\/Beige<\/td>\n<\/tr>\n<tr>\n<td class=\"mlb-details-caption\">Hardware<\/td>\n<td class=\"mlb-details-value\">Gold<\/td>\n<\/tr>\n<tr>\n<td class=\"mlb-details-caption\">Year<\/td>\n<td class=\"mlb-details-value\">2015<\/td>\n<\/tr>\n<tr>\n<td class=\"mlb-details-caption\">Accessoires<\/td>\n<td class=\"mlb-details-value\">Staubbeutel, LV-Produktinfo, LV-Materialinfo<\/td>\n<\/tr>\n<tr>\n<td class=\"mlb-details-caption\">Condition<\/td>\n<td class=\"mlb-details-value\">Excellent condition<\/td>\n<\/tr>\n<\/tbody>\n<\/table>","protected":false},"featured_media":14109,"template":"","meta":[],"product_brand":[],"product_cat":[154,1431,85,99],"product_tag":[],"class_list":{"0":"post-14071","1":"product","2":"type-product","3":"status-publish","4":"has-post-thumbnail","6":"product_cat-designer","7":"product_cat-louisvuitton","8":"product_cat-schultertaschen","9":"product_cat-taschen","11":"first","12":"outofstock","13":"sold-individually","14":"shipping-taxable","15":"purchasable","16":"product-type-simple"},"_links":{"self":[{"href":"https:\/\/baselle.com\/en\/wp-json\/wp\/v2\/product\/14071","targetHints":{"allow":["GET"]}}],"collection":[{"href":"https:\/\/baselle.com\/en\/wp-json\/wp\/v2\/product"}],"about":[{"href":"https:\/\/baselle.com\/en\/wp-json\/wp\/v2\/types\/product"}],"wp:featuredmedia":[{"embeddable":true,"href":"https:\/\/baselle.com\/en\/wp-json\/wp\/v2\/media\/14109"}],"wp:attachment":[{"href":"https:\/\/baselle.com\/en\/wp-json\/wp\/v2\/media?parent=14071"}],"wp:term":[{"taxonomy":"product_brand","embeddable":true,"href":"https:\/\/baselle.com\/en\/wp-json\/wp\/v2\/product_brand?post=14071"},{"taxonomy":"product_cat","embeddable":true,"href":"https:\/\/baselle.com\/en\/wp-json\/wp\/v2\/product_cat?post=14071"},{"taxonomy":"product_tag","embeddable":true,"href":"https:\/\/baselle.com\/en\/wp-json\/wp\/v2\/product_tag?post=14071"}],"curies":[{"name":"wp","href":"https:\/\/api.w.org\/{rel}","templated":true}]}}