{"id":14055,"date":"2020-12-11T17:24:07","date_gmt":"2020-12-11T16:24:07","guid":{"rendered":"https:\/\/baselle.com\/?post_type=product&#038;p=14055"},"modified":"2023-02-23T10:47:21","modified_gmt":"2023-02-23T09:47:21","slug":"chanel-waist-bag-denim-14055","status":"publish","type":"product","link":"https:\/\/baselle.com\/en\/product\/chanel-waist-bag-denim-14055\/","title":{"rendered":"CHANEL Denim Waist Bag"},"content":{"rendered":"<p>\n<strong>CHANEL Denim Waist Bag Beschreibung<\/strong><\/p>\n<p>Diese originale CHANEL Denim Waist Bag vereint sportliches Design mit moderner Funktionalit\u00e4t. Sie ist aus samtigem Denim gefertigt und verf\u00fcgt \u00fcber einen breiten Schultergurt und goldfarbene Hardware-Akzente. Die Linien aus geflochtenem Tweed setzten einen ganz besonderen Kontrast.   <\/p>\n<p>Der Rei\u00dfverschluss mit einem \u00fcbergro\u00dfen Charm mit CHANEL-Signatur \u00f6ffnet sich zu einem Innenfutter aus Seide mit einem Rei\u00dfverschlussfach. Die Denim Waist Bag kann bequem diagonal am K\u00f6rper sowie einfach \u00fcber der Schulter getragen werden, so dass maximaler Tragekomfort garantiert ist.\n<\/p>\n<p>\n<strong>Excellent condition<\/strong><br \/>\nDiese CHANEL Denim Waist Bag aus zweiter Hand ist in einem hervorragenden Zustand. Die Tasche wurde kaum getragen. Dementsprechend sind der Denim-Stoff sowie die goldfarbene Hardware in einem sehr gepflegten Zustand. Auch das Tascheninnere ist sauber, ohne Ger\u00fcche und weist keine L\u00f6cher\/Risse auf.<\/p>\n<p>\n<strong>Style:<\/strong> Crossbody, Schultertasche<br \/>\n<strong>Rucksackgr\u00f6\u00dfe:<\/strong> Medium<br \/>\n<strong>Dimensions (approx.):<\/strong> Breite 24 cm * H\u00f6he 17 cm * Tiefe 7 cm\n<\/p>\n<p>\n<strong>Exterior material:<\/strong> Denim<br \/>\n<strong>Interior Material<\/strong> silk\n<\/p>\n<p>Die Bilder stellen die angebotene Handtasche dar und sind Eigentum von MyLovelyBoutique.com. <\/p>\n<p>Follow us on <a href=\"https:\/\/www.instagram.com\/mylovelyboutique.de\/\" rel=\"noopener noreferrer\" target=\"_blank\"><span style=\"color: #96588a;\">Instagram<\/span><\/a> and get inspired.<\/p>","protected":false},"excerpt":{"rendered":"<table class=\"mlb-product-details\">\n<tbody>\n<tr>\n<td class=\"mlb-details-caption\">Model<\/td>\n<td class=\"mlb-details-value\">Denim Waist Bag <\/td>\n<\/tr>\n<tr>\n<td class=\"mlb-details-caption\">Colour<\/td>\n<td class=\"mlb-details-value\">Marine\/Dark Blue<\/td>\n<\/tr>\n<tr>\n<td class=\"mlb-details-caption\">Hardware<\/td>\n<td class=\"mlb-details-value\">Hellgold mit Ruthenium-Finish<\/td>\n<\/tr>\n<tr>\n<td class=\"mlb-details-caption\">Year<\/td>\n<td class=\"mlb-details-value\">2018<\/td>\n<\/tr>\n<tr>\n<td class=\"mlb-details-caption\">Accessoires<\/td>\n<td class=\"mlb-details-value\">Invoice, dustbag, authenticity card, serialnumber with hologram<\/td>\n<\/tr>\n<tr>\n<td class=\"mlb-details-caption\">Condition<\/td>\n<td class=\"mlb-details-value\">Excellent condition<\/td>\n<\/tr>\n<\/tbody>\n<\/table>","protected":false},"featured_media":14058,"template":"","meta":[],"product_brand":[],"product_cat":[1430,87,154,85,99],"product_tag":[],"class_list":{"0":"post-14055","1":"product","2":"type-product","3":"status-publish","4":"has-post-thumbnail","6":"product_cat-chanel","7":"product_cat-crossbodytaschen","8":"product_cat-designer","9":"product_cat-schultertaschen","10":"product_cat-taschen","12":"first","13":"outofstock","14":"sold-individually","15":"shipping-taxable","16":"purchasable","17":"product-type-simple"},"_links":{"self":[{"href":"https:\/\/baselle.com\/en\/wp-json\/wp\/v2\/product\/14055","targetHints":{"allow":["GET"]}}],"collection":[{"href":"https:\/\/baselle.com\/en\/wp-json\/wp\/v2\/product"}],"about":[{"href":"https:\/\/baselle.com\/en\/wp-json\/wp\/v2\/types\/product"}],"wp:featuredmedia":[{"embeddable":true,"href":"https:\/\/baselle.com\/en\/wp-json\/wp\/v2\/media\/14058"}],"wp:attachment":[{"href":"https:\/\/baselle.com\/en\/wp-json\/wp\/v2\/media?parent=14055"}],"wp:term":[{"taxonomy":"product_brand","embeddable":true,"href":"https:\/\/baselle.com\/en\/wp-json\/wp\/v2\/product_brand?post=14055"},{"taxonomy":"product_cat","embeddable":true,"href":"https:\/\/baselle.com\/en\/wp-json\/wp\/v2\/product_cat?post=14055"},{"taxonomy":"product_tag","embeddable":true,"href":"https:\/\/baselle.com\/en\/wp-json\/wp\/v2\/product_tag?post=14055"}],"curies":[{"name":"wp","href":"https:\/\/api.w.org\/{rel}","templated":true}]}}