{"id":14036,"date":"2020-12-07T19:00:19","date_gmt":"2020-12-07T18:00:19","guid":{"rendered":"https:\/\/baselle.com\/?post_type=product&#038;p=14036"},"modified":"2021-02-17T16:47:50","modified_gmt":"2021-02-17T15:47:50","slug":"chanel-timeless-jersey-double-flap-bag-14036","status":"publish","type":"product","link":"https:\/\/baselle.com\/en\/product\/chanel-timeless-jersey-double-flap-bag-14036\/","title":{"rendered":"CHANEL Timeless Flap Bag"},"content":{"rendered":"<p>\n<strong>CHANEL Timeless Jersey Double Flap Bag Handtasche Beschreibung<\/strong><\/p>\n<p>Diese originale CHANEL Timeless Jersey Double Flap Bag Handtasche ist eine elegante, klassische Tasche im typisch zeitlosen Stil von Chanel. In ihrer mittleren Gr\u00f6\u00dfe eignet sie sich perfekt als Begleiter f\u00fcr untertags wie auch als Abendtasche &#8211; sie ist schlicht und dennoch ein absoluter Eyecatcher. Die klassische Handtasche ist aus braunem Jersey gefertigt und verf\u00fcgt \u00fcber gewebte Kettenriemen, ein CC-Turnlock und 24k vergoldete Hardware-Akzente.<\/p>\n<p>Der CC-Turnlock-Verschluss und die Klappe mit Druckknopfverschluss \u00f6ffnen sich zu einem Innenfutter aus feinster Seide, aufgeteilt in ein Hauptfach, zwei Steckf\u00e4cher und ein vorne aufgesetztes Steckfach. Des weiteren befindet sich unter der Lasche ein kleines Rei\u00dfverschlussfach und am Taschenr\u00fccken ein aufgesetztes Steckfach. Die Double Flap Bag kann kurz oder lang \u00fcber der Schulter getragen werden, so dass maximaler Tragekomfort garantiert ist. Eine komfortable und elegante Handtasche, die zu Chanels Klassikern im zeitlosen Stil z\u00e4hlt.\n<\/p>\n<p>\n<strong>Excellent condition<\/strong><br \/>\nDiese CHANEL Timeless Jersey Double Flap Bag Handtasche aus zweiter Hand ist insgesamt in einem hervorragenden Zustand. Der Jersey Stoff ist in einem wundersch\u00f6nen Zustand, auch die Ecken lassen keinerlei Abrieb erkennen. Das Tascheninnere ist sauber, ohne Ger\u00fcche und weist keine L\u00f6cher\/Risse auf. Die goldenen Hardware-Akzente sind ebenfalls in einem einwandfreien Zustand.\n<\/p>\n<p>\n<strong>Style:<\/strong> Shoulder Bag<br \/>\n<strong>Size:<\/strong> Medium<br \/>\n<strong>Dimensions (approx.):<\/strong> Breite 25 cm * H\u00f6he 15 cm * Tiefe 7 cm<br \/>\n<strong>Shoulder chain:<\/strong> einfach = 91 cm, doppelt = 54 cm\n<\/p>\n<p>\n<strong>Exterior material:<\/strong> Jersey<br \/>\n<strong>Interior Material<\/strong> silk\n<\/p>\n<p>The pictures represent the offered bag. The picture rights are held by MyLovelyBoutique.com. <\/p>\n<p>Follow us on <a href=\"https:\/\/www.instagram.com\/mylovelyboutique.de\/\" rel=\"noopener noreferrer\" target=\"_blank\"><span style=\"color: #96588a;\">Instagram<\/span><\/a> and get inspired. <\/p>","protected":false},"excerpt":{"rendered":"<br \/>\n<table class=\"mlb-product-details\">\n<tbody>\n<tr>\n<td class=\"mlb-details-caption\">Model<\/td>\n<td class=\"mlb-details-value\">Timeless Jersey Double Flap Bag<\/td>\n<\/tr>\n<tr>\n<td class=\"mlb-details-caption\">Colour<\/td>\n<td class=\"mlb-details-value\">Brown<\/td>\n<\/tr>\n<tr>\n<td class=\"mlb-details-caption\">Hardware<\/td>\n<td class=\"mlb-details-value\">24k vergoldet<\/td>\n<\/tr>\n<tr>\n<td class=\"mlb-details-caption\">Year<\/td>\n<td class=\"mlb-details-value\">1998<\/td>\n<\/tr>\n<tr>\n<td class=\"mlb-details-caption\">Accessoires<\/td>\n<td class=\"mlb-details-value\">Dustbag, authenticity card, serialnumber with hologram<\/td>\n<\/tr>\n<tr>\n<td class=\"mlb-details-caption\">Condition<\/td>\n<td class=\"mlb-details-value\">Excellent condition<\/td>\n<\/tr>\n<\/tbody>\n<\/table>","protected":false},"featured_media":14039,"template":"","meta":[],"product_brand":[],"product_cat":[1430,87,154,85,99],"product_tag":[],"class_list":{"0":"post-14036","1":"product","2":"type-product","3":"status-publish","4":"has-post-thumbnail","6":"product_cat-chanel","7":"product_cat-crossbodytaschen","8":"product_cat-designer","9":"product_cat-schultertaschen","10":"product_cat-taschen","12":"first","13":"outofstock","14":"sold-individually","15":"shipping-taxable","16":"purchasable","17":"product-type-simple"},"_links":{"self":[{"href":"https:\/\/baselle.com\/en\/wp-json\/wp\/v2\/product\/14036","targetHints":{"allow":["GET"]}}],"collection":[{"href":"https:\/\/baselle.com\/en\/wp-json\/wp\/v2\/product"}],"about":[{"href":"https:\/\/baselle.com\/en\/wp-json\/wp\/v2\/types\/product"}],"wp:featuredmedia":[{"embeddable":true,"href":"https:\/\/baselle.com\/en\/wp-json\/wp\/v2\/media\/14039"}],"wp:attachment":[{"href":"https:\/\/baselle.com\/en\/wp-json\/wp\/v2\/media?parent=14036"}],"wp:term":[{"taxonomy":"product_brand","embeddable":true,"href":"https:\/\/baselle.com\/en\/wp-json\/wp\/v2\/product_brand?post=14036"},{"taxonomy":"product_cat","embeddable":true,"href":"https:\/\/baselle.com\/en\/wp-json\/wp\/v2\/product_cat?post=14036"},{"taxonomy":"product_tag","embeddable":true,"href":"https:\/\/baselle.com\/en\/wp-json\/wp\/v2\/product_tag?post=14036"}],"curies":[{"name":"wp","href":"https:\/\/api.w.org\/{rel}","templated":true}]}}