{"id":13905,"date":"2020-11-08T11:44:21","date_gmt":"2020-11-08T10:44:21","guid":{"rendered":"https:\/\/baselle.com\/?post_type=product&#038;p=13905"},"modified":"2020-12-28T15:25:55","modified_gmt":"2020-12-28T14:25:55","slug":"chanel-boy-bag-small-samt-handtasche-13905","status":"publish","type":"product","link":"https:\/\/baselle.com\/en\/product\/chanel-boy-bag-small-samt-handtasche-13905\/","title":{"rendered":"CHANEL Boy Bag Small"},"content":{"rendered":"<p>\n<strong>CHANEL Boy Bag Small Samt Handtasche Beschreibung<\/strong><\/p>\n<p>Diese originale CHANEL Boy Bag Small Samt Handtasche besticht durch ihre robuste Form und ihre rebellische Attit\u00fcde. Dieses Modell ist aus dunkelgr\u00fcnem Samt gefertigt und verf\u00fcgt \u00fcber eine Gliederkette mit verstellbaren Lederriemen, einem CC-Pushlock und silberfarbene Hardware-Akzente.<\/p>\n<p>Die graphische Schlie\u00dfe \u00f6ffnet sich zu einem grauen Innenfutter aus Stoff mit einem Steckfach. Die Small Boy Flap Bag kann \u00fcber der Schulter sowie crossbody getragen werden, so dass maximaler Tragekomfort garantiert ist. Eine komfortable und elegante Handtasche, die inzwischen zu Chanels zeitlosen Klassikern z\u00e4hlt.\n<\/p>\n<p>\n<strong>Very good condition:<\/strong><br \/>\nDiese CHANEL Boy Bag Small Samt Handtasche aus zweiter Hand ist insgesamt in einem sehr guten Zustand. Der Samt-Stoff ist in einem guten Zustand &#8211; er ist sauber und frei von Ger\u00fcchen. Die silbernen Hardware-Akzente sind in einem sch\u00f6nen gepflegten Zustand. Das Tascheninnere ist sauber, ohne Ger\u00fcche und weist keine L\u00f6cher\/Risse auf.\n<\/p>\n<p>\n<strong>Style:<\/strong> Shoulder bag, clutch, crossbody<br \/>\n<strong>Size:<\/strong> Small<br \/>\n<strong>Dimensions (approx.):<\/strong> width 20,5 cm * height 12 cm * depth 8,5 cm<br \/>\n<strong>Strap length:<\/strong> single = 109 cm; double = 66 cm\n<\/p>\n<p>\n<strong>Exterior material:<\/strong> Samt, Leder<br \/>\n<strong>Interior Material<\/strong> fabric lining\n<\/p>\n<p>The pictures represent the offered bag. The picture rights are held by MyLovelyBoutique.com. <\/p>\n<p>Follow us on <a href=\"https:\/\/www.instagram.com\/mylovelyboutique.de\/\" rel=\"noopener noreferrer\" target=\"_blank\"><span style=\"color: #96588a;\">Instagram<\/span><\/a> and get inspired. <\/p>","protected":false},"excerpt":{"rendered":"<br \/>\n<table class=\"mlb-product-details\">\n<tbody>\n<tr>\n<td class=\"mlb-details-caption\">Model<\/td>\n<td class=\"mlb-details-value\">Boy Bag Small Samt<\/td>\n<\/tr>\n<tr>\n<td class=\"mlb-details-caption\">Colour<\/td>\n<td class=\"mlb-details-value\">Dark green<\/td>\n<\/tr>\n<tr>\n<td class=\"mlb-details-caption\">Hardware<\/td>\n<td class=\"mlb-details-value\">Silver with ruthenium finish<\/td>\n<\/tr>\n<tr>\n<td class=\"mlb-details-caption\">Year<\/td>\n<td class=\"mlb-details-value\">2013<\/td>\n<\/tr>\n<tr>\n<td class=\"mlb-details-caption\">Accessoires<\/td>\n<td class=\"mlb-details-value\">Dustbag, serialnumber with hologram<\/td>\n<\/tr>\n<tr>\n<td class=\"mlb-details-caption\">Condition<\/td>\n<td class=\"mlb-details-value\">Very good condition<\/td>\n<\/tr>\n<\/tbody>\n<\/table>","protected":false},"featured_media":13906,"template":"","meta":[],"product_brand":[],"product_cat":[1430,87,154,86,85,99],"product_tag":[],"class_list":{"0":"post-13905","1":"product","2":"type-product","3":"status-publish","4":"has-post-thumbnail","6":"product_cat-chanel","7":"product_cat-crossbodytaschen","8":"product_cat-designer","9":"product_cat-kleinetaschen","10":"product_cat-schultertaschen","11":"product_cat-taschen","13":"first","14":"outofstock","15":"sold-individually","16":"shipping-taxable","17":"purchasable","18":"product-type-simple"},"_links":{"self":[{"href":"https:\/\/baselle.com\/en\/wp-json\/wp\/v2\/product\/13905","targetHints":{"allow":["GET"]}}],"collection":[{"href":"https:\/\/baselle.com\/en\/wp-json\/wp\/v2\/product"}],"about":[{"href":"https:\/\/baselle.com\/en\/wp-json\/wp\/v2\/types\/product"}],"wp:featuredmedia":[{"embeddable":true,"href":"https:\/\/baselle.com\/en\/wp-json\/wp\/v2\/media\/13906"}],"wp:attachment":[{"href":"https:\/\/baselle.com\/en\/wp-json\/wp\/v2\/media?parent=13905"}],"wp:term":[{"taxonomy":"product_brand","embeddable":true,"href":"https:\/\/baselle.com\/en\/wp-json\/wp\/v2\/product_brand?post=13905"},{"taxonomy":"product_cat","embeddable":true,"href":"https:\/\/baselle.com\/en\/wp-json\/wp\/v2\/product_cat?post=13905"},{"taxonomy":"product_tag","embeddable":true,"href":"https:\/\/baselle.com\/en\/wp-json\/wp\/v2\/product_tag?post=13905"}],"curies":[{"name":"wp","href":"https:\/\/api.w.org\/{rel}","templated":true}]}}