{"id":13884,"date":"2020-11-20T12:28:48","date_gmt":"2020-11-20T11:28:48","guid":{"rendered":"https:\/\/baselle.com\/?post_type=product&#038;p=13884"},"modified":"2021-02-28T17:38:34","modified_gmt":"2021-02-28T16:38:34","slug":"louis-vuitton-mylockme-bb-13884","status":"publish","type":"product","link":"https:\/\/baselle.com\/en\/product\/louis-vuitton-mylockme-bb-13884\/","title":{"rendered":"Louis Vuitton Mylockme BB"},"content":{"rendered":"<p>\n<strong>Louis Vuitton Mylockme BB Leder Handtasche Beschreibung<\/strong><\/p>\n<p>Diese originale Louis Vuitton Mylockme BB Leder Handtasche ist ein kompaktes Lieblingsst\u00fcck f\u00fcr die moderne Frau. Das schlicht elegante Design macht aus diesem Modell die perfekte Alltagsbegleitung. Diese stilvolle Tasche ist aus geschmeidigem, genarbten Kalbsleder gefertigt und verf\u00fcgt \u00fcber eine eckige Silhouette. Weitere raffinierte Details sind der Schulterriemen aus Kettengliedern mit Lederbesatz, ein gro\u00dfes LV-Logo sowie silberfarbene Beschl\u00e4ge.  <\/p>\n<p>Der Drehverschluss mit LV Signatur \u00f6ffnet sich zu einem altrosanen Mikrofaserinnenfutter mit einem Hauptfach, einem Steckfach und einem vorne aufgesetzten Fach. Ein Rei\u00dfverschlussfach befindet sich auf dem Taschenr\u00fccken, welches sich ideal f\u00fcr die Aufbewahrung wichtiger Dinge des t\u00e4glichen Bedarfs eignet. Die Louis Vuitton Mylockme BB Leder Handtasche kann bequem \u00fcber der Schulter sowie diagonal am K\u00f6rper getragen werden.\n<\/p>\n<p>\n<strong>Very good condition:<\/strong><br \/>\nDiese Louis Vuitton Mylockme BB Leder Handtasche aus zweiter Hand ist insgesamt in einem sehr guten Zustand. Das genarbte Kalbsleder ist in einem sehr gepflegten Zustand. Das Tascheninnere ist sauber, ohne Ger\u00fcche und weist keine L\u00f6cher\/Risse auf. Auch die silberfarbene Hardware sowie der Lederbesatz des Schulterriemens sind in einem sehr guten Zustand.\n<\/p>\n<p>\n<strong>Style:<\/strong> Shoulder bag, handbag, crossbody<br \/>\n<strong>Size:<\/strong> BB<br \/>\n<strong>Dimensions (approx.):<\/strong> Breite 22,5 cm * H\u00f6he 17 cm * Tiefe 5,5 cm<br \/>\n<strong>Strap length (approx.):<\/strong> doppelt = 64 cm, einfach = 110 cm\n<\/p>\n<p>\n<strong>Exterior material:<\/strong> Grained calfskin leather<br \/>\n<strong>Interior Material<\/strong> microfibre lining\n<\/p>\n<p>The pictures represent the offered bag. The picture rights are held by MyLovelyBoutique.com.<\/p>\n<p>Follow us on <a href=\"https:\/\/www.instagram.com\/mylovelyboutique.de\/\" rel=\"noopener noreferrer\" target=\"_blank\"><span style=\"color: #96588a;\">Instagram<\/span><\/a> and get inspired. <\/p>","protected":false},"excerpt":{"rendered":"<table class=\"mlb-product-details\">\n<tbody>\n<tr>\n<td class=\"mlb-details-caption\">Model<\/td>\n<td class=\"mlb-details-value\">Louis Vuitton Mylockme BB<\/td>\n<\/tr>\n<tr>\n<td class=\"mlb-details-caption\">Colour<\/td>\n<td class=\"mlb-details-value\">Rose Boudoir<\/td>\n<\/tr>\n<tr>\n<td class=\"mlb-details-caption\">Hardware<\/td>\n<td class=\"mlb-details-value\">Silver<\/td>\n<\/tr>\n<tr>\n<td class=\"mlb-details-caption\">Year<\/td>\n<td class=\"mlb-details-value\">2018<\/td>\n<\/tr>\n<tr>\n<td class=\"mlb-details-caption\">Accessoires<\/td>\n<td class=\"mlb-details-value\">Box, dustbag<\/td>\n<\/tr>\n<tr>\n<td class=\"mlb-details-caption\">Condition<\/td>\n<td class=\"mlb-details-value\">Very good condition<\/td>\n<\/tr>\n<\/tbody>\n<\/table>","protected":false},"featured_media":13978,"template":"","meta":[],"product_brand":[],"product_cat":[87,154,1431,85,99],"product_tag":[],"class_list":{"0":"post-13884","1":"product","2":"type-product","3":"status-publish","4":"has-post-thumbnail","6":"product_cat-crossbodytaschen","7":"product_cat-designer","8":"product_cat-louisvuitton","9":"product_cat-schultertaschen","10":"product_cat-taschen","11":"product_shipping_class-bis1000","13":"first","14":"outofstock","15":"sold-individually","16":"shipping-taxable","17":"purchasable","18":"product-type-simple"},"_links":{"self":[{"href":"https:\/\/baselle.com\/en\/wp-json\/wp\/v2\/product\/13884","targetHints":{"allow":["GET"]}}],"collection":[{"href":"https:\/\/baselle.com\/en\/wp-json\/wp\/v2\/product"}],"about":[{"href":"https:\/\/baselle.com\/en\/wp-json\/wp\/v2\/types\/product"}],"wp:featuredmedia":[{"embeddable":true,"href":"https:\/\/baselle.com\/en\/wp-json\/wp\/v2\/media\/13978"}],"wp:attachment":[{"href":"https:\/\/baselle.com\/en\/wp-json\/wp\/v2\/media?parent=13884"}],"wp:term":[{"taxonomy":"product_brand","embeddable":true,"href":"https:\/\/baselle.com\/en\/wp-json\/wp\/v2\/product_brand?post=13884"},{"taxonomy":"product_cat","embeddable":true,"href":"https:\/\/baselle.com\/en\/wp-json\/wp\/v2\/product_cat?post=13884"},{"taxonomy":"product_tag","embeddable":true,"href":"https:\/\/baselle.com\/en\/wp-json\/wp\/v2\/product_tag?post=13884"}],"curies":[{"name":"wp","href":"https:\/\/api.w.org\/{rel}","templated":true}]}}