{"id":13860,"date":"2020-11-01T14:56:08","date_gmt":"2020-11-01T13:56:08","guid":{"rendered":"https:\/\/baselle.com\/?post_type=product&#038;p=13860"},"modified":"2020-11-20T12:34:56","modified_gmt":"2020-11-20T11:34:56","slug":"chanel-2-55-reissue-puzzle-double-flap-bag-lackleder-13860","status":"publish","type":"product","link":"https:\/\/baselle.com\/en\/product\/chanel-2-55-reissue-puzzle-double-flap-bag-lackleder-13860\/","title":{"rendered":"CHANEL 2.55 Reissue Flap Bag"},"content":{"rendered":"<p>\n<strong>CHANEL 2.55 Reissue Puzzle Double Flap Bag Handtasche Beschreibung<\/strong><\/p>\n<p>Diese originale CHANEL 2.55 Reissue Puzzle Double Flap Bag Handtasche ist eine schicke und klassische Tasche in typisch zeitloser Form von Chanel. In ihrer mittleren Gr\u00f6\u00dfe eignet sie sich perfekt als Everyday-Bag, denn sie bietet genug Platz f\u00fcr Portemonnaie, Schl\u00fcssel, Smartphone und Kosmetik. Die Reissue Bag 226 ist aus Lackleder in Puzzle-Optik gefertigt und verf\u00fcgt \u00fcber einen flexiblen Kettenriemen, ein Mademoiselle-Turnlock und goldfarbene Hardware-Akzente mit Ruthenium-Finish.<\/p>\n<p>Der Mademoiselle-Turnlock-Verschluss und die Klappe mit Druckknopfverschluss \u00f6ffnen sich zu einem Lederfutter, aufgeteilt in ein Hauptfach, zwei Steckf\u00e4cher und ein vorne aufgesetztes Steckfach. Des weiteren befindet sich unter der Lasche ein kleines Rei\u00dfverschlussfach und am Taschenr\u00fccken ein aufgesetztes Steckfach. Die Double Flap Bag kann kurz oder lang \u00fcber der Schulter getragen werden, so dass maximaler Tragekomfort garantiert ist. Eine komfortable und schlichte Handtasche, die Chanels klassisches Design verk\u00f6rpert.\n<\/p>\n<p>\n<strong>Very good condition:<\/strong><br \/>\nDiese CHANEL 2.55 Reissue Puzzle Double Flap Bag Handtasche aus zweiter Hand ist insgesamt in einem sehr guten Zustand. Das Kalbslackleder -auch die Taschenecken- sind in einem gepflegten Zustand. Die goldenen Hardware-Akzente sind in einem guten Zustand. Das Tascheninnere ist sauber und weist keine L\u00f6cher\/Risse auf.\n<\/p>\n<p>\n<strong>Style:<\/strong> Shoulder bag, clutch, crossbody<br \/>\n<strong>Size:<\/strong> Medium<br \/>\n<strong>Dimensions (approx.):<\/strong> Breite 28 cm * H\u00f6he 17 cm * Tiefe 9 cm<br \/>\n<strong>Shoulder chain:<\/strong> einfach = 105 cm; doppelt = 64 cm\n<\/p>\n<p>\n<strong>Exterior material:<\/strong> Kalbslackleder in Puzzle-Optik<br \/>\n<strong>Interior Material<\/strong> leather\n<\/p>\n<p>The pictures represent the offered bag. The picture rights are held by MyLovelyBoutique.com. <\/p>\n<p>Follow us on <a href=\"https:\/\/www.instagram.com\/mylovelyboutique.de\/\" rel=\"noopener noreferrer\" target=\"_blank\"><span style=\"color: #96588a;\">Instagram<\/span><\/a> and get inspired.  <\/p>","protected":false},"excerpt":{"rendered":"<br \/>\n<table class=\"mlb-product-details\">\n<tbody>\n<tr>\n<td class=\"mlb-details-caption\">Model<\/td>\n<td class=\"mlb-details-value\">2.55 Reissue Puzzle Double Flap Bag 226<\/td>\n<\/tr>\n<tr>\n<td class=\"mlb-details-caption\">Colour<\/td>\n<td class=\"mlb-details-value\">Dark green<\/td>\n<\/tr>\n<tr>\n<td class=\"mlb-details-caption\">Hardware<\/td>\n<td class=\"mlb-details-value\">Gold with ruthenium finish<\/td>\n<\/tr>\n<tr>\n<td class=\"mlb-details-caption\">Year<\/td>\n<td class=\"mlb-details-value\">2009<\/td>\n<\/tr>\n<tr>\n<td class=\"mlb-details-caption\">Accessoires<\/td>\n<td class=\"mlb-details-value\">Box, Authentizit\u00e4tskarte, Seriennummer mit Hologramm<\/td>\n<\/tr>\n<tr>\n<td class=\"mlb-details-caption\">Condition<\/td>\n<td class=\"mlb-details-value\">Very good condition<\/td>\n<\/tr>\n<\/tbody>\n<\/table>","protected":false},"featured_media":13863,"template":"","meta":[],"product_brand":[],"product_cat":[1430,87,154,85,99],"product_tag":[],"class_list":{"0":"post-13860","1":"product","2":"type-product","3":"status-publish","4":"has-post-thumbnail","6":"product_cat-chanel","7":"product_cat-crossbodytaschen","8":"product_cat-designer","9":"product_cat-schultertaschen","10":"product_cat-taschen","11":"product_shipping_class-bis1000","13":"first","14":"outofstock","15":"sold-individually","16":"shipping-taxable","17":"purchasable","18":"product-type-simple"},"_links":{"self":[{"href":"https:\/\/baselle.com\/en\/wp-json\/wp\/v2\/product\/13860","targetHints":{"allow":["GET"]}}],"collection":[{"href":"https:\/\/baselle.com\/en\/wp-json\/wp\/v2\/product"}],"about":[{"href":"https:\/\/baselle.com\/en\/wp-json\/wp\/v2\/types\/product"}],"wp:featuredmedia":[{"embeddable":true,"href":"https:\/\/baselle.com\/en\/wp-json\/wp\/v2\/media\/13863"}],"wp:attachment":[{"href":"https:\/\/baselle.com\/en\/wp-json\/wp\/v2\/media?parent=13860"}],"wp:term":[{"taxonomy":"product_brand","embeddable":true,"href":"https:\/\/baselle.com\/en\/wp-json\/wp\/v2\/product_brand?post=13860"},{"taxonomy":"product_cat","embeddable":true,"href":"https:\/\/baselle.com\/en\/wp-json\/wp\/v2\/product_cat?post=13860"},{"taxonomy":"product_tag","embeddable":true,"href":"https:\/\/baselle.com\/en\/wp-json\/wp\/v2\/product_tag?post=13860"}],"curies":[{"name":"wp","href":"https:\/\/api.w.org\/{rel}","templated":true}]}}