{"id":13843,"date":"2020-12-03T13:00:44","date_gmt":"2020-12-03T12:00:44","guid":{"rendered":"https:\/\/baselle.com\/?post_type=product&#038;p=13843"},"modified":"2021-09-20T17:50:28","modified_gmt":"2021-09-20T15:50:28","slug":"chanel-victory-mini-flap-bag-13843","status":"publish","type":"product","link":"https:\/\/baselle.com\/en\/product\/chanel-victory-mini-flap-bag-13843\/","title":{"rendered":"CHANEL Mini Flap Bag"},"content":{"rendered":"<p>\n<strong>CHANEL Victory Peace Sign Emoji Mini Flap Bag Handtasche Beschreibung<\/strong><\/p>\n<p>Diese originale CHANEL Victory Peace Sign Emoji Mini Flap Bag Handtasche ist ein wahrer Eyecatcher im typisch zeitlosen Stil von Chanel. Das V for Victory Emoji pr\u00e4sentiert gekonnt Detailverliebtheit und verleiht der Tasche das gewisse Etwas. In ihrer kleinen Gr\u00f6\u00dfe eignet sie sich perfekt als Abendtasche sowie f\u00fcr besondere Anl\u00e4sse. Die Mini Timeless ist aus gestepptem Lammleder gefertigt und verf\u00fcgt \u00fcber gewebte Kettenriemen, einem CC-Turnlock und hellgoldene Hardware-Akzente.<\/p>\n<p>Der CC-Turnlock-Verschluss \u00f6ffnet sich zu einem gleichfarbigen Lederfutter mit einem Steckfach. Die Mini Flap Bag kann \u00fcber der Schulter sowie Crossbody getragen werden, so dass maximaler Tragekomfort garantiert ist. Eine komfortable und kompakte Handtasche, die Chanels klassisches Design verk\u00f6rpert.\n<\/p>\n<p>\n<strong>Excellent condition<\/strong><br \/>\nDiese CHANEL Victory Peace Sign Emoji Mini Flap Bag Handtasche aus zweiter Hand ist insgesamt in einem hervorragenden Zustand. Das Lammleder ist in einem wundersch\u00f6nen Zustand, auch die Ecken lassen keinerlei Gebrauchspuren erkennen. Das Tascheninnere ist sauber, ohne Ger\u00fcche und weist keine L\u00f6cher\/Risse auf. Die goldfarbenen Hardware-Akzente und das Emoji sind ebenfalls in einem einwandfreien Zustand. Dementsprechend fehlt auch kein Strasssteinchen.\n<\/p>\n<p>\n<strong>Style:<\/strong> Shoulder bag, clutch, crossbody<br \/>\n<strong>Size:<\/strong> Mini<br \/>\n<strong>Dimensions (approx.):<\/strong> Breite 17 cm * H\u00f6he 10 cm * Tiefe 6 cm<br \/>\n<strong>Shoulder chain:<\/strong> 118 cm\n<\/p>\n<p>\n<strong>Exterior material:<\/strong> Lambskin leather<br \/>\n<strong>Interior Material<\/strong> leather\n<\/p>\n<p>The pictures represent the offered bag. The picture rights are held by MyLovelyBoutique.com. <\/p>\n<p>Follow us on <a href=\"https:\/\/www.instagram.com\/mylovelyboutique.de\/\" rel=\"noopener noreferrer\" target=\"_blank\"><span style=\"color: #96588a;\">Instagram<\/span><\/a> and get inspired. <\/p>","protected":false},"excerpt":{"rendered":"<br \/>\n<table class=\"mlb-product-details\">\n<tbody>\n<tr>\n<td class=\"mlb-details-caption\">Model<\/td>\n<td class=\"mlb-details-value\">Victory Peace Sign Emoji Mini Flap Bag<\/td>\n<\/tr>\n<tr>\n<td class=\"mlb-details-caption\">Colour<\/td>\n<td class=\"mlb-details-value\">Red<\/td>\n<\/tr>\n<tr>\n<td class=\"mlb-details-caption\">Hardware<\/td>\n<td class=\"mlb-details-value\">Light gold<\/td>\n<\/tr>\n<tr>\n<td class=\"mlb-details-caption\">Year<\/td>\n<td class=\"mlb-details-value\">2016<\/td>\n<\/tr>\n<tr>\n<td class=\"mlb-details-caption\">Accessoires<\/td>\n<td class=\"mlb-details-value\">Dustbag, authenticity card, serialnumber with hologram<\/td>\n<\/tr>\n<tr>\n<td class=\"mlb-details-caption\">Condition<\/td>\n<td class=\"mlb-details-value\">Excellent condition<\/td>\n<\/tr>\n<\/tbody>\n<\/table>","protected":false},"featured_media":13998,"template":"","meta":[],"product_brand":[],"product_cat":[1430,87,154,86,85,99],"product_tag":[],"class_list":{"0":"post-13843","1":"product","2":"type-product","3":"status-publish","4":"has-post-thumbnail","6":"product_cat-chanel","7":"product_cat-crossbodytaschen","8":"product_cat-designer","9":"product_cat-kleinetaschen","10":"product_cat-schultertaschen","11":"product_cat-taschen","13":"first","14":"outofstock","15":"sold-individually","16":"shipping-taxable","17":"purchasable","18":"product-type-simple"},"_links":{"self":[{"href":"https:\/\/baselle.com\/en\/wp-json\/wp\/v2\/product\/13843","targetHints":{"allow":["GET"]}}],"collection":[{"href":"https:\/\/baselle.com\/en\/wp-json\/wp\/v2\/product"}],"about":[{"href":"https:\/\/baselle.com\/en\/wp-json\/wp\/v2\/types\/product"}],"wp:featuredmedia":[{"embeddable":true,"href":"https:\/\/baselle.com\/en\/wp-json\/wp\/v2\/media\/13998"}],"wp:attachment":[{"href":"https:\/\/baselle.com\/en\/wp-json\/wp\/v2\/media?parent=13843"}],"wp:term":[{"taxonomy":"product_brand","embeddable":true,"href":"https:\/\/baselle.com\/en\/wp-json\/wp\/v2\/product_brand?post=13843"},{"taxonomy":"product_cat","embeddable":true,"href":"https:\/\/baselle.com\/en\/wp-json\/wp\/v2\/product_cat?post=13843"},{"taxonomy":"product_tag","embeddable":true,"href":"https:\/\/baselle.com\/en\/wp-json\/wp\/v2\/product_tag?post=13843"}],"curies":[{"name":"wp","href":"https:\/\/api.w.org\/{rel}","templated":true}]}}