{"id":13841,"date":"2020-10-30T11:41:45","date_gmt":"2020-10-30T10:41:45","guid":{"rendered":"https:\/\/baselle.com\/?post_type=product&#038;p=13841"},"modified":"2020-11-14T12:25:22","modified_gmt":"2020-11-14T11:25:22","slug":"louis-vuitton-alma-pm-monogram-vernis-rouge-fauviste-13841","status":"publish","type":"product","link":"https:\/\/baselle.com\/en\/product\/louis-vuitton-alma-pm-monogram-vernis-rouge-fauviste-13841\/","title":{"rendered":"Louis Vuitton Alma PM"},"content":{"rendered":"<p>\n<strong>Louis Vuitton Alma PM Monogram Vernis Leder Handtasche Beschreibung<\/strong><\/p>\n<p>Diese originale Louis Vuitton Alma Monogram Vernis Epi Leder Handtasche ist eine stilvolle Handtasche und geh\u00f6rt zu den zeitlosen Ikonen von Louis Vuitton. Mit der klassischen Form und dem ger\u00e4umigen Interieur ist dieses raffinierte Modell ein praktischer und stylischer Alltagsbegleiter. Die Alma PM Handtasche ist aus Monogram gepr\u00e4gten Kalbslackleder gefertigt. Sie verf\u00fcgt \u00fcber einen Doppel-Rei\u00dfverschluss, goldfarbene Hardware-Akzente sowie doppelt gerollte weiche Ledergriffe f\u00fcr maximalen Tragekomfort.<\/p>\n<p>Der umlaufende Rei\u00dfverschluss \u00f6ffnet sich zu einem Innenfutter mit zwei Steckf\u00e4chern, die sich ideal f\u00fcr die Aufbewahrung wichtiger Dinge des t\u00e4glichen Bedarfs eignen. Die Louis Vuitton Alma pr\u00e4sentiert gekonnt den besonderen Hauch von Luxus und Stil von Louis Vuitton.\n<\/p>\n<p>\n<strong>Mint condition<\/strong><br \/>\nDiese Louis Vuitton Alma Monogram Vernis Leder Handtasche aus zweiter Hand ist in einem neuwertigen Zustand. Dementsprechend sind das gepr\u00e4gte Monogram Vernis Leder, das glatte Kalbslackleder sowie die goldfarbene Hardware in einem einwandfreien Zustand. Das Tascheninnere ist sauber, ohne Ger\u00fcche und weist keine L\u00f6cher\/Risse auf.\n<\/p>\n<p>\n<strong>Style:<\/strong> Handbag<br \/>\n<strong>Size:<\/strong> PM<br \/>\n<strong>Dimensions (approx.):<\/strong> Breite 32 cm * H\u00f6he 25 cm * Tiefe 16 cm\n<\/p>\n<p>\n<strong>Exterior material:<\/strong> Gepr\u00e4gtes Monogram Vernis Leder<br \/>\n<strong>Interior Material<\/strong> fabric lining\n<\/p>\n<p>The pictures represent the offered bag. The picture rights are held by MyLovelyBoutique.com. <\/p>\n<p>Follow us on <a href=\"https:\/\/www.instagram.com\/mylovelyboutique.de\/\" rel=\"noopener noreferrer\" target=\"_blank\"><span style=\"color: #96588a;\">Instagram<\/span><\/a> and get inspired. <\/p>","protected":false},"excerpt":{"rendered":"<table class=\"mlb-product-details\">\n<tbody>\n<tr>\n<td class=\"mlb-details-caption\">Model<\/td>\n<td class=\"mlb-details-value\">Alma PM Monogram Vernis Leder<\/td>\n<\/tr>\n<tr>\n<td class=\"mlb-details-caption\">Colour<\/td>\n<td class=\"mlb-details-value\">Rouge Fauviste<\/td>\n<\/tr>\n<tr>\n<td class=\"mlb-details-caption\">Hardware<\/td>\n<td class=\"mlb-details-value\">Gold<\/td>\n<\/tr>\n<tr>\n<td class=\"mlb-details-caption\">Year<\/td>\n<td class=\"mlb-details-value\">2013<\/td>\n<\/tr>\n<tr>\n<td class=\"mlb-details-caption\">Accessoires<\/td>\n<td class=\"mlb-details-value\">Box, Staubbeutel, Schloss + Schl\u00fcssel, Clochette, LV-Booklet<\/td>\n<\/tr>\n<tr>\n<td class=\"mlb-details-caption\">Condition<\/td>\n<td class=\"mlb-details-value\">Mint condition<\/td>\n<\/tr>\n<\/tbody>\n<\/table>","protected":false},"featured_media":13848,"template":"","meta":[],"product_brand":[],"product_cat":[154,68,1431,99],"product_tag":[],"class_list":{"0":"post-13841","1":"product","2":"type-product","3":"status-publish","4":"has-post-thumbnail","6":"product_cat-designer","7":"product_cat-handtaschen","8":"product_cat-louisvuitton","9":"product_cat-taschen","10":"product_shipping_class-bis2500","12":"first","13":"outofstock","14":"sold-individually","15":"shipping-taxable","16":"purchasable","17":"product-type-simple"},"_links":{"self":[{"href":"https:\/\/baselle.com\/en\/wp-json\/wp\/v2\/product\/13841","targetHints":{"allow":["GET"]}}],"collection":[{"href":"https:\/\/baselle.com\/en\/wp-json\/wp\/v2\/product"}],"about":[{"href":"https:\/\/baselle.com\/en\/wp-json\/wp\/v2\/types\/product"}],"wp:featuredmedia":[{"embeddable":true,"href":"https:\/\/baselle.com\/en\/wp-json\/wp\/v2\/media\/13848"}],"wp:attachment":[{"href":"https:\/\/baselle.com\/en\/wp-json\/wp\/v2\/media?parent=13841"}],"wp:term":[{"taxonomy":"product_brand","embeddable":true,"href":"https:\/\/baselle.com\/en\/wp-json\/wp\/v2\/product_brand?post=13841"},{"taxonomy":"product_cat","embeddable":true,"href":"https:\/\/baselle.com\/en\/wp-json\/wp\/v2\/product_cat?post=13841"},{"taxonomy":"product_tag","embeddable":true,"href":"https:\/\/baselle.com\/en\/wp-json\/wp\/v2\/product_tag?post=13841"}],"curies":[{"name":"wp","href":"https:\/\/api.w.org\/{rel}","templated":true}]}}