{"id":13784,"date":"2020-10-07T15:25:41","date_gmt":"2020-10-07T13:25:41","guid":{"rendered":"https:\/\/baselle.com\/?post_type=product&#038;p=13784"},"modified":"2020-10-16T11:06:54","modified_gmt":"2020-10-16T09:06:54","slug":"louis-vuitton-artsy-mm-monogram-empreinte-leder-schwarz-13784","status":"publish","type":"product","link":"https:\/\/baselle.com\/en\/product\/louis-vuitton-artsy-mm-monogram-empreinte-leder-schwarz-13784\/","title":{"rendered":"Louis Vuitton Artsy MM"},"content":{"rendered":"<p>\n<strong>Louis Vuitton Artsy MM Mon. Empreinte Leder Handtasche Beschreibung<\/strong> <\/p>\n<p>Diese originale Louis Vuitton Artsy MM Mon. Empreinte Leder Handtasche ist ein elegantes Lieblingsst\u00fcck f\u00fcr die moderne Frau. Mit der trapezf\u00f6rmigen Silhouette und dem ger\u00e4umigen Interieur ist diese strukturierte Schultertasche ein praktischer und stylischer Alltagsbegleiter. Sie ist aus charakteristischem Monogram Empreinte Rindsleder gefertigt und verf\u00fcgt \u00fcber goldfarbene Hardware-Akzente, sch\u00fctzende Taschenf\u00fc\u00dfe sowie handvern\u00e4hte Ledergriffe. <\/p>\n<p>Das Modell \u00f6ffnet sich zu einem gro\u00dfen Innenfach mit zahlreichen Steckf\u00e4chern und einem Rei\u00dfverschlussinnenfach. Der kreuzstich vern\u00e4hte Schulterriemen garantiert Dir maximalen Tragekomfort im Alltag. Die Artsy MM kann bequem an der Hand oder \u00fcber der Schulter oder getragen werden. Dies macht aus diesem schicken Modell eine Favourite-Bag f\u00fcr Arbeit und Alltag.\n<\/p>\n<p>\n<strong>Mint condition<\/strong><br \/>\nDiese Louis Vuitton Artsy MM Mon. Empreinte Leder Handtasche aus zweiter Hand ist in einem neuwertigen Zustand. Dementsprechend ist das gepr\u00e4gte Rindsleder, die goldfarbenen Hardware-Akzente sowie das Tascheninnere in einem einwandfreien Zustand.\n<\/p>\n<p>\n<strong>Style:<\/strong> Shoulder bag, handbag<br \/>\n<strong>Size:<\/strong> MM<br \/>\n<strong>Dimensions (approx.):<\/strong> Breite 41 cm * H\u00f6he 32 cm * Tiefe 22 cm\n<\/p>\n<p>\n<strong>Exterior material:<\/strong> Grained cowhide leather<br \/>\n<strong>Interior Material<\/strong> fabric lining\n<\/p>\n<p>The pictures represent the offered bag. The picture rights are held by MyLovelyBoutique.com. <\/p>\n<p>Follow us on <a href=\"https:\/\/www.instagram.com\/mylovelyboutique.de\/\" rel=\"noopener noreferrer\" target=\"_blank\"><span style=\"color: #96588a;\">Instagram<\/span><\/a> and get inspired. <\/p>","protected":false},"excerpt":{"rendered":"<table class=\"mlb-product-details\">\n<tbody>\n<tr>\n<td class=\"mlb-details-caption\">Model<\/td>\n<td class=\"mlb-details-value\">Artsy MM Mon. Empreinte (M41066)<\/td>\n<\/tr>\n<tr>\n<td class=\"mlb-details-caption\">Colour<\/td>\n<td class=\"mlb-details-value\">Black<\/td>\n<\/tr>\n<tr>\n<td class=\"mlb-details-caption\">Hardware<\/td>\n<td class=\"mlb-details-value\">Gold<\/td>\n<\/tr>\n<tr>\n<td class=\"mlb-details-caption\">Year<\/td>\n<td class=\"mlb-details-value\">2020<\/td>\n<\/tr>\n<tr>\n<td class=\"mlb-details-caption\">Accessoires<\/td>\n<td class=\"mlb-details-value\">LV-Rechnung, Box, Staubbeutel, Anh\u00e4nger mit Schl\u00fcsselring, LV-Booklet, LV-Materialinfo, LV-Produktinfo<\/td>\n<\/tr>\n<tr>\n<td class=\"mlb-details-caption\">Condition<\/td>\n<td class=\"mlb-details-value\">Mint condition<\/td>\n<\/tr>\n<\/tbody>\n<\/table>","protected":false},"featured_media":13787,"template":"","meta":[],"product_brand":[],"product_cat":[154,68,1431,85,99],"product_tag":[],"class_list":{"0":"post-13784","1":"product","2":"type-product","3":"status-publish","4":"has-post-thumbnail","6":"product_cat-designer","7":"product_cat-handtaschen","8":"product_cat-louisvuitton","9":"product_cat-schultertaschen","10":"product_cat-taschen","12":"first","13":"outofstock","14":"sold-individually","15":"shipping-taxable","16":"purchasable","17":"product-type-simple"},"_links":{"self":[{"href":"https:\/\/baselle.com\/en\/wp-json\/wp\/v2\/product\/13784","targetHints":{"allow":["GET"]}}],"collection":[{"href":"https:\/\/baselle.com\/en\/wp-json\/wp\/v2\/product"}],"about":[{"href":"https:\/\/baselle.com\/en\/wp-json\/wp\/v2\/types\/product"}],"wp:featuredmedia":[{"embeddable":true,"href":"https:\/\/baselle.com\/en\/wp-json\/wp\/v2\/media\/13787"}],"wp:attachment":[{"href":"https:\/\/baselle.com\/en\/wp-json\/wp\/v2\/media?parent=13784"}],"wp:term":[{"taxonomy":"product_brand","embeddable":true,"href":"https:\/\/baselle.com\/en\/wp-json\/wp\/v2\/product_brand?post=13784"},{"taxonomy":"product_cat","embeddable":true,"href":"https:\/\/baselle.com\/en\/wp-json\/wp\/v2\/product_cat?post=13784"},{"taxonomy":"product_tag","embeddable":true,"href":"https:\/\/baselle.com\/en\/wp-json\/wp\/v2\/product_tag?post=13784"}],"curies":[{"name":"wp","href":"https:\/\/api.w.org\/{rel}","templated":true}]}}