{"id":13713,"date":"2020-10-03T12:22:05","date_gmt":"2020-10-03T10:22:05","guid":{"rendered":"https:\/\/baselle.com\/?post_type=product&#038;p=13713"},"modified":"2023-08-06T14:16:39","modified_gmt":"2023-08-06T12:16:39","slug":"chanel-rectangular-flap-bag-lack-schwarz-13713","status":"publish","type":"product","link":"https:\/\/baselle.com\/en\/product\/chanel-rectangular-flap-bag-lack-schwarz-13713\/","title":{"rendered":"CHANEL Rectangular Flap Bag"},"content":{"rendered":"<p>\n<strong>CHANEL Rectangular Mini Flap Bag Handtasche Beschreibung<\/strong><\/p>\n<p>Diese originale CHANEL Rectangular Mini Flap Bag Handtasche ist ein zeitloses Accessoire im klassischen Stil von Chanel. In ihrer kleinen Gr\u00f6\u00dfe eignet sie sich perfekt als Abendtasche, bietet dennoch genug Platz f\u00fcr eine kompakte Geldb\u00f6rse, Schl\u00fcssel und Smartphone, so dass sie sich auch f\u00fcr den Alltag eignen kann. Die Mini-Rectangular ist aus gestepptem Kalbslackleder gefertigt und verf\u00fcgt \u00fcber gewebte Kettenriemen, ein CC-Turnlock und hellgoldene Hardware-Akzente.<\/p>\n<p>Der CC-Turnlock-Verschluss \u00f6ffnet sich zu einem gleichfarbigen Lederfutter mit einem Steckfach sowie einem Rei\u00dfverschlussfach. Am Taschenr\u00fccken befindet sich ein weiteres aufgesetztes Steckfach. Die kleine Flap Bag Handtasche kann \u00fcber der Schulter sowie Crossbody getragen werden, so dass maximaler Tragekomfort garantiert ist. Eine komfortable und kompakte Handtasche, die Chanels klassisches Design verk\u00f6rpert.\n<\/p>\n<p>\n<strong>Excellent condition<\/strong><br \/>\nDiese CHANEL Rectangular Mini Flap Bag Handtasche aus zweiter Hand ist insgesamt in einem hervorragenden Zustand. Die Tasche wurde kaum getragen. Dementsprechend sind das Kalbslackleder sowie die hellgoldfarbene Hardware in einem sehr gepflegten Zustand. Auch das Tascheninnere ist sauber, ohne Ger\u00fcche und weist keine L\u00f6cher\/Risse auf.<\/p>\n<p>\n<strong>Style:<\/strong> Shoulder bag, clutch, crossbody<br \/>\n<strong>Size:<\/strong> Mini<br \/>\n<strong>Dimensions (approx.):<\/strong> width 20 cm * height 12 cm * depth 6,5 cm<br \/>\n<strong>Shoulder chain:<\/strong> 120 cm\n<\/p>\n<p>\n<strong>Exterior material:<\/strong> Patent calfskin leather<br \/>\n<strong>Interior Material<\/strong> leather\n<\/p>\n<p>The pictures represent the offered bag. The picture rights are held by MyLovelyBoutique.com. <\/p>\n<p>Follow us on <a href=\"https:\/\/www.instagram.com\/mylovelyboutique.de\/\" rel=\"noopener noreferrer\" target=\"_blank\"><span style=\"color: #96588a;\">Instagram<\/span><\/a> and get inspired. <\/p>","protected":false},"excerpt":{"rendered":"<table class=\"mlb-product-details\">\n<tbody>\n<tr>\n<td class=\"mlb-details-caption\">Model<\/td>\n<td class=\"mlb-details-value\">Rectangular Mini Flap Bag<\/td>\n<\/tr>\n<tr>\n<td class=\"mlb-details-caption\">Colour<\/td>\n<td class=\"mlb-details-value\">Black<\/td>\n<\/tr>\n<tr>\n<td class=\"mlb-details-caption\">Hardware<\/td>\n<td class=\"mlb-details-value\">Light gold<\/td>\n<\/tr>\n<tr>\n<td class=\"mlb-details-caption\">Year<\/td>\n<td class=\"mlb-details-value\">2020<\/td>\n<\/tr>\n<tr>\n<td class=\"mlb-details-caption\">Accessoires<\/td>\n<td class=\"mlb-details-value\">Dustbag, authenticity card, serialnumber with hologram<\/td>\n<\/tr>\n<tr>\n<td class=\"mlb-details-caption\">Condition<\/td>\n<td class=\"mlb-details-value\">Excellent condition<\/td>\n<\/tr>\n<\/tbody>\n<\/table>","protected":false},"featured_media":13764,"template":"","meta":[],"product_brand":[],"product_cat":[1430,87,154,86,99],"product_tag":[],"class_list":{"0":"post-13713","1":"product","2":"type-product","3":"status-publish","4":"has-post-thumbnail","6":"product_cat-chanel","7":"product_cat-crossbodytaschen","8":"product_cat-designer","9":"product_cat-kleinetaschen","10":"product_cat-taschen","11":"product_shipping_class-bis5000","13":"first","14":"outofstock","15":"sold-individually","16":"shipping-taxable","17":"purchasable","18":"product-type-simple"},"_links":{"self":[{"href":"https:\/\/baselle.com\/en\/wp-json\/wp\/v2\/product\/13713","targetHints":{"allow":["GET"]}}],"collection":[{"href":"https:\/\/baselle.com\/en\/wp-json\/wp\/v2\/product"}],"about":[{"href":"https:\/\/baselle.com\/en\/wp-json\/wp\/v2\/types\/product"}],"wp:featuredmedia":[{"embeddable":true,"href":"https:\/\/baselle.com\/en\/wp-json\/wp\/v2\/media\/13764"}],"wp:attachment":[{"href":"https:\/\/baselle.com\/en\/wp-json\/wp\/v2\/media?parent=13713"}],"wp:term":[{"taxonomy":"product_brand","embeddable":true,"href":"https:\/\/baselle.com\/en\/wp-json\/wp\/v2\/product_brand?post=13713"},{"taxonomy":"product_cat","embeddable":true,"href":"https:\/\/baselle.com\/en\/wp-json\/wp\/v2\/product_cat?post=13713"},{"taxonomy":"product_tag","embeddable":true,"href":"https:\/\/baselle.com\/en\/wp-json\/wp\/v2\/product_tag?post=13713"}],"curies":[{"name":"wp","href":"https:\/\/api.w.org\/{rel}","templated":true}]}}