{"id":13678,"date":"2020-09-08T17:02:12","date_gmt":"2020-09-08T15:02:12","guid":{"rendered":"https:\/\/baselle.com\/?post_type=product&#038;p=13678"},"modified":"2023-02-01T17:35:26","modified_gmt":"2023-02-01T16:35:26","slug":"chanel-pearl-flap-bag-leder-handtasche-schwarz-13678","status":"publish","type":"product","link":"https:\/\/baselle.com\/en\/product\/chanel-pearl-flap-bag-leder-handtasche-schwarz-13678\/","title":{"rendered":"CHANEL Pearl Flap Bag"},"content":{"rendered":"<p>\n<strong>CHANEL Pearl Flap Bag Leder Handtasche Beschreibung<\/strong><\/p>\n<p>Diese originale CHANEL Pearl Flap Bag Leder Handtasche ist eine aufwendig verarbeitete Handtasche im typisch zeitlosen Stil von Chanel. Die wundersch\u00f6nen Perlen setzen bei diesem Modell ein ganz besonderes Highlight. Die Pearl Flap Bag ist aus geschmeidigem Kalbsleder in Schwarz gefertigt und verf\u00fcgt \u00fcber einen gewebten Kettenriemen, ein CC-Turnlock sowie goldfarbene Hardware Akzente. <\/p>\n<p>Der CC-Turnlock-Verschluss \u00f6ffnet sich zu einem beigen Innenfutter mit einem Steckfach und ein Rei\u00dfverschlussfach. Die CHANEL Pearl Flap Bag Handtasche kann als Schultertasche sowie diagonal am K\u00f6rper getragen werden, so dass maximaler Tragekomfort garantiert ist.\n<\/p>\n<p>\n<strong>Excellent condition<\/strong><br \/>\nDiese CHANEL Pearl Flap Bag Leder Handtasche aus zweiter Hand ist in einem hervorragenden Zustand. Die Tasche wurde selten getragen. Dementsprechend sind das Kalbsleder sowie die goldfarbene Hardware sowie die Perlen in einem sehr gepflegten Zustand. Auch das Tascheninnere ist sauber, ohne Ger\u00fcche und weist keine L\u00f6cher\/Risse auf.\n<\/p>\n<p>\n<strong>Style:<\/strong> Shoulder bag, clutch, crossbody<br \/>\n<strong>Size:<\/strong> Medium<br \/>\n<strong>Dimensions (approx.):<\/strong> Breite 21 cm * H\u00f6he 15 cm * Tiefe 5 cm<br \/>\n<strong>Shoulder strap (approx.):<\/strong> 115 cm\n<\/p>\n<p>\n<strong>Exterior material:<\/strong> calfskin leather<br \/>\n<strong>Interior Material<\/strong> Leather lining\n<\/p>\n<p>The pictures represent the offered bag. The picture rights are held by MyLovelyBoutique.com. <\/p>\n<p>Follow us on <a href=\"https:\/\/www.instagram.com\/mylovelyboutique.de\/\" rel=\"noopener noreferrer\" target=\"_blank\"><span style=\"color: #96588a;\">Instagram<\/span><\/a> and get inspired. <\/p>","protected":false},"excerpt":{"rendered":"<table class=\"mlb-product-details\">\n<tbody>\n<tr>\n<td class=\"mlb-details-caption\">Model<\/td>\n<td class=\"mlb-details-value\">Pearl Flap Bag<\/td>\n<\/tr>\n<tr>\n<td class=\"mlb-details-caption\">Colour<\/td>\n<td class=\"mlb-details-value\">Black<\/td>\n<\/tr>\n<tr>\n<td class=\"mlb-details-caption\">Hardware<\/td>\n<td class=\"mlb-details-value\">Gold with ruthenium finish<\/td>\n<\/tr>\n<tr>\n<td class=\"mlb-details-caption\">Year<\/td>\n<td class=\"mlb-details-value\">2019<\/td>\n<\/tr>\n<tr>\n<td class=\"mlb-details-caption\">Accessoires<\/td>\n<td class=\"mlb-details-value\">Rechnung, Box, Staubbeutel, Authentizit\u00e4tskarte, Seriennummer mit Hologramm, CC-Booklet<\/td>\n<\/tr>\n<tr>\n<td class=\"mlb-details-caption\">Condition<\/td>\n<td class=\"mlb-details-value\">Excellent condition<\/td>\n<\/tr>\n<\/tbody>\n<\/table>","protected":false},"featured_media":13697,"template":"","meta":[],"product_brand":[],"product_cat":[1430,87,154,85,99],"product_tag":[],"class_list":{"0":"post-13678","1":"product","2":"type-product","3":"status-publish","4":"has-post-thumbnail","6":"product_cat-chanel","7":"product_cat-crossbodytaschen","8":"product_cat-designer","9":"product_cat-schultertaschen","10":"product_cat-taschen","12":"first","13":"outofstock","14":"sold-individually","15":"shipping-taxable","16":"purchasable","17":"product-type-simple"},"_links":{"self":[{"href":"https:\/\/baselle.com\/en\/wp-json\/wp\/v2\/product\/13678","targetHints":{"allow":["GET"]}}],"collection":[{"href":"https:\/\/baselle.com\/en\/wp-json\/wp\/v2\/product"}],"about":[{"href":"https:\/\/baselle.com\/en\/wp-json\/wp\/v2\/types\/product"}],"wp:featuredmedia":[{"embeddable":true,"href":"https:\/\/baselle.com\/en\/wp-json\/wp\/v2\/media\/13697"}],"wp:attachment":[{"href":"https:\/\/baselle.com\/en\/wp-json\/wp\/v2\/media?parent=13678"}],"wp:term":[{"taxonomy":"product_brand","embeddable":true,"href":"https:\/\/baselle.com\/en\/wp-json\/wp\/v2\/product_brand?post=13678"},{"taxonomy":"product_cat","embeddable":true,"href":"https:\/\/baselle.com\/en\/wp-json\/wp\/v2\/product_cat?post=13678"},{"taxonomy":"product_tag","embeddable":true,"href":"https:\/\/baselle.com\/en\/wp-json\/wp\/v2\/product_tag?post=13678"}],"curies":[{"name":"wp","href":"https:\/\/api.w.org\/{rel}","templated":true}]}}