{"id":13637,"date":"2020-09-22T10:30:03","date_gmt":"2020-09-22T08:30:03","guid":{"rendered":"https:\/\/baselle.com\/?post_type=product&#038;p=13637"},"modified":"2021-03-11T13:30:31","modified_gmt":"2021-03-11T12:30:31","slug":"louis-vuitton-babylone-pm-magnolia-13637","status":"publish","type":"product","link":"https:\/\/baselle.com\/en\/product\/louis-vuitton-babylone-pm-magnolia-13637\/","title":{"rendered":"Louis Vuitton Babylone PM"},"content":{"rendered":"<p>\n<strong>Louis Vuitton Babylone PM Mahina Leder Handtasche Beschreibung<\/strong><\/p>\n<p>Diese originale Louis Vuitton Babylone PM Mahina Leder Handtasche vereint elegantes Design mit l\u00e4ssigem Tragekomfort. Sie ist aus Monogram perforierten Mahina Leder gefertigt und verf\u00fcgt \u00fcber plissierte Details und silberne Hardware-Akzente. Der abnehmbare Schulterriemen (L\u00e4nge = 104 cm) verspricht maximalen Tragekomfort und macht die Babylone zum idealen Begleiter f\u00fcr unterwegs. <\/p>\n<p>Die Handtasche \u00f6ffnet sich zu einem mit dunkelbraunem Mikrofaser gef\u00fctterten Tascheninneren mit einem Rei\u00dfverschlussfach sowie zwei Steckf\u00e4chern. Die vielen praktischen Details machen die Louis Vuitton Babylone PM zum eleganten Lieblingsst\u00fcck f\u00fcr den t\u00e4glichen Gebrauch.\n<\/p>\n<p>\n<strong>Excellent condition<\/strong><br \/>\nDiese Louis Vuitton Babylone PM Mahina Leder Handtasche aus zweiter Hand ist insgesamt in einem hervorragenden Zustand. Die Tasche wurde kaum getragen. Dementsprechend sind das Kalbsleder mit der Mahina Lochpr\u00e4gung sowie die silberne Hardware in einem sehr gepflegten Zustand. Das Tascheninnere ist sauber und weist keine L\u00f6cher\/Risse auf.\n<\/p>\n<p>\n<strong>Style:<\/strong> Schulter-\/Handtasche, Crossbody<br \/>\n<strong>Size:<\/strong> PM<br \/>\n<strong>Dimensions (approx.):<\/strong> Breite 27 cm * H\u00f6he 32 cm * Tiefe 17 cm\n<\/p>\n<p>\n<strong>Exterior material:<\/strong> calfskin leather<br \/>\n<strong>Interior Material<\/strong> microfibre lining\n<\/p>\n<p>The pictures represent the offered bag. The picture rights are held by MyLovelyBoutique.com. <\/p>\n<p>Follow us on <a href=\"https:\/\/www.instagram.com\/mylovelyboutique.de\/\" rel=\"noopener noreferrer\" target=\"_blank\"><span style=\"color: #96588a;\">Instagram<\/span><\/a> and get inspired. <\/p>","protected":false},"excerpt":{"rendered":"<table class=\"mlb-product-details\">\n<tbody>\n<tr>\n<td class=\"mlb-details-caption\">Model<\/td>\n<td class=\"mlb-details-value\">Babylone PM Mahina (M50033)<\/td>\n<\/tr>\n<tr>\n<td class=\"mlb-details-caption\">Colour<\/td>\n<td class=\"mlb-details-value\">Magnolia\/Zartrosa<\/td>\n<\/tr>\n<tr>\n<td class=\"mlb-details-caption\">Hardware<\/td>\n<td class=\"mlb-details-value\">Silver<\/td>\n<\/tr>\n<tr>\n<td class=\"mlb-details-caption\">Year<\/td>\n<td class=\"mlb-details-value\">2015<\/td>\n<\/tr>\n<tr>\n<td class=\"mlb-details-caption\">Accessoires<\/td>\n<td class=\"mlb-details-value\">Staubbeutel, abnehmbarer Schulterriemen, abnehmbarer Taschenhenkel<\/td>\n<\/tr>\n<tr>\n<td class=\"mlb-details-caption\">Condition<\/td>\n<td class=\"mlb-details-value\">Excellent condition<\/td>\n<\/tr>\n<\/tbody>\n<\/table>","protected":false},"featured_media":13739,"template":"","meta":[],"product_brand":[],"product_cat":[87,154,68,1431,85,99],"product_tag":[],"class_list":{"0":"post-13637","1":"product","2":"type-product","3":"status-publish","4":"has-post-thumbnail","6":"product_cat-crossbodytaschen","7":"product_cat-designer","8":"product_cat-handtaschen","9":"product_cat-louisvuitton","10":"product_cat-schultertaschen","11":"product_cat-taschen","13":"first","14":"outofstock","15":"sold-individually","16":"shipping-taxable","17":"purchasable","18":"product-type-simple"},"_links":{"self":[{"href":"https:\/\/baselle.com\/en\/wp-json\/wp\/v2\/product\/13637","targetHints":{"allow":["GET"]}}],"collection":[{"href":"https:\/\/baselle.com\/en\/wp-json\/wp\/v2\/product"}],"about":[{"href":"https:\/\/baselle.com\/en\/wp-json\/wp\/v2\/types\/product"}],"wp:featuredmedia":[{"embeddable":true,"href":"https:\/\/baselle.com\/en\/wp-json\/wp\/v2\/media\/13739"}],"wp:attachment":[{"href":"https:\/\/baselle.com\/en\/wp-json\/wp\/v2\/media?parent=13637"}],"wp:term":[{"taxonomy":"product_brand","embeddable":true,"href":"https:\/\/baselle.com\/en\/wp-json\/wp\/v2\/product_brand?post=13637"},{"taxonomy":"product_cat","embeddable":true,"href":"https:\/\/baselle.com\/en\/wp-json\/wp\/v2\/product_cat?post=13637"},{"taxonomy":"product_tag","embeddable":true,"href":"https:\/\/baselle.com\/en\/wp-json\/wp\/v2\/product_tag?post=13637"}],"curies":[{"name":"wp","href":"https:\/\/api.w.org\/{rel}","templated":true}]}}