{"id":13601,"date":"2020-08-29T10:04:20","date_gmt":"2020-08-29T08:04:20","guid":{"rendered":"https:\/\/baselle.com\/?post_type=product&#038;p=13601"},"modified":"2021-07-18T11:54:44","modified_gmt":"2021-07-18T09:54:44","slug":"louis-vuitton-twist-mm-early-bird-epi-leder-blau-13601","status":"publish","type":"product","link":"https:\/\/baselle.com\/en\/product\/louis-vuitton-twist-mm-early-bird-epi-leder-blau-13601\/","title":{"rendered":"Louis Vuitton Twist MM"},"content":{"rendered":"<p>\n<strong>Louis Vuitton Twist MM Early Bird Epi Leder Handtasche Beschreibung<\/strong> <\/p>\n<p>Diese originale Louis Vuitton Twist MM Early Bird Epi Leder Handtasche aus der limitierten Kollektion 2016 besticht durch ihr ansprechendes Design mit zwei s\u00fc\u00dfen V\u00f6geln auf der Klappe. Die Twist ist nicht nur ein elegantes Modell, sondern auch sehr ger\u00e4umig, so dass sie sowohl tags\u00fcber wie auch als Abendtasche getragen werden kann. Diese strukturierte Handtasche ist aus robustem Epi-Leder gefertigt und verf\u00fcgt \u00fcber eine eckige Silhouette und silberfarbene Hardware-Akzente.<\/p>\n<p>Durch den ikonischen Drehverschluss mit LV-Signatur l\u00e4sst sich die Twist MM zu einem blauen Innenfutter aus Mikrofaser \u00f6ffnen. Im Tascheninneren befindet sich ein Innenfach mit entnehmbaren Spiegel und ein Steckfach, das perfekt f\u00fcr das Aufbewahren Deiner wichtigsten Dinge ist. Die Twist MM kann \u00fcber der Schulter sowie diagonal am K\u00f6rper getragen werden, so dass maximaler Tragekomfort garantiert ist. Diese wundersch\u00f6ne Schultertasche ist ein elegantes Lieblingsst\u00fcck f\u00fcr den t\u00e4glichen Gebrauch.\n<\/p>\n<p>\n<strong>Very good condition:<\/strong><br \/>\nDiese Louis Vuitton Twist MM Early Bird Epi Leder Handtasche aus zweiter Hand ist insgesamt in einem sehr guten Zustand. Die Tasche wurde gerne und mit Sorgfalt getragen, weshalb das Epi Rindsleder in einem gepflegten Zustand ist. Die silberfarbenen Hardware-Akzente weisen durch den Gebrauch normale Mikrokratzer auf. Das Tascheninnere ist sauber, ohne Ger\u00fcche und weist keine L\u00f6cher\/Risse auf.\n<\/p>\n<p>\n<strong>Style:<\/strong> Shoulder bag, clutch, crossbody<br \/>\n<strong>Size:<\/strong> MM<br \/>\n<strong>Dimensions (approx.):<\/strong> Breite 23 cm * H\u00f6he 17 cm * Tiefe 9,5 cm\n<\/p>\n<p>\n<strong>Exterior material:<\/strong> Genarbtes Epi Rindsleder<br \/>\n<strong>Interior Material<\/strong> microfibre lining\n<\/p>\n<p>Die Bilder stellen die angebotene Tasche dar und sind Eigentum von MyLovelyBoutique. <\/p>\n<p>Follow us on <a href=\"https:\/\/www.instagram.com\/mylovelyboutique.de\/\" rel=\"noopener noreferrer\" target=\"_blank\"><span style=\"color: #96588a;\">Instagram<\/span><\/a> and get inspired. <\/p>","protected":false},"excerpt":{"rendered":"<table class=\"mlb-product-details\">\n<tbody>\n<tr>\n<td class=\"mlb-details-caption\">Model<\/td>\n<td class=\"mlb-details-value\">Twist MM Early Bird Epi Leder<\/td>\n<\/tr>\n<tr>\n<td class=\"mlb-details-caption\">Colour<\/td>\n<td class=\"mlb-details-value\">Light blue<\/td>\n<\/tr>\n<tr>\n<td class=\"mlb-details-caption\">Hardware<\/td>\n<td class=\"mlb-details-value\">Silver<\/td>\n<\/tr>\n<tr>\n<td class=\"mlb-details-caption\">Year<\/td>\n<td class=\"mlb-details-value\">2016<\/td>\n<\/tr>\n<tr>\n<td class=\"mlb-details-caption\">Accessoires<\/td>\n<td class=\"mlb-details-value\">Staubbeutel, Spiegel<\/td>\n<\/tr>\n<tr>\n<td class=\"mlb-details-caption\">Condition<\/td>\n<td class=\"mlb-details-value\">Very good condition<\/td>\n<\/tr>\n<\/tbody>\n<\/table>","protected":false},"featured_media":13604,"template":"","meta":[],"product_brand":[],"product_cat":[87,154,1431,85,99],"product_tag":[],"class_list":{"0":"post-13601","1":"product","2":"type-product","3":"status-publish","4":"has-post-thumbnail","6":"product_cat-crossbodytaschen","7":"product_cat-designer","8":"product_cat-louisvuitton","9":"product_cat-schultertaschen","10":"product_cat-taschen","11":"product_shipping_class-bis1000","13":"first","14":"outofstock","15":"sold-individually","16":"shipping-taxable","17":"purchasable","18":"product-type-simple"},"_links":{"self":[{"href":"https:\/\/baselle.com\/en\/wp-json\/wp\/v2\/product\/13601","targetHints":{"allow":["GET"]}}],"collection":[{"href":"https:\/\/baselle.com\/en\/wp-json\/wp\/v2\/product"}],"about":[{"href":"https:\/\/baselle.com\/en\/wp-json\/wp\/v2\/types\/product"}],"wp:featuredmedia":[{"embeddable":true,"href":"https:\/\/baselle.com\/en\/wp-json\/wp\/v2\/media\/13604"}],"wp:attachment":[{"href":"https:\/\/baselle.com\/en\/wp-json\/wp\/v2\/media?parent=13601"}],"wp:term":[{"taxonomy":"product_brand","embeddable":true,"href":"https:\/\/baselle.com\/en\/wp-json\/wp\/v2\/product_brand?post=13601"},{"taxonomy":"product_cat","embeddable":true,"href":"https:\/\/baselle.com\/en\/wp-json\/wp\/v2\/product_cat?post=13601"},{"taxonomy":"product_tag","embeddable":true,"href":"https:\/\/baselle.com\/en\/wp-json\/wp\/v2\/product_tag?post=13601"}],"curies":[{"name":"wp","href":"https:\/\/api.w.org\/{rel}","templated":true}]}}