{"id":13581,"date":"2020-08-22T19:56:58","date_gmt":"2020-08-22T17:56:58","guid":{"rendered":"https:\/\/baselle.com\/?post_type=product&#038;p=13581"},"modified":"2021-09-06T10:37:22","modified_gmt":"2021-09-06T08:37:22","slug":"louis-vuitton-vanity-pm-13581","status":"publish","type":"product","link":"https:\/\/baselle.com\/en\/product\/louis-vuitton-vanity-pm-13581\/","title":{"rendered":"Louis Vuitton Vanity PM"},"content":{"rendered":"<p>\n<strong>Louis Vuitton Vanity PM Monogram Canvas Handtasche Beschreibung<\/strong><\/p>\n<p>Diese originale Louis Vuitton Vanity PM Monogram Canvas Handtasche ist ein unverkennbares Modell, dessen Design an das Nice Beautycase erinnert. Sie besticht durch ikonisches Monogram Canvas und moderne Linien. Die Vanity PM verf\u00fcgt \u00fcber eine eckige Silhouette, sch\u00fctzende Taschenf\u00fc\u00dfe, goldfarbene Beschl\u00e4ge und eine abnehmbare Lederkette. <\/p>\n<p>Der umlaufende Rei\u00dfverschluss \u00f6ffnet sich zu einem schwarzen Innenfutter aus Mikrofaser. Dieses ist unterteilt in ein Hauptfach und ein Steckfach. Die Louis Vuitton Vanity PM kann an der Hand oder durch den abnehmbaren Schulterriemen bequem \u00fcber der Schulter sowie diagonal am K\u00f6rper getragen werden. Ob f\u00fcr untertags oder als elegantes Abend-Accessoire, dieses kompakte Modell eignet sich f\u00fcr zahlreiche Anl\u00e4sse.\n<\/p>\n<p>\n<strong>Excellent condition<\/strong><br \/>\nDiese Louis Vuitton Vanity PM Monogram Canvas Handtasche aus zweiter Hand ist insgesamt in einem hervorragenden Zustand. Das beschichtete Monogram Canvas, die Kalbslederbes\u00e4tze, die goldfarbenen Beschl\u00e4ge sowie das Innenfutter sind in einem sehr gepflegten Zustand. Die Taschenf\u00fc\u00dfchen sind noch mit Schutzfolie versehen. \n<\/p>\n<p>\n<strong>Style:<\/strong> Shoulder bag, handbag, crossbody<br \/>\n<strong>Size:<\/strong> PM<br \/>\n<strong>Dimensions (approx.):<\/strong> Breite 19 cm * H\u00f6he 13 cm * Tiefe 11 cm<br \/>\n<strong>Shoulder strap (approx.)<\/strong> 106 cm\n<\/p>\n<p>\n<strong>Exterior material:<\/strong> Beschichtetes Canvas, Bes\u00e4tze aus Kalbsleder<br \/>\n<strong>Interior Material<\/strong> microfibre lining\n<\/p>\n<p>The pictures represent the offered bag. The picture rights are held by MyLovelyBoutique.com. <\/p>\n<p>Follow us on <a href=\"https:\/\/www.instagram.com\/mylovelyboutique.de\/\" rel=\"noopener noreferrer\" target=\"_blank\"><span style=\"color: #96588a;\">Instagram<\/span><\/a> and get inspired. <\/p>","protected":false},"excerpt":{"rendered":"<table class=\"mlb-product-details\">\n<tbody>\n<tr>\n<td class=\"mlb-details-caption\">Model<\/td>\n<td class=\"mlb-details-value\">Vanity PM (M45165)<\/td>\n<\/tr>\n<tr>\n<td class=\"mlb-details-caption\">Colour<\/td>\n<td class=\"mlb-details-value\">Brown, Black<\/td>\n<\/tr>\n<tr>\n<td class=\"mlb-details-caption\">Hardware<\/td>\n<td class=\"mlb-details-value\">Gold<\/td>\n<\/tr>\n<tr>\n<td class=\"mlb-details-caption\">Year<\/td>\n<td class=\"mlb-details-value\">2020<\/td>\n<\/tr>\n<tr>\n<td class=\"mlb-details-caption\">Accessoires<\/td>\n<td class=\"mlb-details-value\">Staubbeutel, abnehmbare Schulterkette, Schloss + Schl\u00fcssel im kleinen Staubbeutel, Schl\u00fcsselgl\u00f6ckchen, LV-Booklet, LV-Materialinfo<\/td>\n<\/tr>\n<tr>\n<td class=\"mlb-details-caption\">Condition<\/td>\n<td class=\"mlb-details-value\">Excellent condition<\/td>\n<\/tr>\n<\/tbody>\n<\/table>","protected":false},"featured_media":13584,"template":"","meta":[],"product_brand":[],"product_cat":[87,154,68,86,1431,85,99],"product_tag":[],"class_list":{"0":"post-13581","1":"product","2":"type-product","3":"status-publish","4":"has-post-thumbnail","6":"product_cat-crossbodytaschen","7":"product_cat-designer","8":"product_cat-handtaschen","9":"product_cat-kleinetaschen","10":"product_cat-louisvuitton","11":"product_cat-schultertaschen","12":"product_cat-taschen","14":"first","15":"outofstock","16":"sold-individually","17":"shipping-taxable","18":"purchasable","19":"product-type-simple"},"_links":{"self":[{"href":"https:\/\/baselle.com\/en\/wp-json\/wp\/v2\/product\/13581","targetHints":{"allow":["GET"]}}],"collection":[{"href":"https:\/\/baselle.com\/en\/wp-json\/wp\/v2\/product"}],"about":[{"href":"https:\/\/baselle.com\/en\/wp-json\/wp\/v2\/types\/product"}],"wp:featuredmedia":[{"embeddable":true,"href":"https:\/\/baselle.com\/en\/wp-json\/wp\/v2\/media\/13584"}],"wp:attachment":[{"href":"https:\/\/baselle.com\/en\/wp-json\/wp\/v2\/media?parent=13581"}],"wp:term":[{"taxonomy":"product_brand","embeddable":true,"href":"https:\/\/baselle.com\/en\/wp-json\/wp\/v2\/product_brand?post=13581"},{"taxonomy":"product_cat","embeddable":true,"href":"https:\/\/baselle.com\/en\/wp-json\/wp\/v2\/product_cat?post=13581"},{"taxonomy":"product_tag","embeddable":true,"href":"https:\/\/baselle.com\/en\/wp-json\/wp\/v2\/product_tag?post=13581"}],"curies":[{"name":"wp","href":"https:\/\/api.w.org\/{rel}","templated":true}]}}