{"id":13563,"date":"2020-08-21T11:51:06","date_gmt":"2020-08-21T09:51:06","guid":{"rendered":"https:\/\/baselle.com\/?post_type=product&#038;p=13563"},"modified":"2023-02-17T17:39:20","modified_gmt":"2023-02-17T16:39:20","slug":"louis-vuitton-twist-mm-epi-khaki-weiss-schwarz-13563","status":"publish","type":"product","link":"https:\/\/baselle.com\/en\/product\/louis-vuitton-twist-mm-epi-khaki-weiss-schwarz-13563\/","title":{"rendered":"Louis Vuitton Twist MM"},"content":{"rendered":"<p>\n<strong>Louis Vuitton Twist MM Epi Leder Handtasche Beschreibung<\/strong> <\/p>\n<p>Diese originale Louis Vuitton Twist MM Epi Leder Handtasche z\u00e4hlt seit dem Jahr 2015 zu den neuen Klassikern des Hauses Louis Vuitton. Sie besticht durch ihr ansprechendes Design und vielf\u00e4ltige Trageweise. Die Twist ist nicht nur ein elegantes Modell, sondern auch sehr ger\u00e4umig, so dass sie sowohl tags\u00fcber wie auch als Abendtasche getragen werden kann. Diese strukturierte Handtasche ist aus robustem Epi-Leder gefertigt und verf\u00fcgt \u00fcber eine eckige Silhouette, eine kurze Tragekette sowie einen verstellbaren Schulterriemen.<\/p>\n<p>Durch den ikonischen Drehverschluss mit LV-Signatur l\u00e4sst sich die Twist MM zu einem schwarzen Innenfutter aus Mikrofaser \u00f6ffnen. Im Tascheninneren befindet sich ein Innenfach mit entnehmbaren Spiegel und ein Steckfach, das perfekt f\u00fcr das Aufbewahren Deiner wichtigsten Dinge ist. Die Twist MM kann \u00fcber der Schulter, diagonal am K\u00f6rper sowie an der Hand getragen werden, so dass maximaler Tragekomfort garantiert ist. Diese wundersch\u00f6ne Schultertasche ist ein elegantes Lieblingsst\u00fcck f\u00fcr den t\u00e4glichen Gebrauch.\n<\/p>\n<p>\n<strong>Excellent condition<\/strong><br \/>\nDiese Louis Vuitton Twist MM Leder Handtasche aus zweiter Hand ist insgesamt in einem hervorragenden Zustand. Die Tasche wurde mit Sorgfalt getragen, weshalb das Epi Rindsleder in einem einwandfreien Zustand ist. Die goldfarbenen Hardware-Akzente sind in einem gepflegten Zustand. Das Tascheninnere ist sauber, ohne Ger\u00fcche und weist keine L\u00f6cher\/Risse auf.\n<\/p>\n<p>\n<strong>Style:<\/strong> Shoulder bag, handbag, crossbody<br \/>\n<strong>Size:<\/strong> MM<br \/>\n<strong>Dimensions (approx.):<\/strong> Breite 23 cm * H\u00f6he 17 cm * Tiefe 9,5 cm\n<\/p>\n<p>\n<strong>Exterior material:<\/strong> Genarbtes Epi Rindsleder<br \/>\n<strong>Interior Material<\/strong> microfibre lining\n<\/p>\n<p>Die Bilder stellen die angebotene Tasche dar und sind Eigentum von MyLovelyBoutique. <\/p>\n<p>Follow us on <a href=\"https:\/\/www.instagram.com\/mylovelyboutique.de\/\" rel=\"noopener noreferrer\" target=\"_blank\"><span style=\"color: #96588a;\">Instagram<\/span><\/a> and get inspired. <\/p>","protected":false},"excerpt":{"rendered":"<table class=\"mlb-product-details\">\n<tbody>\n<tr>\n<td class=\"mlb-details-caption\">Model<\/td>\n<td class=\"mlb-details-value\">Twist MM Epi Leder<\/td>\n<\/tr>\n<tr>\n<td class=\"mlb-details-caption\">Colour<\/td>\n<td class=\"mlb-details-value\">Khaki, Wei\u00df, Schwarz<\/td>\n<\/tr>\n<tr>\n<td class=\"mlb-details-caption\">Hardware<\/td>\n<td class=\"mlb-details-value\">Gold<\/td>\n<\/tr>\n<tr>\n<td class=\"mlb-details-caption\">Year<\/td>\n<td class=\"mlb-details-value\">2019<\/td>\n<\/tr>\n<tr>\n<td class=\"mlb-details-caption\">Accessoires<\/td>\n<td class=\"mlb-details-value\">Staubbeutel, Spiegel, Schulterriemen<\/td>\n<\/tr>\n<tr>\n<td class=\"mlb-details-caption\">Condition<\/td>\n<td class=\"mlb-details-value\">Excellent condition<\/td>\n<\/tr>\n<\/tbody>\n<\/table>","protected":false},"featured_media":13566,"template":"","meta":[],"product_brand":[],"product_cat":[87,154,68,1431,85,99],"product_tag":[],"class_list":{"0":"post-13563","1":"product","2":"type-product","3":"status-publish","4":"has-post-thumbnail","6":"product_cat-crossbodytaschen","7":"product_cat-designer","8":"product_cat-handtaschen","9":"product_cat-louisvuitton","10":"product_cat-schultertaschen","11":"product_cat-taschen","13":"first","14":"outofstock","15":"sold-individually","16":"shipping-taxable","17":"purchasable","18":"product-type-simple"},"_links":{"self":[{"href":"https:\/\/baselle.com\/en\/wp-json\/wp\/v2\/product\/13563","targetHints":{"allow":["GET"]}}],"collection":[{"href":"https:\/\/baselle.com\/en\/wp-json\/wp\/v2\/product"}],"about":[{"href":"https:\/\/baselle.com\/en\/wp-json\/wp\/v2\/types\/product"}],"wp:featuredmedia":[{"embeddable":true,"href":"https:\/\/baselle.com\/en\/wp-json\/wp\/v2\/media\/13566"}],"wp:attachment":[{"href":"https:\/\/baselle.com\/en\/wp-json\/wp\/v2\/media?parent=13563"}],"wp:term":[{"taxonomy":"product_brand","embeddable":true,"href":"https:\/\/baselle.com\/en\/wp-json\/wp\/v2\/product_brand?post=13563"},{"taxonomy":"product_cat","embeddable":true,"href":"https:\/\/baselle.com\/en\/wp-json\/wp\/v2\/product_cat?post=13563"},{"taxonomy":"product_tag","embeddable":true,"href":"https:\/\/baselle.com\/en\/wp-json\/wp\/v2\/product_tag?post=13563"}],"curies":[{"name":"wp","href":"https:\/\/api.w.org\/{rel}","templated":true}]}}