{"id":13498,"date":"2020-08-13T15:44:02","date_gmt":"2020-08-13T13:44:02","guid":{"rendered":"https:\/\/baselle.com\/?post_type=product&#038;p=13498"},"modified":"2021-02-01T12:39:54","modified_gmt":"2021-02-01T11:39:54","slug":"chanel-braided-chic-flap-bag-black-13498","status":"publish","type":"product","link":"https:\/\/baselle.com\/en\/product\/chanel-braided-chic-flap-bag-black-13498\/","title":{"rendered":"CHANEL Chic Flap Bag"},"content":{"rendered":"<p>\n<strong>CHANEL Braided Chic Flap Bag Handtasche Beschreibung<\/strong><\/p>\n<p>Diese originale CHANEL Braided Chic Flap Bag Handtasche ist ein elegantes Lieblingsst\u00fcck f\u00fcr den t\u00e4glichen Gebrauch. Durch die schlichte Form und dem kompakten Interieur ist dieses raffinierte Modell ein praktischer und stylischer Alltagsbegleiter. Die im Leder eingearbeitete Kette setzt bei diesem Modell ein ganz besonderes Highlight. Die Chic Flap Bag ist aus geschmeidigem Kalbsleder in Schwarz gefertigt und verf\u00fcgt \u00fcber gewebte Kettenriemen, einem CC-Turnlock sowie silberfarbene Hardware Akzente. <\/p>\n<p>Der CC-Turnlock-Verschluss \u00f6ffnet sich zu einem schwarzen Innenfutter, welches in zwei F\u00e4cher aufgeteilt ist. Darin befinden sich ein Steckfach und ein Rei\u00dfverschlussfach. Die CHANEL Chic Flap Bag Handtasche kann als Schultertasche sowie diagonal am K\u00f6rper getragen werden, so dass maximaler Tragekomfort garantiert ist.\n<\/p>\n<p>\n<strong>Excellent condition<\/strong><br \/>\nDiese CHANEL Braided Chic Flap Bag Handtasche aus zweiter Hand ist in einem hervorragenden Zustand. Die Tasche wurde kaum getragen. Dementsprechend sind das Kalbsleder sowie die silberfarbene Hardware in einem sehr gepflegten Zustand. Auch das Tascheninnere ist sauber, ohne Ger\u00fcche und weist keine L\u00f6cher\/Risse auf.\n<\/p>\n<p>\n<strong>Style:<\/strong> Shoulder bag, clutch, crossbody<br \/>\n<strong>Size:<\/strong> Medium<br \/>\n<strong>Dimensions (approx.):<\/strong> Breite 24 cm * H\u00f6he 18 cm * Tiefe 6 cm<br \/>\n<strong>Shoulder strap (approx.):<\/strong> einfach = 117 cm; doppelt = 64 cm\n<\/p>\n<p>\n<strong>Exterior material:<\/strong> calfskin leather<br \/>\n<strong>Interior Material<\/strong> fabric lining\n<\/p>\n<p>The pictures represent the offered bag. The picture rights are held by MyLovelyBoutique.com. <\/p>\n<p>Follow us on <a href=\"https:\/\/www.instagram.com\/mylovelyboutique.de\/\" rel=\"noopener noreferrer\" target=\"_blank\"><span style=\"color: #96588a;\">Instagram<\/span><\/a> and get inspired. <\/p>","protected":false},"excerpt":{"rendered":"<table class=\"mlb-product-details\">\n<tbody>\n<tr>\n<td class=\"mlb-details-caption\">Model<\/td>\n<td class=\"mlb-details-value\">Braided Chic Flap Bag<\/td>\n<\/tr>\n<tr>\n<td class=\"mlb-details-caption\">Colour<\/td>\n<td class=\"mlb-details-value\">Black<\/td>\n<\/tr>\n<tr>\n<td class=\"mlb-details-caption\">Hardware<\/td>\n<td class=\"mlb-details-value\">Silver<\/td>\n<\/tr>\n<tr>\n<td class=\"mlb-details-caption\">Year<\/td>\n<td class=\"mlb-details-value\">2017<\/td>\n<\/tr>\n<tr>\n<td class=\"mlb-details-caption\">Accessoires<\/td>\n<td class=\"mlb-details-value\">Dustbag, authenticity card, serialnumber with hologram<\/td>\n<\/tr>\n<tr>\n<td class=\"mlb-details-caption\">Condition<\/td>\n<td class=\"mlb-details-value\">Excellent condition<\/td>\n<\/tr>\n<\/tbody>\n<\/table>","protected":false},"featured_media":13519,"template":"","meta":[],"product_brand":[],"product_cat":[1430,87,154,85,99],"product_tag":[],"class_list":{"0":"post-13498","1":"product","2":"type-product","3":"status-publish","4":"has-post-thumbnail","6":"product_cat-chanel","7":"product_cat-crossbodytaschen","8":"product_cat-designer","9":"product_cat-schultertaschen","10":"product_cat-taschen","12":"first","13":"outofstock","14":"sold-individually","15":"shipping-taxable","16":"purchasable","17":"product-type-simple"},"_links":{"self":[{"href":"https:\/\/baselle.com\/en\/wp-json\/wp\/v2\/product\/13498","targetHints":{"allow":["GET"]}}],"collection":[{"href":"https:\/\/baselle.com\/en\/wp-json\/wp\/v2\/product"}],"about":[{"href":"https:\/\/baselle.com\/en\/wp-json\/wp\/v2\/types\/product"}],"wp:featuredmedia":[{"embeddable":true,"href":"https:\/\/baselle.com\/en\/wp-json\/wp\/v2\/media\/13519"}],"wp:attachment":[{"href":"https:\/\/baselle.com\/en\/wp-json\/wp\/v2\/media?parent=13498"}],"wp:term":[{"taxonomy":"product_brand","embeddable":true,"href":"https:\/\/baselle.com\/en\/wp-json\/wp\/v2\/product_brand?post=13498"},{"taxonomy":"product_cat","embeddable":true,"href":"https:\/\/baselle.com\/en\/wp-json\/wp\/v2\/product_cat?post=13498"},{"taxonomy":"product_tag","embeddable":true,"href":"https:\/\/baselle.com\/en\/wp-json\/wp\/v2\/product_tag?post=13498"}],"curies":[{"name":"wp","href":"https:\/\/api.w.org\/{rel}","templated":true}]}}