{"id":13458,"date":"2020-08-08T11:57:17","date_gmt":"2020-08-08T09:57:17","guid":{"rendered":"https:\/\/baselle.com\/?post_type=product&#038;p=13458"},"modified":"2020-08-15T13:26:09","modified_gmt":"2020-08-15T11:26:09","slug":"louis-vuitton-insolite-geldboerse-multicolor-white-litchi-13458","status":"publish","type":"product","link":"https:\/\/baselle.com\/en\/product\/louis-vuitton-insolite-geldboerse-multicolor-white-litchi-13458\/","title":{"rendered":"Louis Vuitton Insolite Geldb\u00f6rse"},"content":{"rendered":"<p>\n<strong>Louis Vuitton Insolite Multicolor White Litchi Geldb\u00f6rse Beschreibung<\/strong> <\/p>\n<p>Diese originale Louis Vuitton Insolite Multicolor White Litchi Geldb\u00f6rse bietet ausreichend Platz f\u00fcr Kreditkarten, Kleingeld sowie Geldscheine und l\u00e4sst sich durch zwei praktische Druckkn\u00f6pfe \u00f6ffnen.\n<\/p>\n<p>\n<strong>Very good condition:<\/strong><br \/>\nDiese Louis Vuitton Insolite Multicolor White Litchi Geldb\u00f6rse aus zweiter Hand ist insgesamt in einem sehr guten Zustand. Das beschichtete Canvas sowie das Monogram-Muster ist in einem sch\u00f6nen gepflegten Zustand. Die Farben des Monogram-Musters sind nach wie vor kr\u00e4ftig und nicht abgegriffen (es handelt sich auf manchen Fotos lediglich um eine Lichtreflektion). Das Lederinnenfutter ist sauber, ohne Besch\u00e4digungen sowie ohne Ger\u00fcche.\n<\/p>\n<p>\n<strong>Wallet size:<\/strong>  Gro\u00df<br \/>\n<strong>Dimensions (approx.):<\/strong> Breite 21 cm * H\u00f6he 10,5 cm * Tiefe 2 cm\n<\/p>\n<p>\n<strong>Exterior material:<\/strong> Coatet canvas<br \/>\n<strong>Interior Material<\/strong> cowhide leather\n<\/p>\n<p>The pictures represent the offered wallet. The picture rights are held by MyLovelyBoutique.com. <\/p>\n<p>Follow us on <a href=\"https:\/\/www.instagram.com\/mylovelyboutique.de\/\" rel=\"noopener noreferrer\" target=\"_blank\"><span style=\"color: #96588a;\">Instagram<\/span><\/a> and get inspired. <\/p>","protected":false},"excerpt":{"rendered":"<table class=\"mlb-product-details\">\n<tbody>\n<tr>\n<td class=\"mlb-details-caption\">Model<\/td>\n<td class=\"mlb-details-value\">Insolite Multicolor Litchi Geldb\u00f6rse<\/td>\n<\/tr>\n<tr>\n<td class=\"mlb-details-caption\">Colour<\/td>\n<td class=\"mlb-details-value\">Wei\u00df, Rosa, Bunt <\/td>\n<\/tr>\n<tr>\n<td class=\"mlb-details-caption\">Hardware<\/td>\n<td class=\"mlb-details-value\">Gold<\/td>\n<\/tr>\n<tr>\n<td class=\"mlb-details-caption\">Year<\/td>\n<td class=\"mlb-details-value\">2012<\/td>\n<\/tr>\n<tr>\n<td class=\"mlb-details-caption\">Accessoires<\/td>\n<td class=\"mlb-details-value\">Box, Staubbeutel, LV-Materialinfo<\/td>\n<\/tr>\n<tr>\n<td class=\"mlb-details-caption\">Condition<\/td>\n<td class=\"mlb-details-value\">Very good condition<\/td>\n<\/tr>\n<\/tbody>\n<\/table>","protected":false},"featured_media":13461,"template":"","meta":[],"product_brand":[],"product_cat":[57,154,1431,89],"product_tag":[],"class_list":{"0":"post-13458","1":"product","2":"type-product","3":"status-publish","4":"has-post-thumbnail","6":"product_cat-accessories","7":"product_cat-designer","8":"product_cat-louisvuitton","9":"product_cat-portemonnaie","10":"product_shipping_class-0-500","12":"first","13":"outofstock","14":"sold-individually","15":"shipping-taxable","16":"purchasable","17":"product-type-simple"},"_links":{"self":[{"href":"https:\/\/baselle.com\/en\/wp-json\/wp\/v2\/product\/13458","targetHints":{"allow":["GET"]}}],"collection":[{"href":"https:\/\/baselle.com\/en\/wp-json\/wp\/v2\/product"}],"about":[{"href":"https:\/\/baselle.com\/en\/wp-json\/wp\/v2\/types\/product"}],"wp:featuredmedia":[{"embeddable":true,"href":"https:\/\/baselle.com\/en\/wp-json\/wp\/v2\/media\/13461"}],"wp:attachment":[{"href":"https:\/\/baselle.com\/en\/wp-json\/wp\/v2\/media?parent=13458"}],"wp:term":[{"taxonomy":"product_brand","embeddable":true,"href":"https:\/\/baselle.com\/en\/wp-json\/wp\/v2\/product_brand?post=13458"},{"taxonomy":"product_cat","embeddable":true,"href":"https:\/\/baselle.com\/en\/wp-json\/wp\/v2\/product_cat?post=13458"},{"taxonomy":"product_tag","embeddable":true,"href":"https:\/\/baselle.com\/en\/wp-json\/wp\/v2\/product_tag?post=13458"}],"curies":[{"name":"wp","href":"https:\/\/api.w.org\/{rel}","templated":true}]}}