{"id":13303,"date":"2020-07-23T19:04:27","date_gmt":"2020-07-23T17:04:27","guid":{"rendered":"https:\/\/baselle.com\/?post_type=product&#038;p=13303"},"modified":"2020-08-22T10:51:23","modified_gmt":"2020-08-22T08:51:23","slug":"louis-vuitton-capucines-compact-geldboerse-magnolia-13303","status":"publish","type":"product","link":"https:\/\/baselle.com\/en\/product\/louis-vuitton-capucines-compact-geldboerse-magnolia-13303\/","title":{"rendered":"Louis Vuitton Capucines Geldb\u00f6rse"},"content":{"rendered":"<p>\n<strong>Louis Vuitton Capucines Compact Leder Geldb\u00f6rse Beschreibung<\/strong> <\/p>\n<p>Diese originale Louis Vuitton Capucines Compact Leder Geldb\u00f6rse ist aus geschmeidigem Taurillon Leder gefertigt und besticht durch die Monogram-Bl\u00fcten aus silbernen Nieten. Das kompakte Portemonnaie bietet ausreichend Platz f\u00fcr Kreditkarten, Kleingeld sowie Geldscheine und l\u00e4sst sich durch einen praktischen \u00dcberschlag mit Druckknopf \u00f6ffnen.\n<\/p>\n<p>\n<strong>Mint condition<\/strong><br \/>\nDiese Louis Vuitton Capucines Compact Leder Geldb\u00f6rse aus zweiter Hand ist ungetragen und daher in einem neuwertigen Zustand. Im Inneren des Portemonnaies befindet sich eine minimale Druckstelle, die aufgrund von falscher Aufbewahrung durch den Schieber des Rei\u00dfverschlusses entstanden ist (s. Foto Innenfutter rechte Seite schr\u00e4g oberhalb LV-Verschluss).\n<\/p>\n<p>\n<strong>Wallet size:<\/strong>  Mittel<br \/>\n<strong>Dimensions (approx.):<\/strong> Breite 13,5 cm * H\u00f6he 9,5 cm * Tiefe 3 cm\n<\/p>\n<p>\n<strong>Exterior material:<\/strong> Taurillon Leder<br \/>\n<strong>Interior Material<\/strong> calfskin leather\n<\/p>\n<p>The pictures represent the offered wallet. The picture rights are held by MyLovelyBoutique.com. <\/p>\n<p>Follow us on <a href=\"https:\/\/www.instagram.com\/mylovelyboutique.de\/\" rel=\"noopener noreferrer\" target=\"_blank\"><span style=\"color: #96588a;\">Instagram<\/span><\/a> and get inspired. <\/p>","protected":false},"excerpt":{"rendered":"<table class=\"mlb-product-details\">\n<tbody>\n<tr>\n<td class=\"mlb-details-caption\">Model<\/td>\n<td class=\"mlb-details-value\">Capucines Compact Leder Geldb\u00f6rse<\/td>\n<\/tr>\n<tr>\n<td class=\"mlb-details-caption\">Colour<\/td>\n<td class=\"mlb-details-value\">Magnolia<\/td>\n<\/tr>\n<tr>\n<td class=\"mlb-details-caption\">Hardware<\/td>\n<td class=\"mlb-details-value\">Silver<\/td>\n<\/tr>\n<tr>\n<td class=\"mlb-details-caption\">Year<\/td>\n<td class=\"mlb-details-value\">2018<\/td>\n<\/tr>\n<tr>\n<td class=\"mlb-details-caption\">Accessoires<\/td>\n<td class=\"mlb-details-value\">Box, dustbag<\/td>\n<\/tr>\n<tr>\n<td class=\"mlb-details-caption\">Condition<\/td>\n<td class=\"mlb-details-value\">Mint condition<\/td>\n<\/tr>\n<\/tbody>\n<\/table>","protected":false},"featured_media":13330,"template":"","meta":[],"product_brand":[],"product_cat":[57,154,1431,89],"product_tag":[],"class_list":{"0":"post-13303","1":"product","2":"type-product","3":"status-publish","4":"has-post-thumbnail","6":"product_cat-accessories","7":"product_cat-designer","8":"product_cat-louisvuitton","9":"product_cat-portemonnaie","10":"product_shipping_class-0-500","12":"first","13":"outofstock","14":"shipping-taxable","15":"purchasable","16":"product-type-simple"},"_links":{"self":[{"href":"https:\/\/baselle.com\/en\/wp-json\/wp\/v2\/product\/13303","targetHints":{"allow":["GET"]}}],"collection":[{"href":"https:\/\/baselle.com\/en\/wp-json\/wp\/v2\/product"}],"about":[{"href":"https:\/\/baselle.com\/en\/wp-json\/wp\/v2\/types\/product"}],"wp:featuredmedia":[{"embeddable":true,"href":"https:\/\/baselle.com\/en\/wp-json\/wp\/v2\/media\/13330"}],"wp:attachment":[{"href":"https:\/\/baselle.com\/en\/wp-json\/wp\/v2\/media?parent=13303"}],"wp:term":[{"taxonomy":"product_brand","embeddable":true,"href":"https:\/\/baselle.com\/en\/wp-json\/wp\/v2\/product_brand?post=13303"},{"taxonomy":"product_cat","embeddable":true,"href":"https:\/\/baselle.com\/en\/wp-json\/wp\/v2\/product_cat?post=13303"},{"taxonomy":"product_tag","embeddable":true,"href":"https:\/\/baselle.com\/en\/wp-json\/wp\/v2\/product_tag?post=13303"}],"curies":[{"name":"wp","href":"https:\/\/api.w.org\/{rel}","templated":true}]}}