{"id":13283,"date":"2020-07-15T09:20:46","date_gmt":"2020-07-15T07:20:46","guid":{"rendered":"https:\/\/baselle.com\/?post_type=product&#038;p=13283"},"modified":"2020-07-23T19:11:36","modified_gmt":"2020-07-23T17:11:36","slug":"louis-vuitton-palm-springs-pm-monogram-reverse-13283","status":"publish","type":"product","link":"https:\/\/baselle.com\/en\/product\/louis-vuitton-palm-springs-pm-monogram-reverse-13283\/","title":{"rendered":"Louis Vuitton Palm Springs PM"},"content":{"rendered":"<p>\n<strong>Louis Vuitton Palm Springs PM Monogram Reverse Rucksack Beschreibung<\/strong><\/p>\n<p>Dieser originale Louis Vuitton Palm Springs PM Monogram Reverse Rucksack ist ein komfortables Accessoire f\u00fcr den t\u00e4glichen Gebrauch. Die Kombination aus trendigem Design mit moderner Funktionalit\u00e4t machen aus diesem Rucksack den perfekten City-Begleiter. Er ist aus beschichtetem Canvas gefertigt und verf\u00fcgt \u00fcber schwarze Kalbsleder-Akzente, einen gepolstertem Ledergriff, eine Schalschlaufe und goldfarbene Hardware. Die gepolsterten Schulterriemen sind verstellbar und garantieren Dir maximalen Tragekomfort im Alltag.<\/p>\n<p>Der Doppel-Rei\u00dfverschluss \u00f6ffnet sich zu einem schwarzen Innenraum aus Nylon mit einem Steckfach. Zus\u00e4tzlichen Stauraum bietet das aufgesetzte Rei\u00dfverschlussfach auf der Vorderseite des Palm Springs Rucksacks.\n<\/p>\n<p>\n<strong>Mint condition<\/strong><br \/>\nDieser  Louis Vuitton Palm Springs PM Monogram Reverse Rucksack aus zweiter Hand ist ungetragen und daher in einem neuwertigen Zustand. Das beschichtete Canvas, die Kalbsleder-Bes\u00e4tze sowie die goldfarbenen Beschl\u00e4ge sind daher in einem einwandfreien Zustand.\n<\/p>\n<p>\n<strong>Style:<\/strong> Backpack<br \/>\n<strong>Size:<\/strong> PM<br \/>\n<strong>Dimensions (approx.):<\/strong> Breite 22 cm * H\u00f6he 29 cm * Tiefe 10 cm\n<\/p>\n<p>\n<strong>Exterior material:<\/strong> Canvas, calfskin leather<br \/>\n<strong>Interior Material<\/strong> Nylon\n<\/p>\n<p>Die Bilder stellen den angebotenen Rucksack dar und sind Eigentum von MyLovelyBoutique.com.<\/p>\n<p>Follow us on <a href=\"https:\/\/www.instagram.com\/mylovelyboutique.de\/\" rel=\"noopener noreferrer\" target=\"_blank\"><span style=\"color: #96588a;\">Instagram<\/span><\/a> and get inspired. <\/p>","protected":false},"excerpt":{"rendered":"<table class=\"mlb-product-details\">\n<tbody>\n<tr>\n<td class=\"mlb-details-caption\">Model<\/td>\n<td class=\"mlb-details-value\">Palm Springs PM Monogram Reverse<\/td>\n<\/tr>\n<tr>\n<td class=\"mlb-details-caption\">Colour<\/td>\n<td class=\"mlb-details-value\">Brown, Black<\/td>\n<\/tr>\n<tr>\n<td class=\"mlb-details-caption\">Hardware<\/td>\n<td class=\"mlb-details-value\">Gold<\/td>\n<\/tr>\n<tr>\n<td class=\"mlb-details-caption\">Year<\/td>\n<td class=\"mlb-details-value\">2019<\/td>\n<\/tr>\n<tr>\n<td class=\"mlb-details-caption\">Accessoires<\/td>\n<td class=\"mlb-details-value\">LV-Rechnung, Box, Staubbeutel, LV-Booklet, LV-Materialinfo<\/td>\n<\/tr>\n<tr>\n<td class=\"mlb-details-caption\">Condition<\/td>\n<td class=\"mlb-details-value\">Mint condition<\/td>\n<\/tr>\n<\/tbody>\n<\/table>","protected":false},"featured_media":13287,"template":"","meta":[],"product_brand":[],"product_cat":[154,1431,88,99],"product_tag":[],"class_list":{"0":"post-13283","1":"product","2":"type-product","3":"status-publish","4":"has-post-thumbnail","6":"product_cat-designer","7":"product_cat-louisvuitton","8":"product_cat-rucksaecke","9":"product_cat-taschen","10":"product_shipping_class-bis1000","12":"first","13":"outofstock","14":"sold-individually","15":"shipping-taxable","16":"purchasable","17":"product-type-simple"},"_links":{"self":[{"href":"https:\/\/baselle.com\/en\/wp-json\/wp\/v2\/product\/13283","targetHints":{"allow":["GET"]}}],"collection":[{"href":"https:\/\/baselle.com\/en\/wp-json\/wp\/v2\/product"}],"about":[{"href":"https:\/\/baselle.com\/en\/wp-json\/wp\/v2\/types\/product"}],"wp:featuredmedia":[{"embeddable":true,"href":"https:\/\/baselle.com\/en\/wp-json\/wp\/v2\/media\/13287"}],"wp:attachment":[{"href":"https:\/\/baselle.com\/en\/wp-json\/wp\/v2\/media?parent=13283"}],"wp:term":[{"taxonomy":"product_brand","embeddable":true,"href":"https:\/\/baselle.com\/en\/wp-json\/wp\/v2\/product_brand?post=13283"},{"taxonomy":"product_cat","embeddable":true,"href":"https:\/\/baselle.com\/en\/wp-json\/wp\/v2\/product_cat?post=13283"},{"taxonomy":"product_tag","embeddable":true,"href":"https:\/\/baselle.com\/en\/wp-json\/wp\/v2\/product_tag?post=13283"}],"curies":[{"name":"wp","href":"https:\/\/api.w.org\/{rel}","templated":true}]}}