{"id":13260,"date":"2020-07-13T10:24:12","date_gmt":"2020-07-13T08:24:12","guid":{"rendered":"https:\/\/baselle.com\/?post_type=product&#038;p=13260"},"modified":"2020-09-19T08:54:28","modified_gmt":"2020-09-19T06:54:28","slug":"louis-vuitton-capucines-bb-13260","status":"publish","type":"product","link":"https:\/\/baselle.com\/en\/product\/louis-vuitton-capucines-bb-13260\/","title":{"rendered":"Louis Vuitton Capucines BB"},"content":{"rendered":"<p>\n<strong>Louis Vuitton Capucines BB Flower Leder Handtasche Beschreibung<\/strong> <\/p>\n<p>Diese originale Louis Vuitton Capucines BB Flower Leder Handtasche ist ein zeitlos elegantes und wundersch\u00f6nes Modell. Sie ist aus feinstem Taurillon Leder gefertigt und verf\u00fcgt \u00fcber eine eckige Silhouette. Weitere raffinierte Details sind der \u00dcberschlag mit charakterischer Bl\u00fcte und die mit Leder bezogenen LV Initialien. Dieses limitierte Capucines-Modell besticht vor allem durch die aufgesetzten Monogram-Bl\u00fcten, die mit silbernen und goldfarbenen Nieten versehen sind. <\/p>\n<p>Der weiche Ledergriff sowie der abnehmbare, f\u00fcnffach verstellbare Schulterriemen garantieren Dir maximalen Tragekomfort im Alltag. Durch den \u00dcberschlag \u00f6ffnet sich die Capucines BB Handtasche zu einem schwarzen Lederfutter mit zwei Hauptf\u00e4chern und einem Steckfach mit Rei\u00dfverschluss.\n<\/p>\n<p>\n<strong>Excellent condition<\/strong><br \/>\nDiese Louis Vuitton Capucines BB Flower Leder Handtasche aus zweiter Hand ist insgesamt in einem hervorragenden Zustand. Die Tasche wurde kaum und mit gro\u00dfer Sorgfalt getragen. Dementsprechend sind das Taurillon Leder, auch die Ecken, sowie die goldfarbene Hardware in einem sehr gepflegten Zustand. Auch das Tascheninnere ist sauber, ohne Ger\u00fcche und weist keine L\u00f6cher\/Risse auf.\n<\/p>\n<p>\n<strong>Style:<\/strong> Shoulder bag, handbag, crossbody<br \/>\n<strong>Size:<\/strong> BB<br \/>\n<strong>Dimensions (approx.):<\/strong> Breite 27 cm * H\u00f6he 18 cm * Tiefe 9 cm<br \/>\n<strong>Strap length (approx.):<\/strong> min. 113 cm, max. 123 cm\n<\/p>\n<p>\n<strong>Exterior material:<\/strong> Taurillon Leder<br \/>\n<strong>Interior Material<\/strong> cowhide leather\n<\/p>\n<p>The pictures represent the offered bag. The picture rights are held by MyLovelyBoutique.com. <\/p>\n<p>Follow us on <a href=\"https:\/\/www.instagram.com\/mylovelyboutique.de\/\" rel=\"noopener noreferrer\" target=\"_blank\"><span style=\"color: #96588a;\">Instagram<\/span><\/a> and get inspired. <\/p>","protected":false},"excerpt":{"rendered":"<table class=\"mlb-product-details\">\n<tbody>\n<tr>\n<td class=\"mlb-details-caption\">Model<\/td>\n<td class=\"mlb-details-value\">Capucines BB Flower Taurillon Leder (M84892)<\/td>\n<\/tr>\n<tr>\n<td class=\"mlb-details-caption\">Colour<\/td>\n<td class=\"mlb-details-value\">Black<\/td>\n<\/tr>\n<tr>\n<td class=\"mlb-details-caption\">Hardware<\/td>\n<td class=\"mlb-details-value\">Gold<\/td>\n<\/tr>\n<tr>\n<td class=\"mlb-details-caption\">Year<\/td>\n<td class=\"mlb-details-value\">2017<\/td>\n<\/tr>\n<tr>\n<td class=\"mlb-details-caption\">Accessoires<\/td>\n<td class=\"mlb-details-value\">LV-Rechnung, Box, Staubbeutel, abnehmbarer Schulterriemen, LV-Produktinfo<\/td>\n<\/tr>\n<tr>\n<td class=\"mlb-details-caption\">Condition<\/td>\n<td class=\"mlb-details-value\">Excellent<\/td>\n<\/tr>\n<\/tbody>\n<\/table>","protected":false},"featured_media":13263,"template":"","meta":[],"product_brand":[],"product_cat":[87,154,68,1431,85,99],"product_tag":[],"class_list":{"0":"post-13260","1":"product","2":"type-product","3":"status-publish","4":"has-post-thumbnail","6":"product_cat-crossbodytaschen","7":"product_cat-designer","8":"product_cat-handtaschen","9":"product_cat-louisvuitton","10":"product_cat-schultertaschen","11":"product_cat-taschen","13":"first","14":"outofstock","15":"sold-individually","16":"shipping-taxable","17":"purchasable","18":"product-type-simple"},"_links":{"self":[{"href":"https:\/\/baselle.com\/en\/wp-json\/wp\/v2\/product\/13260","targetHints":{"allow":["GET"]}}],"collection":[{"href":"https:\/\/baselle.com\/en\/wp-json\/wp\/v2\/product"}],"about":[{"href":"https:\/\/baselle.com\/en\/wp-json\/wp\/v2\/types\/product"}],"wp:featuredmedia":[{"embeddable":true,"href":"https:\/\/baselle.com\/en\/wp-json\/wp\/v2\/media\/13263"}],"wp:attachment":[{"href":"https:\/\/baselle.com\/en\/wp-json\/wp\/v2\/media?parent=13260"}],"wp:term":[{"taxonomy":"product_brand","embeddable":true,"href":"https:\/\/baselle.com\/en\/wp-json\/wp\/v2\/product_brand?post=13260"},{"taxonomy":"product_cat","embeddable":true,"href":"https:\/\/baselle.com\/en\/wp-json\/wp\/v2\/product_cat?post=13260"},{"taxonomy":"product_tag","embeddable":true,"href":"https:\/\/baselle.com\/en\/wp-json\/wp\/v2\/product_tag?post=13260"}],"curies":[{"name":"wp","href":"https:\/\/api.w.org\/{rel}","templated":true}]}}