{"id":13240,"date":"2020-07-05T13:48:54","date_gmt":"2020-07-05T11:48:54","guid":{"rendered":"https:\/\/baselle.com\/?post_type=product&#038;p=13240"},"modified":"2023-08-16T14:16:28","modified_gmt":"2023-08-16T12:16:28","slug":"louis-vuitton-rose-des-vents-mm-creme-13240","status":"publish","type":"product","link":"https:\/\/baselle.com\/en\/product\/louis-vuitton-rose-des-vents-mm-creme-13240\/","title":{"rendered":"Louis Vuitton Rose des Vents MM"},"content":{"rendered":"<p>\n<strong>Louis Vuitton Rose des Vents MM Leder Handtasche Beschreibung<\/strong> <\/p>\n<p>Diese originale Louis Vuitton Rose des Vents MM Leder Handtasche besticht durch ihr elegantes und gleichzeitig funktionales Design. Sie ist aus feinstem Kalbsleder gefertigt und verf\u00fcgt \u00fcber eine eckige Silhouette. Weitere raffinierte Details sind das zentrales Frontschloss mit Gravur, sch\u00fctzende Taschenf\u00fc\u00dfe sowie goldfarbene Hardware-Akzente. Zudem garantiert der weiche Ledergriff sowie der abnehmbare, f\u00fcnffach verstellbare Schulterriemen maximalen Tragekomfort im Alltag. Die Rose des Vents MM kann bequem an der Hand, \u00fcber der Schulter oder auch crossbody getragen werden. <\/p>\n<p>Der Drehverschluss \u00f6ffnet sich zu einem cremefarbenen Lederfutter mit einem mittleren Rei\u00dfverschlussfach, einem weiteren Steckfach mit Rei\u00dfverschluss und einem kleinen Steckfach f\u00fcr den Taschenspiegel. Dieses funktionale Modell eignet sich ideal f\u00fcr den t\u00e4glichen Gebrauch.\n<\/p>\n<p>\n<strong>Mint condition<\/strong><br \/>\nDiese Louis Vuitton Rose des Vents MM Leder Handtasche aus zweiter Hand ist in einem neuwertigen Zustand. Das Kalbsleder, das Leder-Innenfutter sowie die goldfarbenen Beschl\u00e4ge sind daher in einem einwandfreien Zustand.\n<\/p>\n<p>\n<strong>Style:<\/strong> Shoulder bag, handbag, crossbody<br \/>\n<strong>Size:<\/strong> MM<br \/>\n<strong>Dimensions (approx.):<\/strong> Breite 30 cm * H\u00f6he 23 cm * Tiefe 12,5 cm<br \/>\n<strong>Strap length (approx.):<\/strong> min. 102 cm, max. 113 cm\n<\/p>\n<p>\n<strong>Exterior material:<\/strong> Genarbtes und glattes Kalbsleder<br \/>\n<strong>Interior Material<\/strong> calfskin leather\n<\/p>\n<p>The pictures represent the offered bag. The picture rights are held by MyLovelyBoutique.com. <\/p>\n<p>Follow us on <a href=\"https:\/\/www.instagram.com\/mylovelyboutique.de\/\" rel=\"noopener noreferrer\" target=\"_blank\"><span style=\"color: #96588a;\">Instagram<\/span><\/a> and get inspired. <\/p>","protected":false},"excerpt":{"rendered":"<table class=\"mlb-product-details\">\n<tbody>\n<tr>\n<td class=\"mlb-details-caption\">Model<\/td>\n<td class=\"mlb-details-value\">Rose des Vents MM (M53815)<\/td>\n<\/tr>\n<tr>\n<td class=\"mlb-details-caption\">Colour<\/td>\n<td class=\"mlb-details-value\">Creme<\/td>\n<\/tr>\n<tr>\n<td class=\"mlb-details-caption\">Hardware<\/td>\n<td class=\"mlb-details-value\">Gold<\/td>\n<\/tr>\n<tr>\n<td class=\"mlb-details-caption\">Year<\/td>\n<td class=\"mlb-details-value\">2019<\/td>\n<\/tr>\n<tr>\n<td class=\"mlb-details-caption\">Accessoires<\/td>\n<td class=\"mlb-details-value\">LV-Rechnung, Box, Staubbeutel, Clochette, Schloss + Schl\u00fcssel, abnehmbarer Schulterriemen, Spiegel (noch mit Schutzfolie versehen), LV-Materialinfo, LV-Booklet<\/td>\n<\/tr>\n<tr>\n<td class=\"mlb-details-caption\">Condition<\/td>\n<td class=\"mlb-details-value\">Mint condition<\/td>\n<\/tr>\n<\/tbody>\n<\/table>","protected":false},"featured_media":13243,"template":"","meta":[],"product_brand":[],"product_cat":[87,85,99],"product_tag":[],"class_list":{"0":"post-13240","1":"product","2":"type-product","3":"status-publish","4":"has-post-thumbnail","6":"product_cat-crossbodytaschen","7":"product_cat-schultertaschen","8":"product_cat-taschen","10":"first","11":"outofstock","12":"sold-individually","13":"shipping-taxable","14":"purchasable","15":"product-type-simple"},"_links":{"self":[{"href":"https:\/\/baselle.com\/en\/wp-json\/wp\/v2\/product\/13240","targetHints":{"allow":["GET"]}}],"collection":[{"href":"https:\/\/baselle.com\/en\/wp-json\/wp\/v2\/product"}],"about":[{"href":"https:\/\/baselle.com\/en\/wp-json\/wp\/v2\/types\/product"}],"wp:featuredmedia":[{"embeddable":true,"href":"https:\/\/baselle.com\/en\/wp-json\/wp\/v2\/media\/13243"}],"wp:attachment":[{"href":"https:\/\/baselle.com\/en\/wp-json\/wp\/v2\/media?parent=13240"}],"wp:term":[{"taxonomy":"product_brand","embeddable":true,"href":"https:\/\/baselle.com\/en\/wp-json\/wp\/v2\/product_brand?post=13240"},{"taxonomy":"product_cat","embeddable":true,"href":"https:\/\/baselle.com\/en\/wp-json\/wp\/v2\/product_cat?post=13240"},{"taxonomy":"product_tag","embeddable":true,"href":"https:\/\/baselle.com\/en\/wp-json\/wp\/v2\/product_tag?post=13240"}],"curies":[{"name":"wp","href":"https:\/\/api.w.org\/{rel}","templated":true}]}}