{"id":13181,"date":"2020-06-26T13:37:07","date_gmt":"2020-06-26T11:37:07","guid":{"rendered":"https:\/\/baselle.com\/?post_type=product&#038;p=13181"},"modified":"2020-07-30T16:05:17","modified_gmt":"2020-07-30T14:05:17","slug":"louis-vuitton-cherrywood-bb-rose-ballerine-13181","status":"publish","type":"product","link":"https:\/\/baselle.com\/en\/product\/louis-vuitton-cherrywood-bb-rose-ballerine-13181\/","title":{"rendered":"Louis Vuitton Cherrywood BB"},"content":{"rendered":"<p>\n<strong>Louis Vuitton Cherrywood BB Lackleder Handtasche Beschreibung<\/strong><\/p>\n<p>Diese originale Louis Vuitton Cherrywood BB Lackleder Handtasche besticht durch ihr zeitloses und dynamisches Design. Ob f\u00fcr eine Shoppingtour oder als elegantes Accessoire im Alltag, dieses strukturierte Modell eignet sich f\u00fcr zahlreiche Anl\u00e4sse. Sie ist aus modernem Vernis Leder sowie beschichtetem Monogram Canvas gefertigt und verf\u00fcgt \u00fcber goldfarbene Beschl\u00e4ge, einen Griff aus naturbelassenem Rindsleder sowie einen abnehmbaren Schulterriemen f\u00fcr maximalen Tragekomfort.<\/p>\n<p>Der gravierte Push-Lock-Verschluss \u00f6ffnet sich zu einem rosanen Innenfutter mit einem Steckfach. Die Louis Vuitton Cherrywood BB Handtasche kann an der Hand oder durch den abnehmbaren und f\u00fcnffach verstellbaren Schulterriemen bequem \u00fcber der Schulter sowie crossbody getragen werden.\n<\/p>\n<p>\n<strong>Excellent condition<\/strong><br \/>\nDiese Louis Vuitton Cherrywood BB Lackleder Handtasche aus zweiter Hand ist in einem hervorragenden Zustand. Die Tasche wurde nur wenige Male getragen. Dementsprechend sind das Lackleder, das beschichtete Monogram Canvas Leder und der Rindslederbesatz in einem einwandfreien Zustand. Das Tascheninnere ist sauber, ohne Ger\u00fcche und weist keine L\u00f6cher\/Risse auf.\n<\/p>\n<p>\n<strong>Style:<\/strong> Shoulder bag, handbag, crossbody<br \/>\n<strong>Rucksackgr\u00f6\u00dfe:<\/strong> BB<br \/>\n<strong>Dimensions (approx.):<\/strong> Breite 21 cm * H\u00f6he 17 cm * Tiefe 8 cm\n<\/p>\n<p>\n<strong>Exterior material:<\/strong> Gl\u00e4nzendes Rindsleder, Beschichtetes Canvas<br \/>\n<strong>Interior Material<\/strong> fabric lining\n<\/p>\n<p>The pictures represent the offered bag. The picture rights are held by MyLovelyBoutique.com.<\/p>\n<p>Follow us on <a href=\"https:\/\/www.instagram.com\/mylovelyboutique.de\/\" rel=\"noopener noreferrer\" target=\"_blank\"><span style=\"color: #96588a;\">Instagram<\/span><\/a> and get inspired. <\/p>","protected":false},"excerpt":{"rendered":"<table class=\"mlb-product-details\">\n<tbody>\n<tr>\n<td class=\"mlb-details-caption\">Model<\/td>\n<td class=\"mlb-details-value\">Cherrywood BB (M51952)<\/td>\n<\/tr>\n<tr>\n<td class=\"mlb-details-caption\">Colour<\/td>\n<td class=\"mlb-details-value\">Rose Ballerine, Braun<\/td>\n<\/tr>\n<tr>\n<td class=\"mlb-details-caption\">Hardware<\/td>\n<td class=\"mlb-details-value\">Gold<\/td>\n<\/tr>\n<tr>\n<td class=\"mlb-details-caption\">Year<\/td>\n<td class=\"mlb-details-value\">2019<\/td>\n<\/tr>\n<tr>\n<td class=\"mlb-details-caption\">Accessoires<\/td>\n<td class=\"mlb-details-value\">Box, Staubbeutel, verstellbare Schulterriemen, LV-Produktinfo<\/td>\n<\/tr>\n<tr>\n<td class=\"mlb-details-caption\">Condition<\/td>\n<td class=\"mlb-details-value\">Excellent condition<\/td>\n<\/tr>\n<\/tbody>\n<\/table>","protected":false},"featured_media":13184,"template":"","meta":[],"product_brand":[],"product_cat":[87,154,68,1431,85,99],"product_tag":[],"class_list":{"0":"post-13181","1":"product","2":"type-product","3":"status-publish","4":"has-post-thumbnail","6":"product_cat-crossbodytaschen","7":"product_cat-designer","8":"product_cat-handtaschen","9":"product_cat-louisvuitton","10":"product_cat-schultertaschen","11":"product_cat-taschen","12":"product_shipping_class-bis1000","14":"first","15":"outofstock","16":"sold-individually","17":"shipping-taxable","18":"purchasable","19":"product-type-simple"},"_links":{"self":[{"href":"https:\/\/baselle.com\/en\/wp-json\/wp\/v2\/product\/13181","targetHints":{"allow":["GET"]}}],"collection":[{"href":"https:\/\/baselle.com\/en\/wp-json\/wp\/v2\/product"}],"about":[{"href":"https:\/\/baselle.com\/en\/wp-json\/wp\/v2\/types\/product"}],"wp:featuredmedia":[{"embeddable":true,"href":"https:\/\/baselle.com\/en\/wp-json\/wp\/v2\/media\/13184"}],"wp:attachment":[{"href":"https:\/\/baselle.com\/en\/wp-json\/wp\/v2\/media?parent=13181"}],"wp:term":[{"taxonomy":"product_brand","embeddable":true,"href":"https:\/\/baselle.com\/en\/wp-json\/wp\/v2\/product_brand?post=13181"},{"taxonomy":"product_cat","embeddable":true,"href":"https:\/\/baselle.com\/en\/wp-json\/wp\/v2\/product_cat?post=13181"},{"taxonomy":"product_tag","embeddable":true,"href":"https:\/\/baselle.com\/en\/wp-json\/wp\/v2\/product_tag?post=13181"}],"curies":[{"name":"wp","href":"https:\/\/api.w.org\/{rel}","templated":true}]}}