{"id":13103,"date":"2020-06-14T12:40:42","date_gmt":"2020-06-14T10:40:42","guid":{"rendered":"https:\/\/baselle.com\/?post_type=product&#038;p=13103"},"modified":"2020-07-03T16:36:07","modified_gmt":"2020-07-03T14:36:07","slug":"chanel-gst-grand-shopping-tote-13103","status":"publish","type":"product","link":"https:\/\/baselle.com\/en\/product\/chanel-gst-grand-shopping-tote-13103\/","title":{"rendered":"CHANEL Shopping Tote"},"content":{"rendered":"<p>\n<strong>CHANEL GST Grand Shopping Tote Leder Handtasche Beschreibung<\/strong><\/p>\n<p>Diese originale CHANEL GST Grand Shopping Tote Leder Handtasche ist die perfekte Tasche f\u00fcr die Business-Frau: Sie ist ger\u00e4umig, schlicht und dennoch ein absolutes Highlight zu jedem Outfit. Dieses Vintage Modell ist aus genarbtem Kalbsleder gefertigt und verf\u00fcgt \u00fcber sch\u00fctzende Taschenf\u00fc\u00dfe, doppelte Griffe aus gewebten Kettenriemen sowie goldfarbene Hardware-Akzente. <\/p>\n<p>Sie \u00f6ffnet sich zu einem beigen Lederinnenfutter mit einem Steckfach sowie einem Rei\u00dfverschlussfach. Die CHANEL GST besticht durch das \u00fcbergro\u00dfe aufgen\u00e4hte CC-Logo und ist in diesem Design nur selten zu finden &#8211; vor allem in einem solch wundersch\u00f6nen Zustand!\n<\/p>\n<p>\n<strong>Very good condition:<\/strong><br \/>\nDiese CHANEL GST Grand Shopping Tote Leder Handtasche aus zweiter Hand ist insgesamt in einem sehr guten Zustand. Die Tasche wurde mit Sorgfalt getragen, weshalb das genarbte Kalbsleder in einem gepflegten Zustand ist. Die goldfarbenen Kettenriemen sind in einem sehr sch\u00f6nen gl\u00e4nzenden Zustand. Das Tascheninnere ist sauber und ohne Ger\u00fcche. Bitte beachte, dass es sich hier um ein \u00fcber 20 Jahre altes Vintage-Modell handelt.\n<\/p>\n<p>\n<strong>Style:<\/strong> Handbag<br \/>\n<strong>Size:<\/strong> Large<br \/>\n<strong>Dimensions (approx.):<\/strong> Breite 33 cm * H\u00f6he 24 cm * Tiefe 17 cm\n<\/p>\n<p>\n<strong>Exterior material:<\/strong> Grained calfskin leather<br \/>\n<strong>Interior Material<\/strong> leather\n<\/p>\n<p>The pictures represent the offered bag. The picture rights are held by MyLovelyBoutique.com. <\/p>\n<p>Follow us on <a href=\"https:\/\/www.instagram.com\/mylovelyboutique.de\/\" rel=\"noopener noreferrer\" target=\"_blank\"><span style=\"color: #96588a;\">Instagram<\/span><\/a> and get inspired. <\/p>","protected":false},"excerpt":{"rendered":"<table class=\"mlb-product-details\">\n<tbody>\n<tr>\n<td class=\"mlb-details-caption\">Model<\/td>\n<td class=\"mlb-details-value\">Grand Shopping Tote<\/td>\n<\/tr>\n<tr>\n<td class=\"mlb-details-caption\">Colour<\/td>\n<td class=\"mlb-details-value\">Beige<\/td>\n<\/tr>\n<tr>\n<td class=\"mlb-details-caption\">Hardware<\/td>\n<td class=\"mlb-details-value\">Gold<\/td>\n<\/tr>\n<tr>\n<td class=\"mlb-details-caption\">Year<\/td>\n<td class=\"mlb-details-value\">1999<\/td>\n<\/tr>\n<tr>\n<td class=\"mlb-details-caption\">Accessoires<\/td>\n<td class=\"mlb-details-value\">Seriennummer mit Hologramm<\/td>\n<\/tr>\n<tr>\n<td class=\"mlb-details-caption\">Condition<\/td>\n<td class=\"mlb-details-value\">Very good condition<\/td>\n<\/tr>\n<\/tbody>\n<\/table>","protected":false},"featured_media":13104,"template":"","meta":[],"product_brand":[],"product_cat":[1430,154,68,99],"product_tag":[],"class_list":{"0":"post-13103","1":"product","2":"type-product","3":"status-publish","4":"has-post-thumbnail","6":"product_cat-chanel","7":"product_cat-designer","8":"product_cat-handtaschen","9":"product_cat-taschen","10":"product_shipping_class-bis1000","12":"first","13":"outofstock","14":"sold-individually","15":"shipping-taxable","16":"purchasable","17":"product-type-simple"},"_links":{"self":[{"href":"https:\/\/baselle.com\/en\/wp-json\/wp\/v2\/product\/13103","targetHints":{"allow":["GET"]}}],"collection":[{"href":"https:\/\/baselle.com\/en\/wp-json\/wp\/v2\/product"}],"about":[{"href":"https:\/\/baselle.com\/en\/wp-json\/wp\/v2\/types\/product"}],"wp:featuredmedia":[{"embeddable":true,"href":"https:\/\/baselle.com\/en\/wp-json\/wp\/v2\/media\/13104"}],"wp:attachment":[{"href":"https:\/\/baselle.com\/en\/wp-json\/wp\/v2\/media?parent=13103"}],"wp:term":[{"taxonomy":"product_brand","embeddable":true,"href":"https:\/\/baselle.com\/en\/wp-json\/wp\/v2\/product_brand?post=13103"},{"taxonomy":"product_cat","embeddable":true,"href":"https:\/\/baselle.com\/en\/wp-json\/wp\/v2\/product_cat?post=13103"},{"taxonomy":"product_tag","embeddable":true,"href":"https:\/\/baselle.com\/en\/wp-json\/wp\/v2\/product_tag?post=13103"}],"curies":[{"name":"wp","href":"https:\/\/api.w.org\/{rel}","templated":true}]}}