{"id":13071,"date":"2020-06-07T16:12:06","date_gmt":"2020-06-07T14:12:06","guid":{"rendered":"https:\/\/baselle.com\/?post_type=product&#038;p=13071"},"modified":"2020-08-21T11:52:21","modified_gmt":"2020-08-21T09:52:21","slug":"louis-vuitton-monogram-tuch-rot-13071","status":"publish","type":"product","link":"https:\/\/baselle.com\/en\/product\/louis-vuitton-monogram-tuch-rot-13071\/","title":{"rendered":"Louis Vuitton Monogram Tuch"},"content":{"rendered":"<p><strong>Louis Vuitton Monogram Scarf<\/strong><\/p>\n<p>Dieses originale Louis Vuitton Monogram Tuch ist ein zeitloses und klassisches Accessoire f\u00fcr jede Jahreszeit. An kalten Tagen w\u00e4rmt es um den Hals und an lauen Sommertagen \u00fcber den Schultern getragen. Es ist aus weichem, hochwertigem Jaquardgewebe gefertigt und besticht durch das typische Monogram Muster mit LV Signatur. <\/p>\n<p><strong>Very good condition:<\/strong><br \/>\nThis pre-loved Louis Vuitton Monogram scarf is in very good condition. It has rarely been worn and is therefore in very good condition.<\/p>\n<p><strong>Dimensions (approx.):<\/strong> 142,5 cm * 142,5 cm<\/p>\n<p><strong>Material:<\/strong> 60 % silk, 40 % wool<\/p>\n<p>Die Bilder stellen das angebotene Monogram Tuch dar und sind Eigentum von MyLovelyBoutique.com.<\/p>\n<p>Follow us on <a href=\"https:\/\/www.instagram.com\/mylovelyboutique.de\/\" rel=\"noopener noreferrer\" target=\"_blank\"><span style=\"color: #96588a;\">Instagram<\/span><\/a> and get inspired. <\/p>","protected":false},"excerpt":{"rendered":"<table class=\"mlb-product-details\">\n<tbody>\n<tr>\n<td class=\"mlb-details-caption\">Model<\/td>\n<td class=\"mlb-details-value\">Monogram Tuch<\/td>\n<\/tr>\n<tr>\n<td class=\"mlb-details-caption\">Colour<\/td>\n<td class=\"mlb-details-value\">Red<\/td>\n<\/tr>\n<tr>\n<td class=\"mlb-details-caption\">Hardware<\/td>\n<td class=\"mlb-details-value\">&#8211;<\/td>\n<\/tr>\n<tr>\n<td class=\"mlb-details-caption\">Year<\/td>\n<td class=\"mlb-details-value\">2016<\/td>\n<\/tr>\n<tr>\n<td class=\"mlb-details-caption\">Accessoires<\/td>\n<td class=\"mlb-details-value\">Box<\/td>\n<\/tr>\n<tr>\n<td class=\"mlb-details-caption\">Condition<\/td>\n<td class=\"mlb-details-value\">Very good condition<\/td>\n<\/tr>\n<\/tbody>\n<\/table>","protected":false},"featured_media":13454,"template":"","meta":[],"product_brand":[],"product_cat":[57,154,1431,70],"product_tag":[],"class_list":{"0":"post-13071","1":"product","2":"type-product","3":"status-publish","4":"has-post-thumbnail","6":"product_cat-accessories","7":"product_cat-designer","8":"product_cat-louisvuitton","9":"product_cat-schalstuecher","10":"product_shipping_class-0-500","12":"first","13":"outofstock","14":"sold-individually","15":"shipping-taxable","16":"purchasable","17":"product-type-simple"},"_links":{"self":[{"href":"https:\/\/baselle.com\/en\/wp-json\/wp\/v2\/product\/13071","targetHints":{"allow":["GET"]}}],"collection":[{"href":"https:\/\/baselle.com\/en\/wp-json\/wp\/v2\/product"}],"about":[{"href":"https:\/\/baselle.com\/en\/wp-json\/wp\/v2\/types\/product"}],"wp:featuredmedia":[{"embeddable":true,"href":"https:\/\/baselle.com\/en\/wp-json\/wp\/v2\/media\/13454"}],"wp:attachment":[{"href":"https:\/\/baselle.com\/en\/wp-json\/wp\/v2\/media?parent=13071"}],"wp:term":[{"taxonomy":"product_brand","embeddable":true,"href":"https:\/\/baselle.com\/en\/wp-json\/wp\/v2\/product_brand?post=13071"},{"taxonomy":"product_cat","embeddable":true,"href":"https:\/\/baselle.com\/en\/wp-json\/wp\/v2\/product_cat?post=13071"},{"taxonomy":"product_tag","embeddable":true,"href":"https:\/\/baselle.com\/en\/wp-json\/wp\/v2\/product_tag?post=13071"}],"curies":[{"name":"wp","href":"https:\/\/api.w.org\/{rel}","templated":true}]}}