{"id":13043,"date":"2020-06-01T17:06:58","date_gmt":"2020-06-01T15:06:58","guid":{"rendered":"https:\/\/baselle.com\/?post_type=product&#038;p=13043"},"modified":"2020-10-07T11:33:18","modified_gmt":"2020-10-07T09:33:18","slug":"louis-vuitton-saint-michel-schwarz-13043","status":"publish","type":"product","link":"https:\/\/baselle.com\/en\/product\/louis-vuitton-saint-michel-schwarz-13043\/","title":{"rendered":"Louis Vuitton Saint Michel"},"content":{"rendered":"<p>\n<strong>Louis Vuitton Saint Michel Monogram Canvas Epi Leder Handtasche Beschreibung<\/strong><\/p>\n<p>Diese originale Louis Vuitton Saint Michel Monogram Canvas Epi Leder Handtasche ist eine schicke Lieblingstasche f\u00fcr die moderne Frau. Sie ist aus Monogram beschichtetem Canvas und genarbten Epi Leder gefertigt und verf\u00fcgt \u00fcber aufgesetzte Nieten mit LV-Gravur. Die Saint Michel bietet genug Platz f\u00fcr Smartphone, Portemonnaie, Schl\u00fcssel, Lippenstift und Taschenspiegel.<\/p>\n<p>Der Magnetverschluss \u00f6ffnet sich zu einem schwarzen Innenfutter aus Mikrofaser. Dieses ist unterteilt in zwei separate Innenf\u00e4cher, eine offene Innentasche und ein aufgesetztes Steckfach. Ein weiteres Steckfach befindet sich auf dem Taschenr\u00fccken. Die Louis Vuitton Saint Michel Handtasche kann durch den verstellbaren Schulterriemen bequem \u00fcber der Schulter sowie diagonal am K\u00f6rper getragen werden. Eine wundersch\u00f6ne Handtasche, die sowohl zu jeder Jahreszeit sowie zu vielen Anl\u00e4ssen getragen werden kann.\n<\/p>\n<p>\n<strong>Excellent condition<\/strong><br \/>\nDiese Louis Vuitton Saint Michel Monogram Canvas Epi Leder Handtasche aus zweiter Hand ist insgesamt in einem hervorragenden Zustand. Das Canvas, das Epi Leder sowie die goldfarbene Hardware sind in einem sehr sch\u00f6nen gepflegten Zustand. Das Tascheninnere ist sauber, ohne Ger\u00fcche und weist keine L\u00f6cher\/Risse auf.\n<\/p>\n<p>\n<strong>Style:<\/strong> Shoulder bag, clutch, crossbody<br \/>\n<strong>Size:<\/strong> NM<br \/>\n<strong>Dimensions (approx.):<\/strong> Breite 26 cm * H\u00f6he 18 cm * Tiefe 9 cm<br \/>\n<strong>Strap length (approx.):<\/strong> doppelt = 62 cm; einfach = 112 cm\n<\/p>\n<p>\n<strong>Exterior material:<\/strong> Beschichtetes Canvas, Epi Rindsleder<br \/>\n<strong>Interior Material<\/strong> microfibre lining\n<\/p>\n<p>The pictures represent the offered bag. The picture rights are held by MyLovelyBoutique.com. <\/p>\n<p>Follow us on <a href=\"https:\/\/www.instagram.com\/mylovelyboutique.de\/\" rel=\"noopener noreferrer\" target=\"_blank\"><span style=\"color: #96588a;\">Instagram<\/span><\/a> and get inspired. <\/p>","protected":false},"excerpt":{"rendered":"<table class=\"mlb-product-details\">\n<tbody>\n<tr>\n<td class=\"mlb-details-caption\">Model<\/td>\n<td class=\"mlb-details-value\">Saint Michel Monogram Canvas Epi Noir<\/td>\n<\/tr>\n<tr>\n<td class=\"mlb-details-caption\">Colour<\/td>\n<td class=\"mlb-details-value\">Brown, Black<\/td>\n<\/tr>\n<tr>\n<td class=\"mlb-details-caption\">Hardware<\/td>\n<td class=\"mlb-details-value\">Gold<\/td>\n<\/tr>\n<tr>\n<td class=\"mlb-details-caption\">Year<\/td>\n<td class=\"mlb-details-value\">2017<\/td>\n<\/tr>\n<tr>\n<td class=\"mlb-details-caption\">Accessoires<\/td>\n<td class=\"mlb-details-value\">Staubbeutel, LV-Materialinfo<\/td>\n<\/tr>\n<tr>\n<td class=\"mlb-details-caption\">Condition<\/td>\n<td class=\"mlb-details-value\">Excellent condition<\/td>\n<\/tr>\n<\/tbody>\n<\/table>","protected":false},"featured_media":13047,"template":"","meta":[],"product_brand":[],"product_cat":[87,154,1431,85,99],"product_tag":[],"class_list":{"0":"post-13043","1":"product","2":"type-product","3":"status-publish","4":"has-post-thumbnail","6":"product_cat-crossbodytaschen","7":"product_cat-designer","8":"product_cat-louisvuitton","9":"product_cat-schultertaschen","10":"product_cat-taschen","11":"product_shipping_class-bis1000","13":"first","14":"outofstock","15":"sold-individually","16":"shipping-taxable","17":"purchasable","18":"product-type-simple"},"_links":{"self":[{"href":"https:\/\/baselle.com\/en\/wp-json\/wp\/v2\/product\/13043","targetHints":{"allow":["GET"]}}],"collection":[{"href":"https:\/\/baselle.com\/en\/wp-json\/wp\/v2\/product"}],"about":[{"href":"https:\/\/baselle.com\/en\/wp-json\/wp\/v2\/types\/product"}],"wp:featuredmedia":[{"embeddable":true,"href":"https:\/\/baselle.com\/en\/wp-json\/wp\/v2\/media\/13047"}],"wp:attachment":[{"href":"https:\/\/baselle.com\/en\/wp-json\/wp\/v2\/media?parent=13043"}],"wp:term":[{"taxonomy":"product_brand","embeddable":true,"href":"https:\/\/baselle.com\/en\/wp-json\/wp\/v2\/product_brand?post=13043"},{"taxonomy":"product_cat","embeddable":true,"href":"https:\/\/baselle.com\/en\/wp-json\/wp\/v2\/product_cat?post=13043"},{"taxonomy":"product_tag","embeddable":true,"href":"https:\/\/baselle.com\/en\/wp-json\/wp\/v2\/product_tag?post=13043"}],"curies":[{"name":"wp","href":"https:\/\/api.w.org\/{rel}","templated":true}]}}