{"id":13010,"date":"2020-06-01T14:20:07","date_gmt":"2020-06-01T12:20:07","guid":{"rendered":"https:\/\/baselle.com\/?post_type=product&#038;p=13010"},"modified":"2020-06-14T12:52:23","modified_gmt":"2020-06-14T10:52:23","slug":"louis-vuitton-hot-springs-backpack-13010","status":"publish","type":"product","link":"https:\/\/baselle.com\/en\/product\/louis-vuitton-hot-springs-backpack-13010\/","title":{"rendered":"Louis Vuitton Hot Springs"},"content":{"rendered":"<p>\n<strong>Louis Vuitton Hot Springs Backpack Beschreibung<\/strong><\/p>\n<p>Dieser originale Louis Vuitton Hot Springs Backpack besticht durch sein zeitloses und elegantes Design. Durch die zwei vielseitig verstellbaren Schulterriemen eignet er sich sowohl f\u00fcr untertags sowie als Abendtasche. Ob als Schultertasche, in der Hand, diagonal am K\u00f6rper oder als Rucksack getragen &#8211; dieses Accessoire verleiht jedem Look das gewisse Etwas. Der Hot Springs Rucksack ist aus Kalbslackleder sowie beschichtetem Monogram Canvas gefertigt und verf\u00fcgt \u00fcber einen gepolsterten Ledergriff und goldfarbene Hardware. <\/p>\n<p>Der gravierte Push-Lock-Verschluss und Kordelzug \u00f6ffnet sich zu einem altrosanen Mikrofaserinnenfutter mit einem Steckfach. Trotz seiner kompakten Gr\u00f6\u00dfe \u00fcberrascht der Hot Springs Rucksack mit ausreichend Fassungsverm\u00f6gen f\u00fcr Geldb\u00f6rse, Smartphone, Schl\u00fcssel und Kosmetik.\n<\/p>\n<p>\n<strong>Mint condition<\/strong><br \/>\nDieser Louis Vuitton Hot Springs Backpack aus zweiter Hand ist ungetragen und daher in einem neuwertigen Zustand. Das Kalbslackleder, das beschichtete Monogram Canvas sowie das Innenfutter aus Mikrofaser sind in einem einwandfreien Zustand. Die goldfarbenen Beschl\u00e4ge sind ebenfalls in einem hervorragenden Zustand.\n<\/p>\n<p>\n<strong>Style:<\/strong> Rucksack, Schultertasche, Handtasche, Crossbody<br \/>\n<strong>Rucksackgr\u00f6\u00dfe:<\/strong> Mini<br \/>\n<strong>Dimensions (approx.):<\/strong> Breite 20,5 cm * H\u00f6he 21 cm * Tiefe 12,5 cm\n<\/p>\n<p>\n<strong>Exterior material:<\/strong> Kalbslackleder, Beschichtetes Canvas<br \/>\n<strong>Interior Material<\/strong> microfibre lining\n<\/p>\n<p>Die Bilder stellen den angebotenen Rucksack dar und sind Eigentum von MyLovelyBoutique.com.<\/p>\n<p>Follow us on <a href=\"https:\/\/www.instagram.com\/mylovelyboutique.de\/\" rel=\"noopener noreferrer\" target=\"_blank\"><span style=\"color: #96588a;\">Instagram<\/span><\/a> and get inspired. <\/p>","protected":false},"excerpt":{"rendered":"<table class=\"mlb-product-details\">\n<tbody>\n<tr>\n<td class=\"mlb-details-caption\">Model<\/td>\n<td class=\"mlb-details-value\">Hot Springs Backpack (M53545)<\/td>\n<\/tr>\n<tr>\n<td class=\"mlb-details-caption\">Colour<\/td>\n<td class=\"mlb-details-value\">Altrosa, Braun<\/td>\n<\/tr>\n<tr>\n<td class=\"mlb-details-caption\">Hardware<\/td>\n<td class=\"mlb-details-value\">Gold<\/td>\n<\/tr>\n<tr>\n<td class=\"mlb-details-caption\">Year<\/td>\n<td class=\"mlb-details-value\">2019<\/td>\n<\/tr>\n<tr>\n<td class=\"mlb-details-caption\">Accessoires<\/td>\n<td class=\"mlb-details-value\">Staubbeutel, verstellbare Schulterriemen, LV-Staubtuch, LV-Materialinfo<\/td>\n<\/tr>\n<tr>\n<td class=\"mlb-details-caption\">Condition<\/td>\n<td class=\"mlb-details-value\">Mint condition<\/td>\n<\/tr>\n<\/tbody>\n<\/table>","protected":false},"featured_media":13031,"template":"","meta":[],"product_brand":[],"product_cat":[87,154,68,86,1431,88,99],"product_tag":[],"class_list":{"0":"post-13010","1":"product","2":"type-product","3":"status-publish","4":"has-post-thumbnail","6":"product_cat-crossbodytaschen","7":"product_cat-designer","8":"product_cat-handtaschen","9":"product_cat-kleinetaschen","10":"product_cat-louisvuitton","11":"product_cat-rucksaecke","12":"product_cat-taschen","13":"product_shipping_class-bis1000","15":"first","16":"outofstock","17":"sold-individually","18":"shipping-taxable","19":"purchasable","20":"product-type-simple"},"_links":{"self":[{"href":"https:\/\/baselle.com\/en\/wp-json\/wp\/v2\/product\/13010","targetHints":{"allow":["GET"]}}],"collection":[{"href":"https:\/\/baselle.com\/en\/wp-json\/wp\/v2\/product"}],"about":[{"href":"https:\/\/baselle.com\/en\/wp-json\/wp\/v2\/types\/product"}],"wp:featuredmedia":[{"embeddable":true,"href":"https:\/\/baselle.com\/en\/wp-json\/wp\/v2\/media\/13031"}],"wp:attachment":[{"href":"https:\/\/baselle.com\/en\/wp-json\/wp\/v2\/media?parent=13010"}],"wp:term":[{"taxonomy":"product_brand","embeddable":true,"href":"https:\/\/baselle.com\/en\/wp-json\/wp\/v2\/product_brand?post=13010"},{"taxonomy":"product_cat","embeddable":true,"href":"https:\/\/baselle.com\/en\/wp-json\/wp\/v2\/product_cat?post=13010"},{"taxonomy":"product_tag","embeddable":true,"href":"https:\/\/baselle.com\/en\/wp-json\/wp\/v2\/product_tag?post=13010"}],"curies":[{"name":"wp","href":"https:\/\/api.w.org\/{rel}","templated":true}]}}