{"id":12987,"date":"2020-05-23T14:09:20","date_gmt":"2020-05-23T12:09:20","guid":{"rendered":"https:\/\/baselle.com\/?post_type=product&#038;p=12987"},"modified":"2020-06-29T12:28:42","modified_gmt":"2020-06-29T10:28:42","slug":"louis-vuitton-caissa-clutch-with-chain-damier-ebene-12987","status":"publish","type":"product","link":"https:\/\/baselle.com\/en\/product\/louis-vuitton-caissa-clutch-with-chain-damier-ebene-12987\/","title":{"rendered":"Louis Vuitton Caissa Clutch"},"content":{"rendered":"<p>\n<strong>Louis Vuitton Caissa Clutch with Chain Damier Ebene Handtasche Beschreibung<\/strong><\/p>\n<p>Diese originale Louis Vuitton Caissa Clutch with Chain Damier Ebene Handtasche ist eine stilvolle Handtasche, die jedem Look das Gewisse Etwas verleiht. Dieses Modell ist aus beschichtetem Canvas und roten Rindslederbes\u00e4tzen gefertigt und verf\u00fcgt \u00fcber goldfarbene Hardware-Akzente.  <\/p>\n<p>Der ikonische S-Verschluss \u00f6ffnet sich zu einem roten Mikrofaserinnenfutter mit einem mittigen Rei\u00dfverschlussinnenfach. Die Caissa Clutch kann kurz sowie lang \u00fcber der Schulter oder Crossbody getragen werden, so dass maximaler Tragekomfort garantiert ist. Eine zeitlose Handtasche, die sowohl zu jeder Jahreszeit sowie zu vielen Anl\u00e4ssen getragen werden kann.\n<\/p>\n<p>\n<strong>Excellent condition<\/strong><br \/>\nDiese Louis Vuitton Caissa Clutch with Chain Damier Ebene Handtasche aus zweiter Hand ist insgesamt in einem hervorragenden Zustand. Die Tasche wurde kaum getragen. Dementsprechend sind das beschichtete Canvas, auch die Ecken, sowie die Rindslederbes\u00e4tze in einem einwandfreien Zustand. Auch das Tascheninnere ist sauber, ohne Ger\u00fcche und weist keine L\u00f6cher\/Risse auf.\n<\/p>\n<p>\n<strong>Style:<\/strong> Shoulder bag, crossbody<br \/>\n<strong>Size:<\/strong> NM<br \/>\n<strong>Dimensions (approx.):<\/strong> Breite 29 cm * H\u00f6he 18 cm * Tiefe 9 cm<br \/>\n<strong>Shoulder strap (approx.)<\/strong> doppelt = 65 cm; einfach = 110 cm\n<\/p>\n<p>\n<strong>Exterior material:<\/strong> Coated canvas, cowhide leather<br \/>\n<strong>Interior Material<\/strong> microfibre lining\n<\/p>\n<p>The pictures represent the offered bag. The picture rights are held by MyLovelyBoutique.com. <\/p>\n<p>Follow us on <a href=\"https:\/\/www.instagram.com\/mylovelyboutique.de\/\" rel=\"noopener noreferrer\" target=\"_blank\"><span style=\"color: #96588a;\">Instagram<\/span><\/a> and get inspired. <\/p>","protected":false},"excerpt":{"rendered":"<table class=\"mlb-product-details\">\n<tbody>\n<tr>\n<td class=\"mlb-details-caption\">Model<\/td>\n<td class=\"mlb-details-value\">Caissa Clutch with Chain Damier Ebene Cherry (N41596)<\/td>\n<\/tr>\n<tr>\n<td class=\"mlb-details-caption\">Colour<\/td>\n<td class=\"mlb-details-value\">Braun, Rot<\/td>\n<\/tr>\n<tr>\n<td class=\"mlb-details-caption\">Hardware<\/td>\n<td class=\"mlb-details-value\">Gold<\/td>\n<\/tr>\n<tr>\n<td class=\"mlb-details-caption\">Year<\/td>\n<td class=\"mlb-details-value\">2016<\/td>\n<\/tr>\n<tr>\n<td class=\"mlb-details-caption\">Accessoires<\/td>\n<td class=\"mlb-details-value\">Staubbeutel, LV-Materialinfo<\/td>\n<\/tr>\n<tr>\n<td class=\"mlb-details-caption\">Condition<\/td>\n<td class=\"mlb-details-value\">Excellent condition<\/td>\n<\/tr>\n<\/tbody>\n<\/table>","protected":false},"featured_media":12991,"template":"","meta":[],"product_brand":[],"product_cat":[87,154,1431,85,99],"product_tag":[],"class_list":{"0":"post-12987","1":"product","2":"type-product","3":"status-publish","4":"has-post-thumbnail","6":"product_cat-crossbodytaschen","7":"product_cat-designer","8":"product_cat-louisvuitton","9":"product_cat-schultertaschen","10":"product_cat-taschen","11":"product_shipping_class-bis1000","13":"first","14":"outofstock","15":"sold-individually","16":"shipping-taxable","17":"purchasable","18":"product-type-simple"},"_links":{"self":[{"href":"https:\/\/baselle.com\/en\/wp-json\/wp\/v2\/product\/12987","targetHints":{"allow":["GET"]}}],"collection":[{"href":"https:\/\/baselle.com\/en\/wp-json\/wp\/v2\/product"}],"about":[{"href":"https:\/\/baselle.com\/en\/wp-json\/wp\/v2\/types\/product"}],"wp:featuredmedia":[{"embeddable":true,"href":"https:\/\/baselle.com\/en\/wp-json\/wp\/v2\/media\/12991"}],"wp:attachment":[{"href":"https:\/\/baselle.com\/en\/wp-json\/wp\/v2\/media?parent=12987"}],"wp:term":[{"taxonomy":"product_brand","embeddable":true,"href":"https:\/\/baselle.com\/en\/wp-json\/wp\/v2\/product_brand?post=12987"},{"taxonomy":"product_cat","embeddable":true,"href":"https:\/\/baselle.com\/en\/wp-json\/wp\/v2\/product_cat?post=12987"},{"taxonomy":"product_tag","embeddable":true,"href":"https:\/\/baselle.com\/en\/wp-json\/wp\/v2\/product_tag?post=12987"}],"curies":[{"name":"wp","href":"https:\/\/api.w.org\/{rel}","templated":true}]}}