{"id":12953,"date":"2020-05-20T20:05:49","date_gmt":"2020-05-20T18:05:49","guid":{"rendered":"https:\/\/baselle.com\/?post_type=product&#038;p=12953"},"modified":"2021-03-28T20:44:53","modified_gmt":"2021-03-28T18:44:53","slug":"louis-vuitton-neverfull-mm-escale-rouge-12953","status":"publish","type":"product","link":"https:\/\/baselle.com\/en\/product\/louis-vuitton-neverfull-mm-escale-rouge-12953\/","title":{"rendered":"Louis Vuitton Neverfull"},"content":{"rendered":"<p>\n<strong>Louis Vuitton Neverfull MM Monogram Giant Escale Handtasche Beschreibung<\/strong> <\/p>\n<p>Diese originale Louis Vuitton Neverfull MM Monogram Giant Escale Handtasche ist eine limitierte Rarit\u00e4t aus der Louis Vuitton Escale-Kollektion. Die klassische Neverfull Tote Bag geh\u00f6rt zu den zeitlosen Ikonen des Hauses. Das limitierte Modell ist aus beschichtetem Monogram Canvas gefertigt und besticht durch das wundersch\u00f6ne Kn\u00fcpfbatik-Motiv. Sie verf\u00fcgt \u00fcber eine trapezf\u00f6rmige Silhouette, seitliche Schn\u00fcre, schmale Ledergriffe sowie silberfarbene Hardware-Akzente. <\/p>\n<p>Das rote Innenfutter mit Hakenverschluss umfasst ein Rei\u00dfverschlussfach f\u00fcr die Aufbewahrung von wichtigen Dingen des t\u00e4glichen Bedarfs. Die abnehmbare Pochette kann sowohl als zus\u00e4tzliches Innenfach in der Neverfull verwendet, sowie herausgenommen und als Clutch getragen werden.\n<\/p>\n<p>\n<strong>Mint condition<\/strong><br \/>\nDiese Louis Vuitton Neverfull MM Monogram Giant Escale Handtasche ist ungetragen und daher in einem neuwertigen Zustand. Das beschichtete Monogram Canvas, die silberfarbenen Beschl\u00e4ge sowie das Innenfutter sind in einem einwandfreien Zustand.\n<\/p>\n<p>\n<strong>Style:<\/strong> Shoulder Bag<br \/>\n<strong>Size:<\/strong> MM<br \/>\n<strong>Dimensions (approx.):<\/strong> Breite 31 cm * H\u00f6he 28,5 cm * Tiefe 17 cm\n<\/p>\n<p>\n<strong>Exterior material:<\/strong> Coatet canvas, cowhide leather<br \/>\n<strong>Interior Material<\/strong> fabric lining\n<\/p>\n<p>The pictures represent the offered bag. The picture rights are held by MyLovelyBoutique.com. <\/p>\n<p>Follow us on <a href=\"https:\/\/www.instagram.com\/mylovelyboutique.de\/\" rel=\"noopener noreferrer\" target=\"_blank\"><span style=\"color: #96588a;\">Instagram<\/span><\/a> and get inspired. <\/p>","protected":false},"excerpt":{"rendered":"<table class=\"mlb-product-details\">\n<tbody>\n<tr>\n<td class=\"mlb-details-caption\">Model<\/td>\n<td class=\"mlb-details-value\">Neverfull MM MNG Giant Escale Rouge (M45127)<\/td>\n<\/tr>\n<tr>\n<td class=\"mlb-details-caption\">Colour<\/td>\n<td class=\"mlb-details-value\">Rot, Pink, Rosa<\/td>\n<\/tr>\n<tr>\n<td class=\"mlb-details-caption\">Hardware<\/td>\n<td class=\"mlb-details-value\">Silver<\/td>\n<\/tr>\n<tr>\n<td class=\"mlb-details-caption\">Year<\/td>\n<td class=\"mlb-details-value\">2020<\/td>\n<\/tr>\n<tr>\n<td class=\"mlb-details-caption\">Accessoires<\/td>\n<td class=\"mlb-details-value\">LV-Rechnung, Box, Staubbeutel, Pochette mit Lederriemen, LV-Booklet, LV-Materialinfo<\/td>\n<\/tr>\n<tr>\n<td class=\"mlb-details-caption\">Condition<\/td>\n<td class=\"mlb-details-value\">Mint condition<\/td>\n<\/tr>\n<\/tbody>\n<\/table>","protected":false},"featured_media":12962,"template":"","meta":[],"product_brand":[],"product_cat":[154,1431,85,99],"product_tag":[],"class_list":{"0":"post-12953","1":"product","2":"type-product","3":"status-publish","4":"has-post-thumbnail","6":"product_cat-designer","7":"product_cat-louisvuitton","8":"product_cat-schultertaschen","9":"product_cat-taschen","10":"product_shipping_class-bis1000","12":"first","13":"outofstock","14":"sold-individually","15":"shipping-taxable","16":"purchasable","17":"product-type-simple"},"_links":{"self":[{"href":"https:\/\/baselle.com\/en\/wp-json\/wp\/v2\/product\/12953","targetHints":{"allow":["GET"]}}],"collection":[{"href":"https:\/\/baselle.com\/en\/wp-json\/wp\/v2\/product"}],"about":[{"href":"https:\/\/baselle.com\/en\/wp-json\/wp\/v2\/types\/product"}],"wp:featuredmedia":[{"embeddable":true,"href":"https:\/\/baselle.com\/en\/wp-json\/wp\/v2\/media\/12962"}],"wp:attachment":[{"href":"https:\/\/baselle.com\/en\/wp-json\/wp\/v2\/media?parent=12953"}],"wp:term":[{"taxonomy":"product_brand","embeddable":true,"href":"https:\/\/baselle.com\/en\/wp-json\/wp\/v2\/product_brand?post=12953"},{"taxonomy":"product_cat","embeddable":true,"href":"https:\/\/baselle.com\/en\/wp-json\/wp\/v2\/product_cat?post=12953"},{"taxonomy":"product_tag","embeddable":true,"href":"https:\/\/baselle.com\/en\/wp-json\/wp\/v2\/product_tag?post=12953"}],"curies":[{"name":"wp","href":"https:\/\/api.w.org\/{rel}","templated":true}]}}