{"id":12848,"date":"2020-05-05T17:26:04","date_gmt":"2020-05-05T15:26:04","guid":{"rendered":"https:\/\/baselle.com\/?post_type=product&#038;p=12848"},"modified":"2020-05-20T20:27:09","modified_gmt":"2020-05-20T18:27:09","slug":"chanel-reissue-camera-bag-weiss-flieder-12848","status":"publish","type":"product","link":"https:\/\/baselle.com\/en\/product\/chanel-reissue-camera-bag-weiss-flieder-12848\/","title":{"rendered":"CHANEL Reissue Camera Bag"},"content":{"rendered":"<p><strong>CHANEL Reissue Camera Bag Leder Handtasche Beschreibung<\/strong><\/p>\n<p>Die originale CHANEL Reissue Camera Bag Leder Handtasche ist eine komfortable und moderne Handtasche f\u00fcr den t\u00e4glichen Gebrauch. In ihrer mittleren Gr\u00f6\u00dfe bietet sie genug Platz f\u00fcr Portemonnaie, Schl\u00fcssel, Smartphone und Kosmetik. Die Camera Bag ist aus gestepptem Kalbsleder in Vintage-Optik gefertigt und verf\u00fcgt \u00fcber gewebte Kettenriemen, ein aufgesetztes Mademoiselle-Turnlock und silberne Hardware-Akzente. Einen besonderen Kontrast setzen bei diesem limitierten Modell die fliederfarbenen Diamant-N\u00e4hte, welche die typische CHANEL-Steppung gekonnt hervorheben.  <\/p>\n<p>Der Rei\u00dfverschluss \u00f6ffnet sich zu einem grauen Innenfutter mit einem Rei\u00dfverschlussfach und zwei Steckf\u00e4chern. Die Reissue Camera Bag kann \u00fcber der Schulter sowie Crossbody getragen werden, so dass maximaler Tragekomfort garantiert ist.<\/p>\n<p><strong>Very good condition:<\/strong><br \/>\nDiese CHANEL Reissue Camera Bag Leder Handtasche aus zweiter Hand ist insgesamt in einem sehr guten Zustand. Das Kalbsleder ist in einem sehr gepflegten Zustand, auch die Ecken lassen keinerlei Gebrauchspuren erkennen. Das Tascheninnere ist in einem guten Zustand, ohne Ger\u00fcche und weist keine L\u00f6cher\/Risse auf. Die silberfarbenen Hardware-Akzente sind in einem einwandfreien Zustand.<\/p>\n<p><strong>Style:<\/strong> Shoulder bag, clutch, crossbody<br \/>\n<strong>Size:<\/strong> Medium<br \/>\n<strong>Dimensions (approx.):<\/strong> Breite 29 cm * H\u00f6he 19 cm * Tiefe 11 cm<br \/>\n<strong>Shoulder chain:<\/strong> einfach = 100 cm; doppelt = 60 cm<\/p>\n<p><strong>Exterior material:<\/strong> Kalbsleder in Vintage-Optik<br \/>\n<strong>Interior Material<\/strong> fabric lining<\/p>\n<p>The pictures represent the offered bag. The picture rights are held by MyLovelyBoutique.com.<\/p>\n<p>Follow us on <a href=\"https:\/\/www.instagram.com\/mylovelyboutique.de\/\" rel=\"noopener noreferrer\" target=\"_blank\"><span style=\"color: #96588a;\">Instagram<\/span><\/a> and get inspired.<\/p>","protected":false},"excerpt":{"rendered":"<p>&nbsp;<\/p>\n<table class=\"mlb-product-details\">\n<tbody>\n<tr>\n<td class=\"mlb-details-caption\">Model<\/td>\n<td class=\"mlb-details-value\">Reissue Camera Bag<\/td>\n<\/tr>\n<tr>\n<td class=\"mlb-details-caption\">Colour<\/td>\n<td class=\"mlb-details-value\">Wei\u00df, Flieder<\/td>\n<\/tr>\n<tr>\n<td class=\"mlb-details-caption\">Hardware<\/td>\n<td class=\"mlb-details-value\">Silver<\/td>\n<\/tr>\n<tr>\n<td class=\"mlb-details-caption\">Year<\/td>\n<td class=\"mlb-details-value\">2009<\/td>\n<\/tr>\n<tr>\n<td class=\"mlb-details-caption\">Accessoires<\/td>\n<td class=\"mlb-details-value\">Staubbeutel, Authentizit\u00e4tskarte, Seriennummer mit Hologramm, CC-Booklet<\/td>\n<\/tr>\n<tr>\n<td class=\"mlb-details-caption\">Condition<\/td>\n<td class=\"mlb-details-value\">Very good condition<\/td>\n<\/tr>\n<\/tbody>\n<\/table>","protected":false},"featured_media":12851,"template":"","meta":[],"product_brand":[],"product_cat":[1430,87,154,85,99],"product_tag":[],"class_list":{"0":"post-12848","1":"product","2":"type-product","3":"status-publish","4":"has-post-thumbnail","6":"product_cat-chanel","7":"product_cat-crossbodytaschen","8":"product_cat-designer","9":"product_cat-schultertaschen","10":"product_cat-taschen","11":"product_shipping_class-bis1000","13":"first","14":"outofstock","15":"sold-individually","16":"shipping-taxable","17":"purchasable","18":"product-type-simple"},"_links":{"self":[{"href":"https:\/\/baselle.com\/en\/wp-json\/wp\/v2\/product\/12848","targetHints":{"allow":["GET"]}}],"collection":[{"href":"https:\/\/baselle.com\/en\/wp-json\/wp\/v2\/product"}],"about":[{"href":"https:\/\/baselle.com\/en\/wp-json\/wp\/v2\/types\/product"}],"wp:featuredmedia":[{"embeddable":true,"href":"https:\/\/baselle.com\/en\/wp-json\/wp\/v2\/media\/12851"}],"wp:attachment":[{"href":"https:\/\/baselle.com\/en\/wp-json\/wp\/v2\/media?parent=12848"}],"wp:term":[{"taxonomy":"product_brand","embeddable":true,"href":"https:\/\/baselle.com\/en\/wp-json\/wp\/v2\/product_brand?post=12848"},{"taxonomy":"product_cat","embeddable":true,"href":"https:\/\/baselle.com\/en\/wp-json\/wp\/v2\/product_cat?post=12848"},{"taxonomy":"product_tag","embeddable":true,"href":"https:\/\/baselle.com\/en\/wp-json\/wp\/v2\/product_tag?post=12848"}],"curies":[{"name":"wp","href":"https:\/\/api.w.org\/{rel}","templated":true}]}}