{"id":12808,"date":"2020-05-02T18:06:17","date_gmt":"2020-05-02T16:06:17","guid":{"rendered":"https:\/\/baselle.com\/?post_type=product&#038;p=12808"},"modified":"2020-05-15T12:20:10","modified_gmt":"2020-05-15T10:20:10","slug":"louis-vuitton-big-splash-seiden-carre-12808","status":"publish","type":"product","link":"https:\/\/baselle.com\/en\/product\/louis-vuitton-big-splash-seiden-carre-12808\/","title":{"rendered":"Louis Vuitton Big Splash Carr\u00e9"},"content":{"rendered":"<p><strong>Louis Vuitton Big Splash Carr\u00e9 Seidentuch Beschreibung<\/strong><\/p>\n<p>Das originale Louis Vuitton Big Splash Carr\u00e9 Seidentuch ist inspiriert von Louis Vuittons Sea of Love Siebdruck-Motiv. Durch einen Rahmen aus Korallen und Muscheln werden die zwei Karpfen, die f\u00fcr Gl\u00fcck und Liebe stehen, perfekt hervorgehoben. Dieses Tuch aus feinster Seide und warmen Farbt\u00f6nen wird mit Sicherheit zu Deinem liebsten Sommer-Accessoire!<\/p>\n<p><strong>Excellent condition<\/strong><br \/>\nDieses Louis Vuitton Big Splash Carr\u00e9 Seidentuch ist insgesamt in einem hervorragenden Zustand. Es wurde kaum getragen und ist daher in einem einwandfreien Zustand.<\/p>\n<p><strong>Dimensions (approx.):<\/strong> Breite 70 cm * H\u00f6he 70 cm<\/p>\n<p><strong>Material:<\/strong> 100 % silk<\/p>\n<p>Die Bilder stellen das angebotene Seidentuch dar und sind Eigentum von MyLovelyBoutique.com.<\/p>\n<p>Follow us on <a href=\"https:\/\/www.instagram.com\/mylovelyboutique.de\/\" rel=\"noopener noreferrer\" target=\"_blank\"><span style=\"color: #96588a;\">Instagram<\/span><\/a> and get inspired. <\/p>","protected":false},"excerpt":{"rendered":"<table class=\"mlb-product-details\">\n<tbody>\n<tr>\n<td class=\"mlb-details-caption\">Model<\/td>\n<td class=\"mlb-details-value\">Big Splash Carr\u00e9<\/td>\n<\/tr>\n<tr>\n<td class=\"mlb-details-caption\">Colour<\/td>\n<td class=\"mlb-details-value\">Poppy, Bunt<\/td>\n<\/tr>\n<tr>\n<td class=\"mlb-details-caption\">Hardware<\/td>\n<td class=\"mlb-details-value\">&#8211;<\/td>\n<\/tr>\n<tr>\n<td class=\"mlb-details-caption\">Year<\/td>\n<td class=\"mlb-details-value\">2019<\/td>\n<\/tr>\n<tr>\n<td class=\"mlb-details-caption\">Accessoires<\/td>\n<td class=\"mlb-details-value\">LV-Rechnung, Box mit Sedenpapier, LV-Etikett<\/td>\n<\/tr>\n<tr>\n<td class=\"mlb-details-caption\">Condition<\/td>\n<td class=\"mlb-details-value\">Excellent condition<\/td>\n<\/tr>\n<\/tbody>\n<\/table>","protected":false},"featured_media":12811,"template":"","meta":[],"product_brand":[],"product_cat":[57,154,1431,70],"product_tag":[],"class_list":{"0":"post-12808","1":"product","2":"type-product","3":"status-publish","4":"has-post-thumbnail","6":"product_cat-accessories","7":"product_cat-designer","8":"product_cat-louisvuitton","9":"product_cat-schalstuecher","10":"product_shipping_class-0-500","12":"first","13":"outofstock","14":"sold-individually","15":"shipping-taxable","16":"purchasable","17":"product-type-simple"},"_links":{"self":[{"href":"https:\/\/baselle.com\/en\/wp-json\/wp\/v2\/product\/12808","targetHints":{"allow":["GET"]}}],"collection":[{"href":"https:\/\/baselle.com\/en\/wp-json\/wp\/v2\/product"}],"about":[{"href":"https:\/\/baselle.com\/en\/wp-json\/wp\/v2\/types\/product"}],"wp:featuredmedia":[{"embeddable":true,"href":"https:\/\/baselle.com\/en\/wp-json\/wp\/v2\/media\/12811"}],"wp:attachment":[{"href":"https:\/\/baselle.com\/en\/wp-json\/wp\/v2\/media?parent=12808"}],"wp:term":[{"taxonomy":"product_brand","embeddable":true,"href":"https:\/\/baselle.com\/en\/wp-json\/wp\/v2\/product_brand?post=12808"},{"taxonomy":"product_cat","embeddable":true,"href":"https:\/\/baselle.com\/en\/wp-json\/wp\/v2\/product_cat?post=12808"},{"taxonomy":"product_tag","embeddable":true,"href":"https:\/\/baselle.com\/en\/wp-json\/wp\/v2\/product_tag?post=12808"}],"curies":[{"name":"wp","href":"https:\/\/api.w.org\/{rel}","templated":true}]}}