{"id":12797,"date":"2020-05-03T14:11:28","date_gmt":"2020-05-03T12:11:28","guid":{"rendered":"https:\/\/baselle.com\/?post_type=product&#038;p=12797"},"modified":"2020-05-24T16:11:06","modified_gmt":"2020-05-24T14:11:06","slug":"louis-vuitton-neverfull-mm-lvxlol-12797","status":"publish","type":"product","link":"https:\/\/baselle.com\/en\/product\/louis-vuitton-neverfull-mm-lvxlol-12797\/","title":{"rendered":"Louis Vuitton Neverfull"},"content":{"rendered":"<p>\n<strong>Louis Vuitton Neverfull MM LVxLOL Handtasche Beschreibung<\/strong> <\/p>\n<p>Diese originale Louis Vuitton Neverfull MM LVxLOL Handtasche ist eine limitierte Rarit\u00e4t aus der Louis Vuitton x League of Legends Capsule-Kollektion. Die klassische Neverfull Tote Bag geh\u00f6rt zu den zeitlosen Ikonen des Hauses. Das limitierte Modell ist aus beschichtetem Monogram Canvas gefertigt und besticht durch ein modernes Camouflage-Design. Sie verf\u00fcgt \u00fcber eine trapezf\u00f6rmige Silhouette, seitliche Schn\u00fcre, schmale Ledergriffe sowie goldfarbene Hardware-Akzente. <\/p>\n<p>Das beige Innenfutter mit Hakenverschluss umfasst ein Rei\u00dfverschlussfach f\u00fcr die Aufbewahrung von Dingen des t\u00e4glichen Bedarfs. Die abnehmbare Pochette kann sowohl als zus\u00e4tzliches Innenfach in der Neverfull verwendet, sowie herausgenommen und als Clutch getragen werden.\n<\/p>\n<p>\n<strong>Mint condition<\/strong><br \/>\nDiese Louis Vuitton Neverfull MM LVxLOL Handtasche ist in einem neuwertigen Zustand. Das beschichtete Monogram Canvas, die goldfarbenen Beschl\u00e4ge sowie das Innenfutter sind in einem einwandfreien Zustand.\n<\/p>\n<p>\n<strong>Style:<\/strong> Shoulder Bag<br \/>\n<strong>Size:<\/strong> MM<br \/>\n<strong>Dimensions (approx.):<\/strong> Breite 31 cm * H\u00f6he 28,5 cm * Tiefe 17 cm\n<\/p>\n<p>\n<strong>Exterior material:<\/strong> Coatet canvas, cowhide leather<br \/>\n<strong>Interior Material<\/strong> fabric lining\n<\/p>\n<p>The pictures represent the offered bag. The picture rights are held by MyLovelyBoutique.com. <\/p>\n<p>Follow us on <a href=\"https:\/\/www.instagram.com\/mylovelyboutique.de\/\" rel=\"noopener noreferrer\" target=\"_blank\"><span style=\"color: #96588a;\">Instagram<\/span><\/a> and get inspired. <\/p>","protected":false},"excerpt":{"rendered":"<table class=\"mlb-product-details\">\n<tbody>\n<tr>\n<td class=\"mlb-details-caption\">Model<\/td>\n<td class=\"mlb-details-value\">Neverfull MM LVxLOL (M45201)<\/td>\n<\/tr>\n<tr>\n<td class=\"mlb-details-caption\">Colour<\/td>\n<td class=\"mlb-details-value\">Braun, Schwarz, Gold, Silber, Wei\u00df<\/td>\n<\/tr>\n<tr>\n<td class=\"mlb-details-caption\">Hardware<\/td>\n<td class=\"mlb-details-value\">Gold<\/td>\n<\/tr>\n<tr>\n<td class=\"mlb-details-caption\">Year<\/td>\n<td class=\"mlb-details-value\">2020<\/td>\n<\/tr>\n<tr>\n<td class=\"mlb-details-caption\">Accessoires<\/td>\n<td class=\"mlb-details-value\">LV-Rechnung, Box, Staubbeutel, Pochette mit Lederriemen<\/td>\n<\/tr>\n<tr>\n<td class=\"mlb-details-caption\">Condition<\/td>\n<td class=\"mlb-details-value\">Mint condition<\/td>\n<\/tr>\n<\/tbody>\n<\/table>","protected":false},"featured_media":12832,"template":"","meta":[],"product_brand":[],"product_cat":[154,1431,85,99],"product_tag":[],"class_list":{"0":"post-12797","1":"product","2":"type-product","3":"status-publish","4":"has-post-thumbnail","6":"product_cat-designer","7":"product_cat-louisvuitton","8":"product_cat-schultertaschen","9":"product_cat-taschen","10":"product_shipping_class-bis1000","12":"first","13":"outofstock","14":"sold-individually","15":"shipping-taxable","16":"purchasable","17":"product-type-simple"},"_links":{"self":[{"href":"https:\/\/baselle.com\/en\/wp-json\/wp\/v2\/product\/12797","targetHints":{"allow":["GET"]}}],"collection":[{"href":"https:\/\/baselle.com\/en\/wp-json\/wp\/v2\/product"}],"about":[{"href":"https:\/\/baselle.com\/en\/wp-json\/wp\/v2\/types\/product"}],"wp:featuredmedia":[{"embeddable":true,"href":"https:\/\/baselle.com\/en\/wp-json\/wp\/v2\/media\/12832"}],"wp:attachment":[{"href":"https:\/\/baselle.com\/en\/wp-json\/wp\/v2\/media?parent=12797"}],"wp:term":[{"taxonomy":"product_brand","embeddable":true,"href":"https:\/\/baselle.com\/en\/wp-json\/wp\/v2\/product_brand?post=12797"},{"taxonomy":"product_cat","embeddable":true,"href":"https:\/\/baselle.com\/en\/wp-json\/wp\/v2\/product_cat?post=12797"},{"taxonomy":"product_tag","embeddable":true,"href":"https:\/\/baselle.com\/en\/wp-json\/wp\/v2\/product_tag?post=12797"}],"curies":[{"name":"wp","href":"https:\/\/api.w.org\/{rel}","templated":true}]}}