{"id":12663,"date":"2020-04-14T18:00:34","date_gmt":"2020-04-14T16:00:34","guid":{"rendered":"https:\/\/baselle.com\/?post_type=product&#038;p=12663"},"modified":"2020-06-07T13:34:51","modified_gmt":"2020-06-07T11:34:51","slug":"louis-vuitton-mahina-l-handtasche-elephant-gris-12663","status":"publish","type":"product","link":"https:\/\/baselle.com\/en\/product\/louis-vuitton-mahina-l-handtasche-elephant-gris-12663\/","title":{"rendered":"Louis Vuitton Mahina L"},"content":{"rendered":"<p>\n<strong>Louis Vuitton Mahina L Leder Handtasche Beschreibung<\/strong><\/p>\n<p>Die originale Louis Vuitton Mahina L Leder Handtasche ist praktisch und raffiniert im Design, passend f\u00fcr ausgewogene Shopping Tage sowie f\u00fcr die Arbeit. Diese feminine Hobo-Bag ist aus perforiertem Mahina Leder in Monogram-Elephant-Gris gefertigt und verf\u00fcgt \u00fcber doppelt gerollte Griffe, Nietendetails, seitliche G\u00fcrtelverschl\u00fcsse, die den Inhalt der Tasche anpassen, sch\u00fctzende Taschenf\u00fc\u00dfe und goldfarbene Hardware-Akzente. Der gravierte Push-Lock-Verschluss \u00f6ffnet sich zu einem schwarzen, mit Mikrofaser gef\u00fctterten Innenfach mit seitlicher Rei\u00dfverschlusstasche f\u00fcr alle wichtigen Dinge des t\u00e4glichen Bedarfs. Im Tascheninneren befindet sich au\u00dferdem ein D-Ring zum Anbringen von Schl\u00fcssel, Pochette etc.<\/p>\n<p>Die Louis Vuitton Mahina Leather L ist nicht nur praktisch, ger\u00e4umig und leicht, sondern auch in ihrer Form sehr variierbar: Durch einen Karabiner kann sie nach Belieben in zweierlei Form getragen werden und auch an den Taschenseiten kann sie verschieden eingestellt werden, so dass sie entweder apfel- oder mehr birnenf\u00f6rmig getragen werden kann.   <\/p>\n<p>Der Neupreis dieser Tasche lag bei 1900,00\u20ac. Die Mahina ist bei Louis Vuitton nicht mehr verf\u00fcgbar.\n<\/p>\n<p>\n<strong>Very good condition:<\/strong><br \/>\nDie Louis Vuitton Mahina L Leder Handtasche aus zweiter Hand ist insgesamt in einem sehr guten Zustand. Das Kalbsleder mit der Mahina Lochpr\u00e4gung &#8211; auch die Taschenecken &#8211; sowie die goldfarbene Hardware ist in einem sch\u00f6nen gepflegten Zustand. Auch das Tascheninnere ist sauber und weist keine L\u00f6cher\/Risse auf.\n<\/p>\n<p>\n<strong>Style:<\/strong> Schultertasche, Shopper<br \/>\n<strong>Size:<\/strong> L<br \/>\n<strong>Dimensions (approx.):<\/strong> Breite 40 cm * H\u00f6he 30 cm * Tiefe 17 cm\n<\/p>\n<p>\n<strong>Exterior material:<\/strong> calfskin leather<br \/>\n<strong>Interior Material<\/strong> microfibre lining\n<\/p>\n<p>The pictures represent the offered bag. The picture rights are held by MyLovelyBoutique.com. <\/p>\n<p>Follow us on <a href=\"https:\/\/www.instagram.com\/mylovelyboutique.de\/\" rel=\"noopener noreferrer\" target=\"_blank\"><span style=\"color: #96588a;\">Instagram<\/span><\/a> and get inspired.<\/p>","protected":false},"excerpt":{"rendered":"<table class=\"mlb-product-details\">\n<tbody>\n<tr>\n<td class=\"mlb-details-caption\">Model<\/td>\n<td class=\"mlb-details-value\">Mahina Leather L Elephant Gris (M95763)<\/td>\n<\/tr>\n<tr>\n<td class=\"mlb-details-caption\">Colour<\/td>\n<td class=\"mlb-details-value\">Graubraun<\/td>\n<\/tr>\n<tr>\n<td class=\"mlb-details-caption\">Hardware<\/td>\n<td class=\"mlb-details-value\">Gold<\/td>\n<\/tr>\n<tr>\n<td class=\"mlb-details-caption\">Year<\/td>\n<td class=\"mlb-details-value\">2008<\/td>\n<\/tr>\n<tr>\n<td class=\"mlb-details-caption\">Accessoires<\/td>\n<td class=\"mlb-details-value\">Dustbag<\/td>\n<\/tr>\n<tr>\n<td class=\"mlb-details-caption\">Condition<\/td>\n<td class=\"mlb-details-value\">Very good condition<\/td>\n<\/tr>\n<\/tbody>\n<\/table>","protected":false},"featured_media":12664,"template":"","meta":[],"product_brand":[],"product_cat":[154,1431,85,99],"product_tag":[],"class_list":{"0":"post-12663","1":"product","2":"type-product","3":"status-publish","4":"has-post-thumbnail","6":"product_cat-designer","7":"product_cat-louisvuitton","8":"product_cat-schultertaschen","9":"product_cat-taschen","10":"product_shipping_class-bis2500","12":"first","13":"outofstock","14":"sold-individually","15":"shipping-taxable","16":"purchasable","17":"product-type-simple"},"_links":{"self":[{"href":"https:\/\/baselle.com\/en\/wp-json\/wp\/v2\/product\/12663","targetHints":{"allow":["GET"]}}],"collection":[{"href":"https:\/\/baselle.com\/en\/wp-json\/wp\/v2\/product"}],"about":[{"href":"https:\/\/baselle.com\/en\/wp-json\/wp\/v2\/types\/product"}],"wp:featuredmedia":[{"embeddable":true,"href":"https:\/\/baselle.com\/en\/wp-json\/wp\/v2\/media\/12664"}],"wp:attachment":[{"href":"https:\/\/baselle.com\/en\/wp-json\/wp\/v2\/media?parent=12663"}],"wp:term":[{"taxonomy":"product_brand","embeddable":true,"href":"https:\/\/baselle.com\/en\/wp-json\/wp\/v2\/product_brand?post=12663"},{"taxonomy":"product_cat","embeddable":true,"href":"https:\/\/baselle.com\/en\/wp-json\/wp\/v2\/product_cat?post=12663"},{"taxonomy":"product_tag","embeddable":true,"href":"https:\/\/baselle.com\/en\/wp-json\/wp\/v2\/product_tag?post=12663"}],"curies":[{"name":"wp","href":"https:\/\/api.w.org\/{rel}","templated":true}]}}