{"id":12644,"date":"2020-04-14T14:09:14","date_gmt":"2020-04-14T12:09:14","guid":{"rendered":"https:\/\/baselle.com\/?post_type=product&#038;p=12644"},"modified":"2020-05-03T14:12:26","modified_gmt":"2020-05-03T12:12:26","slug":"louis-vuitton-pochette-metis-monogram-empreinte-leder-creme-12644","status":"publish","type":"product","link":"https:\/\/baselle.com\/en\/product\/louis-vuitton-pochette-metis-monogram-empreinte-leder-creme-12644\/","title":{"rendered":"Louis Vuitton Pochette M\u00e9tis"},"content":{"rendered":"<p>\n<strong>Louis Vuitton Pochette M\u00e9tis Monogram Empreinte Leder Handtasche Beschreibung<\/strong><\/p>\n<p>Die originale Louis Vuitton Pochette M\u00e9tis Monogram Empreinte Leder Handtasche l\u00e4sst die Herzen vieler Frauen h\u00f6her schlagen. Diese Modell besticht durch den von Hand geflochtenen und bemalten Griff aus Leder, welcher der M\u00e9tis ein luxuri\u00f6ses Tragegef\u00fchl verleiht. Sie ist aus Rindsleder mit gepr\u00e4gtem Louis Vuitton Monogram gefertigt und verf\u00fcgt \u00fcber eine eckige Silhouette sowie goldfarbene Hardware-Akzente. Ein Namensschild sowie ein abnehmbarer Schulterriemen aus karamellfarbenen Leder betonen gekonnt das zarte Cr\u00e8me-Beige dieser Handtasche.<\/p>\n<p>Die Klappe mit dem S-Verschluss \u00f6ffnet sich zu einem braunen Mikrofaserinnenfutter, welches sich in drei F\u00e4cher aufteilt. Auf dem Taschenr\u00fccken befindet sich ein weiteres Rei\u00dfverschlussfach, das sich f\u00fcr die Aufbewahrung Deiner wichtigsten Dinge eignet. Die Pochette M\u00e8tis ist mit gutem Grund eine Lieblingstasche, die sich dank einer Vielzahl von F\u00e4chern optimal f\u00fcr den t\u00e4glichen Gebrauch eignet.\n<\/p>\n<p>\n<strong>Mint condition<\/strong><br \/>\nDiese Louis Vuitton Pochette M\u00e9tis Monogram Empreinte Leder Handtasche ist ungetragen. Dementsprechend ist sie in einem neuwertigen Zustand ohne Gebrauchspuren. Das Rindsleder, das Tascheninnere sowie die goldfarbene Hardware sind daher in einem einwandfreien Zustand.\n<\/p>\n<p>\n<strong>Style:<\/strong> Shoulder bag, handbag, crossbody<br \/>\n<strong>Size:<\/strong> NM<br \/>\n<strong>Dimensions (approx.):<\/strong> Breite 25 cm * H\u00f6he 19 cm * Tiefe 7 cm\n<\/p>\n<p>\n<strong>Exterior material:<\/strong> Grained cowhide leather<br \/>\n<strong>Interior Material<\/strong> microfibre lining\n<\/p>\n<p>The pictures represent the offered bag. The picture rights are held by MyLovelyBoutique.com. <\/p>\n<p>Follow us on <a href=\"https:\/\/www.instagram.com\/mylovelyboutique.de\/\" rel=\"noopener noreferrer\" target=\"_blank\"><span style=\"color: #96588a;\">Instagram<\/span><\/a> and get inspired. <\/p>","protected":false},"excerpt":{"rendered":"<table class=\"mlb-product-details\">\n<tbody>\n<tr>\n<td class=\"mlb-details-caption\">Model<\/td>\n<td class=\"mlb-details-value\">Pochette M\u00e9tis Monogram Empreinte Leder (M53940)<\/td>\n<\/tr>\n<tr>\n<td class=\"mlb-details-caption\">Colour<\/td>\n<td class=\"mlb-details-value\">Cr\u00e8me-Beige, Karamell, Schwarz<\/td>\n<\/tr>\n<tr>\n<td class=\"mlb-details-caption\">Hardware<\/td>\n<td class=\"mlb-details-value\">Gold<\/td>\n<\/tr>\n<tr>\n<td class=\"mlb-details-caption\">Year<\/td>\n<td class=\"mlb-details-value\">2019<\/td>\n<\/tr>\n<tr>\n<td class=\"mlb-details-caption\">Accessoires<\/td>\n<td class=\"mlb-details-value\">LV-Rechnung, Box, Staubbeutel, Namensschild, abnehmbarer Schultterriemen, LV-Booklet, LV-Materialinfo<\/td>\n<\/tr>\n<tr>\n<td class=\"mlb-details-caption\">Condition<\/td>\n<td class=\"mlb-details-value\">Mint condition<\/td>\n<\/tr>\n<\/tbody>\n<\/table>","protected":false},"featured_media":12649,"template":"","meta":[],"product_brand":[],"product_cat":[87,154,68,1431,85,99],"product_tag":[],"class_list":{"0":"post-12644","1":"product","2":"type-product","3":"status-publish","4":"has-post-thumbnail","6":"product_cat-crossbodytaschen","7":"product_cat-designer","8":"product_cat-handtaschen","9":"product_cat-louisvuitton","10":"product_cat-schultertaschen","11":"product_cat-taschen","13":"first","14":"outofstock","15":"sold-individually","16":"shipping-taxable","17":"purchasable","18":"product-type-simple"},"_links":{"self":[{"href":"https:\/\/baselle.com\/en\/wp-json\/wp\/v2\/product\/12644","targetHints":{"allow":["GET"]}}],"collection":[{"href":"https:\/\/baselle.com\/en\/wp-json\/wp\/v2\/product"}],"about":[{"href":"https:\/\/baselle.com\/en\/wp-json\/wp\/v2\/types\/product"}],"wp:featuredmedia":[{"embeddable":true,"href":"https:\/\/baselle.com\/en\/wp-json\/wp\/v2\/media\/12649"}],"wp:attachment":[{"href":"https:\/\/baselle.com\/en\/wp-json\/wp\/v2\/media?parent=12644"}],"wp:term":[{"taxonomy":"product_brand","embeddable":true,"href":"https:\/\/baselle.com\/en\/wp-json\/wp\/v2\/product_brand?post=12644"},{"taxonomy":"product_cat","embeddable":true,"href":"https:\/\/baselle.com\/en\/wp-json\/wp\/v2\/product_cat?post=12644"},{"taxonomy":"product_tag","embeddable":true,"href":"https:\/\/baselle.com\/en\/wp-json\/wp\/v2\/product_tag?post=12644"}],"curies":[{"name":"wp","href":"https:\/\/api.w.org\/{rel}","templated":true}]}}