{"id":12628,"date":"2020-04-11T10:36:16","date_gmt":"2020-04-11T08:36:16","guid":{"rendered":"https:\/\/baselle.com\/?post_type=product&#038;p=12628"},"modified":"2020-05-01T18:04:10","modified_gmt":"2020-05-01T16:04:10","slug":"louis-vuitton-speedy-30-monogram-giant-escale-pastell-12628","status":"publish","type":"product","link":"https:\/\/baselle.com\/en\/product\/louis-vuitton-speedy-30-monogram-giant-escale-pastell-12628\/","title":{"rendered":"Louis Vuitton Speedy Escale"},"content":{"rendered":"<p>\n<strong>Louis Vuitton Speedy 30 Monogram Giant Escale Handtasche Beschreibung<\/strong><\/p>\n<p>Die originale Speedy 30 Monogram Giant Escale Handtasche ist eine der aktuell begehrtesten Most-Wanted-Bags aus der Louis Vuitton Escale-Kollektion. Dieses neu interpretierte Modell besticht durch das Kn\u00fcpfbatik-Motiv und das wundersch\u00f6ne Zusammenspiel ihrer Pastellfarben. Sie ist aus Monogram beschichtetem Canvas und Rindslederbes\u00e4tzen gefertigt und verf\u00fcgt \u00fcber doppelt gerollte Griffe sowie silberfarbene Beschl\u00e4ge. <\/p>\n<p>Durch einen Rei\u00dfverschluss \u00f6ffnet sich die Speedy zu einem Textilinnenfutter mit einem Rei\u00dfverschlussinnenfach. Durch den vestellbaren Schulterriemen l\u00e4sst sie sich bequem \u00fcber der Schulter oder diagonal am K\u00f6rper tragen, so dass maximaler Tragekomfort garantiert ist. Die wundersch\u00f6ne Speedy Bandouli\u00e8re in Pastellfarben ist ein absolutes Lieblingspiece mit Sammlerwert.\n<\/p>\n<p>\n<strong>Mint condition<\/strong><br \/>\nDiese Louis Vuitton Speedy 30 Monogram Giant Escale Handtasche ist ungetragen und daher in einem neuwertigen Zustand. Das beschichtete Monogram Canvas, die silberfarbenen Beschl\u00e4ge sowie das Innenfutter sind in einem einwandfreien Zustand.\n<\/p>\n<p>\n<strong>Style:<\/strong> Shoulder bag, handbag, crossbody<br \/>\n<strong>Size:<\/strong> MM<br \/>\n<strong>Dimensions (approx.):<\/strong> width 30 cm * height 21 cm * depth 17 cm\n<\/p>\n<p>\n<strong>Exterior material:<\/strong> Beschichtetes Monogram Canvas, Rindsleder<br \/>\n<strong>Interior Material<\/strong> fabric lining\n<\/p>\n<p>The pictures represent the offered bag. The picture rights are held by MyLovelyBoutique.com.<\/p>\n<p>Follow us on <a href=\"https:\/\/www.instagram.com\/mylovelyboutique.de\/\" rel=\"noopener noreferrer\" target=\"_blank\"><span style=\"color: #96588a;\">Instagram<\/span><\/a> and get inspired. <\/p>","protected":false},"excerpt":{"rendered":"<table class=\"mlb-product-details\">\n<tbody>\n<tr>\n<td class=\"mlb-details-caption\">Model<\/td>\n<td class=\"mlb-details-value\">Speedy 30 Band. Monogram Giant Escale<\/td>\n<\/tr>\n<tr>\n<td class=\"mlb-details-caption\">Colour<\/td>\n<td class=\"mlb-details-value\">Pastell, Bunt<\/td>\n<\/tr>\n<tr>\n<td class=\"mlb-details-caption\">Hardware<\/td>\n<td class=\"mlb-details-value\">Silver<\/td>\n<\/tr>\n<tr>\n<td class=\"mlb-details-caption\">Year<\/td>\n<td class=\"mlb-details-value\">2020<\/td>\n<\/tr>\n<tr>\n<td class=\"mlb-details-caption\">Accessoires<\/td>\n<td class=\"mlb-details-value\">LV-Rechnung, Box, Staubbeutel, abnehmbarer Schulterriemen, Schloss + Schl\u00fcssel im kleinen Staubbeutel, Clochette, LV-Booklet, LV-Materialinfo<\/td>\n<\/tr>\n<tr>\n<td class=\"mlb-details-caption\">Condition<\/td>\n<td class=\"mlb-details-value\">Mint condition<\/td>\n<\/tr>\n<\/tbody>\n<\/table>","protected":false},"featured_media":12631,"template":"","meta":[],"product_brand":[],"product_cat":[87,154,68,1431,85,99],"product_tag":[],"class_list":{"0":"post-12628","1":"product","2":"type-product","3":"status-publish","4":"has-post-thumbnail","6":"product_cat-crossbodytaschen","7":"product_cat-designer","8":"product_cat-handtaschen","9":"product_cat-louisvuitton","10":"product_cat-schultertaschen","11":"product_cat-taschen","12":"product_shipping_class-bis1000","14":"first","15":"outofstock","16":"sold-individually","17":"shipping-taxable","18":"purchasable","19":"product-type-simple"},"_links":{"self":[{"href":"https:\/\/baselle.com\/en\/wp-json\/wp\/v2\/product\/12628","targetHints":{"allow":["GET"]}}],"collection":[{"href":"https:\/\/baselle.com\/en\/wp-json\/wp\/v2\/product"}],"about":[{"href":"https:\/\/baselle.com\/en\/wp-json\/wp\/v2\/types\/product"}],"wp:featuredmedia":[{"embeddable":true,"href":"https:\/\/baselle.com\/en\/wp-json\/wp\/v2\/media\/12631"}],"wp:attachment":[{"href":"https:\/\/baselle.com\/en\/wp-json\/wp\/v2\/media?parent=12628"}],"wp:term":[{"taxonomy":"product_brand","embeddable":true,"href":"https:\/\/baselle.com\/en\/wp-json\/wp\/v2\/product_brand?post=12628"},{"taxonomy":"product_cat","embeddable":true,"href":"https:\/\/baselle.com\/en\/wp-json\/wp\/v2\/product_cat?post=12628"},{"taxonomy":"product_tag","embeddable":true,"href":"https:\/\/baselle.com\/en\/wp-json\/wp\/v2\/product_tag?post=12628"}],"curies":[{"name":"wp","href":"https:\/\/api.w.org\/{rel}","templated":true}]}}