{"id":12580,"date":"2020-04-01T14:31:39","date_gmt":"2020-04-01T12:31:39","guid":{"rendered":"https:\/\/baselle.com\/?post_type=product&#038;p=12580"},"modified":"2020-05-01T18:03:59","modified_gmt":"2020-05-01T16:03:59","slug":"louis-vuitton-twist-mm-epi-bubbles-weiss-12580","status":"publish","type":"product","link":"https:\/\/baselle.com\/en\/product\/louis-vuitton-twist-mm-epi-bubbles-weiss-12580\/","title":{"rendered":"Louis Vuitton Twist MM"},"content":{"rendered":"<p>\n<strong>Louis Vuitton Twist MM Epi Leder Handtasche Beschreibung<\/strong> <\/p>\n<p>Die originale Louis Vuitton Twist MM Epi Leder Handtasche z\u00e4hlt seit dem Jahr 2015 zu den neuen Klassikern des Hauses Louis Vuitton. Sie besticht durch ihr ansprechendes Design und l\u00e4ssige Raffinesse. Die Twist ist nicht nur ein elegantes Modell, sondern auch sehr ger\u00e4umig, so dass sie sowohl tags\u00fcber wie auch als Abendtasche getragen werden kann. Diese strukturierte Handtasche ist aus robustem Epi-Leder gefertigt und verf\u00fcgt \u00fcber eine eckige Silhouette, aufgesetzte Nieten sowie silberfarbene Hardware.<\/p>\n<p>Durch den ikonischen Drehverschluss mit LV-Signatur l\u00e4sst sich die Twist MM zu einem schwarzen Innenfutter aus Mikrofaser \u00f6ffnen. Im Tascheninneren befinden sich zwei Einsteckf\u00e4cher, die perfekt f\u00fcr das Aufbewahren Deiner wichtigsten Dinge sind. Die Twist MM kann \u00fcber der Schulter sowie crossbody getragen werden, so dass maximaler Tragekomfort garantiert ist. Diese wundersch\u00f6ne Schultertasche ist ein elegantes Lieblingsst\u00fcck f\u00fcr den t\u00e4glichen Gebrauch.<\/p>\n<p>Bei diesem angebotenen Modell &#8211; der Louis Vuitton Twist MM Epi Bubble Handtasche &#8211; handelt es sich um eine streng limitierte Rarit\u00e4t aus dem Jahr 2018. Der Neupreis lag bei 2.900 \u20ac.\n<\/p>\n<p>\n<strong>Very good condition:<\/strong><br \/>\nDiese Louis Vuitton Twist MM Leder Handtasche aus zweiter Hand ist insgesamt in einem sehr guten Zustand. Die Tasche wurde mit Sorgfalt getragen, weshalb das Epi Rindsleder in einem gepflegten Zustand ist. Auch die silbernen Hardware-Akzente sowie die aufgesetzten Nieten sind in einem sehr guten Zustand. Das Tascheninnere ist sauber, ohne Ger\u00fcche und weist keine L\u00f6cher\/Risse auf.\n<\/p>\n<p>\n<strong>Style:<\/strong> Shoulder bag, clutch, crossbody<br \/>\n<strong>Size:<\/strong> MM<br \/>\n<strong>Dimensions (approx.):<\/strong> Breite 23 cm * H\u00f6he 17 cm * Tiefe 9,5 cm<br \/>\n<strong>Strap length (approx.):<\/strong> einfach = 115 cm, doppelt = 70 cm\n<\/p>\n<p>\n<strong>Exterior material:<\/strong> Genarbtes Epi Rindsleder<br \/>\n<strong>Interior Material<\/strong> microfibre lining\n<\/p>\n<p>Die Bilder stellen die angebotene Tasche dar und sind Eigentum von MyLovelyBoutique. <\/p>\n<p>Follow us on <a href=\"https:\/\/www.instagram.com\/mylovelyboutique.de\/\" rel=\"noopener noreferrer\" target=\"_blank\"><span style=\"color: #96588a;\">Instagram<\/span><\/a> and get inspired. <\/p>","protected":false},"excerpt":{"rendered":"<table class=\"mlb-product-details\">\n<tbody>\n<tr>\n<td class=\"mlb-details-caption\">Model<\/td>\n<td class=\"mlb-details-value\">Twist MM Epi Bubbles (M54287)<\/td>\n<\/tr>\n<tr>\n<td class=\"mlb-details-caption\">Colour<\/td>\n<td class=\"mlb-details-value\">White<\/td>\n<\/tr>\n<tr>\n<td class=\"mlb-details-caption\">Hardware<\/td>\n<td class=\"mlb-details-value\">Silver<\/td>\n<\/tr>\n<tr>\n<td class=\"mlb-details-caption\">Year<\/td>\n<td class=\"mlb-details-value\">2018<\/td>\n<\/tr>\n<tr>\n<td class=\"mlb-details-caption\">Accessoires<\/td>\n<td class=\"mlb-details-value\">Invoice, box, dustbag<\/td>\n<\/tr>\n<tr>\n<td class=\"mlb-details-caption\">Condition<\/td>\n<td class=\"mlb-details-value\">Very good condition<\/td>\n<\/tr>\n<\/tbody>\n<\/table>","protected":false},"featured_media":12585,"template":"","meta":[],"product_brand":[],"product_cat":[87,154,1431,85,99],"product_tag":[],"class_list":{"0":"post-12580","1":"product","2":"type-product","3":"status-publish","4":"has-post-thumbnail","6":"product_cat-crossbodytaschen","7":"product_cat-designer","8":"product_cat-louisvuitton","9":"product_cat-schultertaschen","10":"product_cat-taschen","12":"first","13":"outofstock","14":"sold-individually","15":"shipping-taxable","16":"purchasable","17":"product-type-simple"},"_links":{"self":[{"href":"https:\/\/baselle.com\/en\/wp-json\/wp\/v2\/product\/12580","targetHints":{"allow":["GET"]}}],"collection":[{"href":"https:\/\/baselle.com\/en\/wp-json\/wp\/v2\/product"}],"about":[{"href":"https:\/\/baselle.com\/en\/wp-json\/wp\/v2\/types\/product"}],"wp:featuredmedia":[{"embeddable":true,"href":"https:\/\/baselle.com\/en\/wp-json\/wp\/v2\/media\/12585"}],"wp:attachment":[{"href":"https:\/\/baselle.com\/en\/wp-json\/wp\/v2\/media?parent=12580"}],"wp:term":[{"taxonomy":"product_brand","embeddable":true,"href":"https:\/\/baselle.com\/en\/wp-json\/wp\/v2\/product_brand?post=12580"},{"taxonomy":"product_cat","embeddable":true,"href":"https:\/\/baselle.com\/en\/wp-json\/wp\/v2\/product_cat?post=12580"},{"taxonomy":"product_tag","embeddable":true,"href":"https:\/\/baselle.com\/en\/wp-json\/wp\/v2\/product_tag?post=12580"}],"curies":[{"name":"wp","href":"https:\/\/api.w.org\/{rel}","templated":true}]}}