{"id":12486,"date":"2020-03-25T15:05:44","date_gmt":"2020-03-25T14:05:44","guid":{"rendered":"https:\/\/baselle.com\/?post_type=product&#038;p=12486"},"modified":"2021-07-13T14:08:45","modified_gmt":"2021-07-13T12:08:45","slug":"louis-vuitton-vaneau-mm-epi-leder-dune-12486","status":"publish","type":"product","link":"https:\/\/baselle.com\/en\/product\/louis-vuitton-vaneau-mm-epi-leder-dune-12486\/","title":{"rendered":"Louis Vuitton Vaneau MM"},"content":{"rendered":"<p>\n<strong>Louis Vuitton Vaneau MM Epi Leder Handtasche Beschreibung<\/strong> <\/p>\n<p>Die originale Louis Vuitton Vaneau MM Epi Leder Handtasche ist eine stilvolle Handtasche, perfekt f\u00fcr die moderne Frau. Mit der eckigen Form und dem ger\u00e4umigen Interieur ist dieses raffinierte Modell ein praktischer und stylischer Alltagsbegleiter. Diese strukturierte Business-Bag ist aus robustem Epi-Leder in Dune gefertigt und verf\u00fcgt \u00fcber ein dezentes LV-Logo, seitliche Druckkn\u00f6pfe, sch\u00fctzende Taschenf\u00fc\u00dfe sowie silberfarbene Hardware. Zudem garantieren die weichen Ledergriffe sowie der abnehmbare Schultergurt maximalen Tragekomfort im Alltag. <\/p>\n<p>Der Zwei-Wege-Rei\u00dfverschluss an der Oberseite \u00f6ffnet sich zu einem beigen Textilinnenfutter mit einem Rei\u00dfverschlussfach und zwei Steckf\u00e4chern, die sich perfekt f\u00fcr das Aufbewahren Deiner wichtigsten Dinge eignen. Zus\u00e4tzlichen Stauraum bietet das gro\u00dfe Einsteckfach auf der Taschen-Vorderseite. Ein elegantes und zugleich praktisches Lieblingsst\u00fcck f\u00fcr den t\u00e4glichen Gebrauch.\n<\/p>\n<p>\n<strong>Mint condition<\/strong><br \/>\nDiese Louis Vuitton Vaneau MM Epi Leder Handtasche aus zweiter Hand ist in einem neuwertigen Zustand. Das Epi Leder, die silberfarbenen Beschl\u00e4ge sowie das Innenfutter sind daher in einem einwandfreien Zustand.\n<\/p>\n<p>\n<strong>Style:<\/strong> Shoulder bag, handbag<br \/>\n<strong>Size:<\/strong> MM<br \/>\n<strong>Dimensions (approx.):<\/strong> Breite 30 cm * H\u00f6he 22 cm * Tiefe 14 cm<br \/>\n<strong>Strap length:<\/strong> 93 cm\n<\/p>\n<p>\n<strong>Exterior material:<\/strong> Genarbtes Epi Rindsleder<br \/>\n<strong>Interior Material<\/strong> fabric lining\n<\/p>\n<p>Die Bilder stellen die angebotene Tasche dar und sind Eigentum von MyLovelyBoutique. <\/p>\n<p>Follow us on <a href=\"https:\/\/www.instagram.com\/mylovelyboutique.de\/\" rel=\"noopener noreferrer\" target=\"_blank\"><span style=\"color: #96588a;\">Instagram<\/span><\/a> and get inspired. <\/p>","protected":false},"excerpt":{"rendered":"<table class=\"mlb-product-details\">\n<tbody>\n<tr>\n<td class=\"mlb-details-caption\">Model<\/td>\n<td class=\"mlb-details-value\">Vaneau MM Epi Leder Dune<\/td>\n<\/tr>\n<tr>\n<td class=\"mlb-details-caption\">Colour<\/td>\n<td class=\"mlb-details-value\">Dune\/Hellbeige<\/td>\n<\/tr>\n<tr>\n<td class=\"mlb-details-caption\">Hardware<\/td>\n<td class=\"mlb-details-value\">Silver<\/td>\n<\/tr>\n<tr>\n<td class=\"mlb-details-caption\">Year<\/td>\n<td class=\"mlb-details-value\">2016<\/td>\n<\/tr>\n<tr>\n<td class=\"mlb-details-caption\">Accessoires<\/td>\n<td class=\"mlb-details-value\">Staubbeutel, abnehmbarer Schulterriemen, Clochette mit Schl\u00fcsselring, LV-Booklet<\/td>\n<\/tr>\n<tr>\n<td class=\"mlb-details-caption\">Condition<\/td>\n<td class=\"mlb-details-value\">Mint condition<\/td>\n<\/tr>\n<\/tbody>\n<\/table>","protected":false},"featured_media":12489,"template":"","meta":[],"product_brand":[],"product_cat":[154,68,1431,85,99],"product_tag":[],"class_list":{"0":"post-12486","1":"product","2":"type-product","3":"status-publish","4":"has-post-thumbnail","6":"product_cat-designer","7":"product_cat-handtaschen","8":"product_cat-louisvuitton","9":"product_cat-schultertaschen","10":"product_cat-taschen","11":"product_shipping_class-bis1000","13":"first","14":"outofstock","15":"sold-individually","16":"shipping-taxable","17":"purchasable","18":"product-type-simple"},"_links":{"self":[{"href":"https:\/\/baselle.com\/en\/wp-json\/wp\/v2\/product\/12486","targetHints":{"allow":["GET"]}}],"collection":[{"href":"https:\/\/baselle.com\/en\/wp-json\/wp\/v2\/product"}],"about":[{"href":"https:\/\/baselle.com\/en\/wp-json\/wp\/v2\/types\/product"}],"wp:featuredmedia":[{"embeddable":true,"href":"https:\/\/baselle.com\/en\/wp-json\/wp\/v2\/media\/12489"}],"wp:attachment":[{"href":"https:\/\/baselle.com\/en\/wp-json\/wp\/v2\/media?parent=12486"}],"wp:term":[{"taxonomy":"product_brand","embeddable":true,"href":"https:\/\/baselle.com\/en\/wp-json\/wp\/v2\/product_brand?post=12486"},{"taxonomy":"product_cat","embeddable":true,"href":"https:\/\/baselle.com\/en\/wp-json\/wp\/v2\/product_cat?post=12486"},{"taxonomy":"product_tag","embeddable":true,"href":"https:\/\/baselle.com\/en\/wp-json\/wp\/v2\/product_tag?post=12486"}],"curies":[{"name":"wp","href":"https:\/\/api.w.org\/{rel}","templated":true}]}}