{"id":12305,"date":"2020-03-14T12:33:13","date_gmt":"2020-03-14T11:33:13","guid":{"rendered":"https:\/\/baselle.com\/?post_type=product&#038;p=12305"},"modified":"2020-06-11T10:44:26","modified_gmt":"2020-06-11T08:44:26","slug":"louis-vuitton-mazarine-mm-schwarz-12305","status":"publish","type":"product","link":"https:\/\/baselle.com\/en\/product\/louis-vuitton-mazarine-mm-schwarz-12305\/","title":{"rendered":"Louis Vuitton Mazarine MM"},"content":{"rendered":"<p>\n<strong>Louis Vuitton Mazarine MM Mon. Empreinte Leder Handtasche Beschreibung<\/strong> <\/p>\n<p>Die originale Louis Vuitton Mazarine MM Mon. Empreinte Leder Handtasche ist ein elegantes Lieblingsst\u00fcck f\u00fcr die moderne Frau. Mit der trapezf\u00f6rmigen Silhouette und dem ger\u00e4umigen Interieur ist diese strukturierte Business-Tote ein praktischer und stylischer Alltagsbegleiter. Sie ist aus charakteristischem Monogram Empreinte Rindsleder gefertigt und verf\u00fcgt \u00fcber goldfarbene Hardware-Akzente, sch\u00fctzende Taschenf\u00fc\u00dfe sowie doppelt gerollte Ledergriffe. <\/p>\n<p>Der Rei\u00dfverschluss und ein zus\u00e4tzlicher Magnetverschluss in der Mitte \u00f6ffnen sich zu einem schwarz-grauen Textilinnenfutter mit einem gro\u00dfen und zwei kleineren aufgesetzten Steckf\u00e4chern. Der abnehmbare, f\u00fcnffach verstellbare Schulterriemen garantiert Dir maximalen Tragekomfort im Alltag. Die Mazarine MM kann bequem an der Hand, \u00fcber der Schulter oder auch diagonal am K\u00f6rper getragen werden. Dies macht aus diesem schicken Modell eine Favourite-Bag f\u00fcr Arbeit und Alltag.\n<\/p>\n<p>\n<strong>Very good condition:<\/strong><br \/>\nDiese Louis Vuitton Mazarine MM Mon. Empreinte Leder Handtasche aus zweiter Hand ist insgesamt in einem sehr guten Zustand. Das gepr\u00e4gte Rindsleder, auch die Taschenecken, sind rundum in einem einwandfreien Zustand. Die goldfarbenen Hardware-Akzente sind in einem sch\u00f6nen Zustand. Auch das Tascheninnere ist sauber, ohne Ger\u00fcche und weist keine L\u00f6cher\/Risse auf.\n<\/p>\n<p>\n<strong>Style:<\/strong> Schulter-\/Handtasche, Tote, Crossbody<br \/>\n<strong>Size:<\/strong> MM<br \/>\n<strong>Dimensions (approx.):<\/strong> Breite 38 cm (oben)\/ Breite 30 cm (unten) * H\u00f6he 26 cm * Tiefe 18 cm<br \/>\n<strong>Strap length (approx.):<\/strong> min. 102 cm, max. 113 cm\n<\/p>\n<p>\n<strong>Exterior material:<\/strong> Grained cowhide leather<br \/>\n<strong>Interior Material<\/strong> fabric lining\n<\/p>\n<p>The pictures represent the offered bag. The picture rights are held by MyLovelyBoutique.com. <\/p>\n<p>Follow us on <a href=\"https:\/\/www.instagram.com\/mylovelyboutique.de\/\" rel=\"noopener noreferrer\" target=\"_blank\"><span style=\"color: #96588a;\">Instagram<\/span><\/a> and get inspired. <\/p>","protected":false},"excerpt":{"rendered":"<table class=\"mlb-product-details\">\n<tbody>\n<tr>\n<td class=\"mlb-details-caption\">Model<\/td>\n<td class=\"mlb-details-value\">Louis Vuitton Mazarine MM Mon. Empreinte (M50643)<\/td>\n<\/tr>\n<tr>\n<td class=\"mlb-details-caption\">Colour<\/td>\n<td class=\"mlb-details-value\">Black<\/td>\n<\/tr>\n<tr>\n<td class=\"mlb-details-caption\">Hardware<\/td>\n<td class=\"mlb-details-value\">Gold<\/td>\n<\/tr>\n<tr>\n<td class=\"mlb-details-caption\">Year<\/td>\n<td class=\"mlb-details-value\">2015<\/td>\n<\/tr>\n<tr>\n<td class=\"mlb-details-caption\">Accessoires<\/td>\n<td class=\"mlb-details-value\">LV-Rechnung, Box, Staubbeutel, Schulterriemen, LV-Booklet, LV-Materialinfo, LV-Produktinfo<\/td>\n<\/tr>\n<tr>\n<td class=\"mlb-details-caption\">Condition<\/td>\n<td class=\"mlb-details-value\">Very good condition<\/td>\n<\/tr>\n<\/tbody>\n<\/table>","protected":false},"featured_media":12308,"template":"","meta":[],"product_brand":[],"product_cat":[154,68,1431,85,99],"product_tag":[],"class_list":{"0":"post-12305","1":"product","2":"type-product","3":"status-publish","4":"has-post-thumbnail","6":"product_cat-designer","7":"product_cat-handtaschen","8":"product_cat-louisvuitton","9":"product_cat-schultertaschen","10":"product_cat-taschen","11":"product_shipping_class-bis1000","13":"first","14":"outofstock","15":"sold-individually","16":"shipping-taxable","17":"purchasable","18":"product-type-simple"},"_links":{"self":[{"href":"https:\/\/baselle.com\/en\/wp-json\/wp\/v2\/product\/12305","targetHints":{"allow":["GET"]}}],"collection":[{"href":"https:\/\/baselle.com\/en\/wp-json\/wp\/v2\/product"}],"about":[{"href":"https:\/\/baselle.com\/en\/wp-json\/wp\/v2\/types\/product"}],"wp:featuredmedia":[{"embeddable":true,"href":"https:\/\/baselle.com\/en\/wp-json\/wp\/v2\/media\/12308"}],"wp:attachment":[{"href":"https:\/\/baselle.com\/en\/wp-json\/wp\/v2\/media?parent=12305"}],"wp:term":[{"taxonomy":"product_brand","embeddable":true,"href":"https:\/\/baselle.com\/en\/wp-json\/wp\/v2\/product_brand?post=12305"},{"taxonomy":"product_cat","embeddable":true,"href":"https:\/\/baselle.com\/en\/wp-json\/wp\/v2\/product_cat?post=12305"},{"taxonomy":"product_tag","embeddable":true,"href":"https:\/\/baselle.com\/en\/wp-json\/wp\/v2\/product_tag?post=12305"}],"curies":[{"name":"wp","href":"https:\/\/api.w.org\/{rel}","templated":true}]}}