{"id":12166,"date":"2020-03-01T11:13:42","date_gmt":"2020-03-01T10:13:42","guid":{"rendered":"https:\/\/baselle.com\/?post_type=product&#038;p=12166"},"modified":"2020-05-15T14:10:49","modified_gmt":"2020-05-15T12:10:49","slug":"louis-vuitton-trunk-clutch-12166","status":"publish","type":"product","link":"https:\/\/baselle.com\/en\/product\/louis-vuitton-trunk-clutch-12166\/","title":{"rendered":"Louis Vuitton Trunk Clutch"},"content":{"rendered":"<p>\n<strong>Louis Vuitton Trunk Clutch Monogram Canvas Handbag Description<\/strong><\/p>\n<p>Die originale Louis Vuitton Trunk Clutch Monogram Canvas Handtasche ist ein unverkennbares Modell, dessen Design an die Geschichte von Louis Vuitton erinnert. Inspiriert von dem Erbe des Hauses als Kofferhersteller besticht die Trunk Clutch durch ikonische und modernen Linien. Sie verf\u00fcgt \u00fcber eine eckige Silhouette, goldfarbene Beschl\u00e4ge, ein oversized S-Schloss mit LV-Signatur und zwei aufgesetzte Zierschl\u00f6sser. <\/p>\n<p>Das S-Schloss sowie der Rei\u00dfverschluss \u00f6ffnen sich zu einem hellbeigen Lederfutter mit Malletage-Motiv. Dieses ist unterteilt in zwei separate Innenf\u00e4cher und ein Steckfach. Die Louis Vuitton Trunk Clutch kann an der Hand oder durch den abnehmbaren, f\u00fcnffach verstellbaren Schulterriemen bequem \u00fcber der Schulter sowie diagonal am K\u00f6rper getragen werden. Ob f\u00fcr die untertags oder als elegantes Abend-Accessoire, dieses klassische Modell eignet sich f\u00fcr zahlreiche Anl\u00e4sse.\n<\/p>\n<p>\n<strong>Mint condition<\/strong><br \/>\nDiese Louis Vuitton Trunk Clutch Monogram Canvas Handtasche aus zweiter Hand ist in einem neuwertigen Zustand ohne Gebrauchspuren. Das beschichtete Monogram Canvas, die Kalbslederbes\u00e4tze, die goldfarbenen Beschl\u00e4ge sowie das Innenfutter sind in einem einwandfreien Zustand.\n<\/p>\n<p>\n<strong>Style:<\/strong> Shoulder bag, handbag, crossbody<br \/>\n<strong>Size:<\/strong> NM<br \/>\n<strong>Dimensions (approx.):<\/strong> width 20 cm * height 12 cm * depth 5,5 cm<br \/>\n<strong>Strap length (approx.):<\/strong> min. 116 cm, max. 126 cm\n<\/p>\n<p>\n<strong>Exterior material:<\/strong> Canvas, Calfskin<br \/>\n<strong>Interior Material<\/strong> Sheepskin\n<\/p>\n<p>The pictures represent the offered bag. The picture rights are held by MyLovelyBoutique.com. <\/p>\n<p>Follow us on <a href=\"https:\/\/www.instagram.com\/mylovelyboutique.de\/\" rel=\"noopener noreferrer\" target=\"_blank\"><span style=\"color: #96588a;\">Instagram<\/span><\/a> and get inspired. <\/p>","protected":false},"excerpt":{"rendered":"<table class=\"mlb-product-details\">\n<tbody>\n<tr>\n<td class=\"mlb-details-caption\">Model<\/td>\n<td class=\"mlb-details-value\">Trunk Clutch (M43596)<\/td>\n<\/tr>\n<tr>\n<td class=\"mlb-details-caption\">Colour<\/td>\n<td class=\"mlb-details-value\">Brown, Black<\/td>\n<\/tr>\n<tr>\n<td class=\"mlb-details-caption\">Hardware<\/td>\n<td class=\"mlb-details-value\">Gold, black<\/td>\n<\/tr>\n<tr>\n<td class=\"mlb-details-caption\">Year<\/td>\n<td class=\"mlb-details-value\">2019<\/td>\n<\/tr>\n<tr>\n<td class=\"mlb-details-caption\">Accessoires<\/td>\n<td class=\"mlb-details-value\">Rechnung, Box, Staubbeutel, abnehmbarer Schultterriemen, LV-Booklet, LV-Materialinfo<\/td>\n<\/tr>\n<tr>\n<td class=\"mlb-details-caption\">Condition<\/td>\n<td class=\"mlb-details-value\">Mint condition<\/td>\n<\/tr>\n<\/tbody>\n<\/table>","protected":false},"featured_media":12169,"template":"","meta":[],"product_brand":[],"product_cat":[87,154,86,1431,99],"product_tag":[],"class_list":{"0":"post-12166","1":"product","2":"type-product","3":"status-publish","4":"has-post-thumbnail","6":"product_cat-crossbodytaschen","7":"product_cat-designer","8":"product_cat-kleinetaschen","9":"product_cat-louisvuitton","10":"product_cat-taschen","12":"first","13":"outofstock","14":"sold-individually","15":"shipping-taxable","16":"purchasable","17":"product-type-simple"},"_links":{"self":[{"href":"https:\/\/baselle.com\/en\/wp-json\/wp\/v2\/product\/12166","targetHints":{"allow":["GET"]}}],"collection":[{"href":"https:\/\/baselle.com\/en\/wp-json\/wp\/v2\/product"}],"about":[{"href":"https:\/\/baselle.com\/en\/wp-json\/wp\/v2\/types\/product"}],"wp:featuredmedia":[{"embeddable":true,"href":"https:\/\/baselle.com\/en\/wp-json\/wp\/v2\/media\/12169"}],"wp:attachment":[{"href":"https:\/\/baselle.com\/en\/wp-json\/wp\/v2\/media?parent=12166"}],"wp:term":[{"taxonomy":"product_brand","embeddable":true,"href":"https:\/\/baselle.com\/en\/wp-json\/wp\/v2\/product_brand?post=12166"},{"taxonomy":"product_cat","embeddable":true,"href":"https:\/\/baselle.com\/en\/wp-json\/wp\/v2\/product_cat?post=12166"},{"taxonomy":"product_tag","embeddable":true,"href":"https:\/\/baselle.com\/en\/wp-json\/wp\/v2\/product_tag?post=12166"}],"curies":[{"name":"wp","href":"https:\/\/api.w.org\/{rel}","templated":true}]}}