{"id":12145,"date":"2020-02-26T11:43:29","date_gmt":"2020-02-26T10:43:29","guid":{"rendered":"https:\/\/baselle.com\/?post_type=product&#038;p=12145"},"modified":"2020-03-14T12:34:41","modified_gmt":"2020-03-14T11:34:41","slug":"louis-vuitton-onthego-mm-monogram-canvas-12145","status":"publish","type":"product","link":"https:\/\/baselle.com\/en\/product\/louis-vuitton-onthego-mm-monogram-canvas-12145\/","title":{"rendered":"Louis Vuitton Onthego MM"},"content":{"rendered":"<p>\n<strong>Louis Vuitton Onthego MM Monogram Canvas Handtasche Beschreibung<\/strong><\/p>\n<p>Die originale Louis Vuitton Onthego MM Monogram Canvas Handtasche ist ein stilvolles Modell f\u00fcr die viel besch\u00e4ftigte Frau. Durch ihr leichtes Gewicht ist sie die perfekte Begleitung f\u00fcr ausgewogene Shopping Tage sowie f\u00fcrs B\u00fcro. Sie besticht durch den Mix aus beschichtetem Monogram und Monogram Reverse Canvas und verf\u00fcgt \u00fcber goldfarbene Hardware-Akzente, doppelt gerollte Griffe sowie zwei Schulterriemen. <\/p>\n<p>Der Karabinerverschluss \u00f6ffnet sich zu einem roten Innenraum mit einem Rei\u00dfverschlussfach und zwei Steckf\u00e4chern f\u00fcr die Aufbewahrung von Dingen des t\u00e4glichen Bedarfs.\n<\/p>\n<p>\n<strong>Mint condition<\/strong><br \/>\nDiese Louis Vuitton Onthego MM Monogram Canvas Handtasche aus zweiter Hand ist in einem neuwertigen Zustand. Sie wurde im Januar 2020 gekauft und riecht daher noch wie neu. Das beschichtete Monogram Canvas, die goldfarbenen Beschl\u00e4ge sowie das Innenfutter sind in einem einwandfreien Zustand.\n<\/p>\n<p>\n<strong>Style:<\/strong> shoulder bag, handbag<br \/>\n<strong>Size:<\/strong> MM<br \/>\n<strong>Dimensions (approx.):<\/strong> width 34 cm * height 26 cm * depth 13 cm\n<\/p>\n<p>\n<strong>Exterior material:<\/strong> Monogram beschichtetes Canvas<br \/>\n<strong>Interior Material<\/strong> fabric lining\n<\/p>\n<p>The pictures represent the offered bag. The picture rights are held by MyLovelyBoutique.com.<\/p>\n<p>Follow us on <a href=\"https:\/\/www.instagram.com\/mylovelyboutique.de\/\" rel=\"noopener noreferrer\" target=\"_blank\"><span style=\"color: #96588a;\">Instagram<\/span><\/a> and get inspired. <\/p>","protected":false},"excerpt":{"rendered":"<table class=\"mlb-product-details\">\n<tbody>\n<tr>\n<td class=\"mlb-details-caption\">Model<\/td>\n<td class=\"mlb-details-value\">Onthego MM (M45039)<\/td>\n<\/tr>\n<tr>\n<td class=\"mlb-details-caption\">Colour<\/td>\n<td class=\"mlb-details-value\">Brown<\/td>\n<\/tr>\n<tr>\n<td class=\"mlb-details-caption\">Hardware<\/td>\n<td class=\"mlb-details-value\">Gold<\/td>\n<\/tr>\n<tr>\n<td class=\"mlb-details-caption\">Year<\/td>\n<td class=\"mlb-details-value\">2020<\/td>\n<\/tr>\n<tr>\n<td class=\"mlb-details-caption\">Accessoires<\/td>\n<td class=\"mlb-details-value\">Rechnung, Box, Staubbeutel, LV-Booklet<\/td>\n<\/tr>\n<tr>\n<td class=\"mlb-details-caption\">Condition<\/td>\n<td class=\"mlb-details-value\">Mint condition<\/td>\n<\/tr>\n<\/tbody>\n<\/table>","protected":false},"featured_media":12148,"template":"","meta":[],"product_brand":[],"product_cat":[154,68,1431,85,99],"product_tag":[],"class_list":{"0":"post-12145","1":"product","2":"type-product","3":"status-publish","4":"has-post-thumbnail","6":"product_cat-designer","7":"product_cat-handtaschen","8":"product_cat-louisvuitton","9":"product_cat-schultertaschen","10":"product_cat-taschen","11":"product_shipping_class-bis1000","13":"first","14":"outofstock","15":"sold-individually","16":"shipping-taxable","17":"purchasable","18":"product-type-simple"},"_links":{"self":[{"href":"https:\/\/baselle.com\/en\/wp-json\/wp\/v2\/product\/12145","targetHints":{"allow":["GET"]}}],"collection":[{"href":"https:\/\/baselle.com\/en\/wp-json\/wp\/v2\/product"}],"about":[{"href":"https:\/\/baselle.com\/en\/wp-json\/wp\/v2\/types\/product"}],"wp:featuredmedia":[{"embeddable":true,"href":"https:\/\/baselle.com\/en\/wp-json\/wp\/v2\/media\/12148"}],"wp:attachment":[{"href":"https:\/\/baselle.com\/en\/wp-json\/wp\/v2\/media?parent=12145"}],"wp:term":[{"taxonomy":"product_brand","embeddable":true,"href":"https:\/\/baselle.com\/en\/wp-json\/wp\/v2\/product_brand?post=12145"},{"taxonomy":"product_cat","embeddable":true,"href":"https:\/\/baselle.com\/en\/wp-json\/wp\/v2\/product_cat?post=12145"},{"taxonomy":"product_tag","embeddable":true,"href":"https:\/\/baselle.com\/en\/wp-json\/wp\/v2\/product_tag?post=12145"}],"curies":[{"name":"wp","href":"https:\/\/api.w.org\/{rel}","templated":true}]}}