{"id":12110,"date":"2020-02-25T13:38:56","date_gmt":"2020-02-25T12:38:56","guid":{"rendered":"https:\/\/baselle.com\/?post_type=product&#038;p=12110"},"modified":"2020-03-14T12:34:48","modified_gmt":"2020-03-14T11:34:48","slug":"chanel-coco-boy-camera-bag-12110","status":"publish","type":"product","link":"https:\/\/baselle.com\/en\/product\/chanel-coco-boy-camera-bag-12110\/","title":{"rendered":"CHANEL Camera Bag"},"content":{"rendered":"<p><strong>CHANEL Coco Boy Camera Bag Handtasche Beschreibung<\/strong><\/p>\n<p>Die originale CHANEL Coco Boy Camera Bag Handtasche ist eine komfortable und moderne Handtasche, die sich sowohl f\u00fcr untertags wie auch als Abendtasche eignet. Sie bietet genug Platz f\u00fcr Smartphone, Portemonnaie, Schl\u00fcssel, Lippenstift und Taschenspiegel. Die Camera Bag ist aus rotem Lammleder mit diagonalen und diamantierten Steppdetails gefertigt und verf\u00fcgt \u00fcber gewebte Kettenriemen mit Lederpolster, einen oversized CC-Anh\u00e4nger und silberfarbene Hardware-Akzente.<\/p>\n<p>Die Zwei-Wege-Rei\u00dfverschlussf\u00e4cher \u00f6ffnen sich zu einem burgunderroten, mit Stoff ausgekleideten Innenraum mit zwei seitlichen Rei\u00dfverschlusstaschen und einem Steckfach. Die Coco Boy Camera Bag kann \u00fcber der Schulter sowie Crossbody getragen werden, so dass maximaler Tragekomfort garantiert ist. <\/p>\n<p><strong>Very good condition:<\/strong><br \/>\nDiese CHANEL Coco Boy Camera Bag Handtasche aus zweiter Hand ist insgesamt in einem sehr guten Zustand. Die Tasche wurde selten und mit Sorgfalt getragen. Das Lammleder &#8211; auch die Taschenecken &#8211; sind in einem gepflegten Zustand. Das Tascheninnere ist sauber, ohne Ger\u00fcche und weist keine L\u00f6cher\/Risse auf. Die silberfarbenen Hardware-Akzente sind in einem einwandfreien Zustand.<\/p>\n<p><strong>Style:<\/strong> Shoulder bag, clutch, crossbody<br \/>\n<strong>Size:<\/strong> Small<br \/>\n<strong>Dimensions (approx.):<\/strong> Breite 20 cm * H\u00f6he 12 cm * Tiefe 9 cm<br \/>\n<strong>Shoulder chain:<\/strong> 118 cm<\/p>\n<p><strong>Exterior material:<\/strong> Lambskin leather<br \/>\n<strong>Interior Material<\/strong> fabric lining<\/p>\n<p>The pictures represent the offered bag. The picture rights are held by MyLovelyBoutique.com.<\/p>\n<p>Follow us on <a href=\"https:\/\/www.instagram.com\/mylovelyboutique.de\/\" rel=\"noopener noreferrer\" target=\"_blank\"><span style=\"color: #96588a;\">Instagram<\/span><\/a> and get inspired. <\/p>","protected":false},"excerpt":{"rendered":"<table class=\"mlb-product-details\">\n<tbody>\n<tr>\n<td class=\"mlb-details-caption\">Model<\/td>\n<td class=\"mlb-details-value\">Coco Boy Small Camera Bag<\/td>\n<\/tr>\n<tr>\n<td class=\"mlb-details-caption\">Colour<\/td>\n<td class=\"mlb-details-value\">Red<\/td>\n<\/tr>\n<tr>\n<td class=\"mlb-details-caption\">Hardware<\/td>\n<td class=\"mlb-details-value\">Silver with ruthenium finish<\/td>\n<\/tr>\n<tr>\n<td class=\"mlb-details-caption\">Year<\/td>\n<td class=\"mlb-details-value\">2015<\/td>\n<\/tr>\n<tr>\n<td class=\"mlb-details-caption\">Accessoires<\/td>\n<td class=\"mlb-details-value\">Dustbag, serialnumber with hologram<\/td>\n<\/tr>\n<tr>\n<td class=\"mlb-details-caption\">Condition<\/td>\n<td class=\"mlb-details-value\">Very good condition<\/td>\n<\/tr>\n<\/tbody>\n<\/table>","protected":false},"featured_media":12111,"template":"","meta":[],"product_brand":[],"product_cat":[1430,87,154,86,99],"product_tag":[],"class_list":{"0":"post-12110","1":"product","2":"type-product","3":"status-publish","4":"has-post-thumbnail","6":"product_cat-chanel","7":"product_cat-crossbodytaschen","8":"product_cat-designer","9":"product_cat-kleinetaschen","10":"product_cat-taschen","11":"product_shipping_class-bis1000","13":"first","14":"outofstock","15":"sold-individually","16":"shipping-taxable","17":"purchasable","18":"product-type-simple"},"_links":{"self":[{"href":"https:\/\/baselle.com\/en\/wp-json\/wp\/v2\/product\/12110","targetHints":{"allow":["GET"]}}],"collection":[{"href":"https:\/\/baselle.com\/en\/wp-json\/wp\/v2\/product"}],"about":[{"href":"https:\/\/baselle.com\/en\/wp-json\/wp\/v2\/types\/product"}],"wp:featuredmedia":[{"embeddable":true,"href":"https:\/\/baselle.com\/en\/wp-json\/wp\/v2\/media\/12111"}],"wp:attachment":[{"href":"https:\/\/baselle.com\/en\/wp-json\/wp\/v2\/media?parent=12110"}],"wp:term":[{"taxonomy":"product_brand","embeddable":true,"href":"https:\/\/baselle.com\/en\/wp-json\/wp\/v2\/product_brand?post=12110"},{"taxonomy":"product_cat","embeddable":true,"href":"https:\/\/baselle.com\/en\/wp-json\/wp\/v2\/product_cat?post=12110"},{"taxonomy":"product_tag","embeddable":true,"href":"https:\/\/baselle.com\/en\/wp-json\/wp\/v2\/product_tag?post=12110"}],"curies":[{"name":"wp","href":"https:\/\/api.w.org\/{rel}","templated":true}]}}